{"id":151693,"date":"2025-12-18T05:29:11","date_gmt":"2025-12-18T02:29:11","guid":{"rendered":"https:\/\/baldumarket.lt\/?post_type=product&#038;p=151693"},"modified":"2026-02-03T23:34:06","modified_gmt":"2026-02-03T20:34:06","slug":"lozko-kontynentalne-lucio-180x200-gr1","status":"publish","type":"product","link":"https:\/\/baldumarket.lt\/lt\/product\/lozko-kontynentalne-lucio-180x200-gr1\/","title":{"rendered":"Kontinentin\u0117 lova Lucio 180&#215;200 Gr1"},"content":{"rendered":"<h5><span style=\"color: #54859b\">Apsilankykite m\u016bs\u0173 virtualioje WERSAL prek\u0117s \u017eenklo parduotuv\u0117je<\/span><\/h5>\n<p> <a href=\"https:\/\/my.matterport.com\/show\/?m=SjRhosZFbQJ\" target=\"_blank\" rel=\"noopener\"><span style=\"color: #e47025\">https:\/\/my.matterport.com\/<\/span><\/a><\/p>\n<p>Eleganti\u0161ka ir tvirtos konstrukcijos \u201eLucio\u201c kontinentin\u0117 lova, kurios matmenys<\/p>\n<p>180 \u00d7 200 cm \u2013 tai komforto ir modernaus dizaino kvintesencija. \u012erengta<\/p>\n<p>auk\u0161tas, apmu\u0161tas galv\u016bgalis garantuoja stabili\u0105 atram\u0105 ir yra<\/p>\n<p>ak\u012f traukiantis dekoratyvinis elementas bet kuriame miegamajame. Lovos r\u0117mas, paremtas<\/p>\n<p>plonomis metalin\u0117mis kojel\u0117mis u\u017etikrina tinkam\u0105 \u010diu\u017einio v\u0117dinim\u0105 ir<\/p>\n<p>pagerina bendr\u0105 gaminio estetik\u0105. Lova si\u016bloma \u012fvairi\u0173 spalv\u0173<\/p>\n<p>platus apdailos ir spalv\u0173 pasirinkimas, leid\u017eiantis idealiai der\u0117ti<\/p>\n<p>pagal individualius pageidavimus ir interjero dizain\u0105.<\/p>\n<p>Matmenys:<\/p>","protected":false},"excerpt":{"rendered":"<p>Plotis: 200 cm<br \/>\n\u016agis: 121 cm<br \/>\nGylis: 215 cm<br \/>\nMiegamoji erdv\u0117: 180 \u00d7 200 cm<\/p>","protected":false},"featured_media":151742,"comment_status":"open","ping_status":"closed","template":"","meta":[],"product_brand":[],"product_cat":[9391,505,1972,514,4104],"product_tag":[],"class_list":{"0":"post-151693","1":"product","2":"type-product","3":"status-publish","4":"has-post-thumbnail","6":"product_cat-dream-wersal-upholstered-furniture","7":"product_cat-bedroom-beds","8":"product_cat-beds-180x200","9":"product_cat-continental-beds","10":"product_cat-wersal","12":"first","13":"instock","14":"shipping-taxable","15":"purchasable","16":"product-type-variable","17":"wvs-archive-product-wrapper"},"_links":{"self":[{"href":"https:\/\/baldumarket.lt\/lt\/wp-json\/wp\/v2\/product\/151693","targetHints":{"allow":["GET"]}}],"collection":[{"href":"https:\/\/baldumarket.lt\/lt\/wp-json\/wp\/v2\/product"}],"about":[{"href":"https:\/\/baldumarket.lt\/lt\/wp-json\/wp\/v2\/types\/product"}],"replies":[{"embeddable":true,"href":"https:\/\/baldumarket.lt\/lt\/wp-json\/wp\/v2\/comments?post=151693"}],"wp:featuredmedia":[{"embeddable":true,"href":"https:\/\/baldumarket.lt\/lt\/wp-json\/wp\/v2\/media\/151742"}],"wp:attachment":[{"href":"https:\/\/baldumarket.lt\/lt\/wp-json\/wp\/v2\/media?parent=151693"}],"wp:term":[{"taxonomy":"product_brand","embeddable":true,"href":"https:\/\/baldumarket.lt\/lt\/wp-json\/wp\/v2\/product_brand?post=151693"},{"taxonomy":"product_cat","embeddable":true,"href":"https:\/\/baldumarket.lt\/lt\/wp-json\/wp\/v2\/product_cat?post=151693"},{"taxonomy":"product_tag","embeddable":true,"href":"https:\/\/baldumarket.lt\/lt\/wp-json\/wp\/v2\/product_tag?post=151693"}],"curies":[{"name":"wp","href":"https:\/\/api.w.org\/{rel}","templated":true}]}}