{"id":151677,"date":"2025-12-18T05:28:46","date_gmt":"2025-12-18T02:28:46","guid":{"rendered":"https:\/\/baldumarket.lt\/?post_type=product&#038;p=151677"},"modified":"2026-02-03T23:34:06","modified_gmt":"2026-02-03T20:34:06","slug":"lozko-kontynentalne-madden-140x200-gr1","status":"publish","type":"product","link":"https:\/\/baldumarket.lt\/lt\/product\/lozko-kontynentalne-madden-140x200-gr1\/","title":{"rendered":"Madden kontinentin\u0117 lova 140\u00d7200 Gr1"},"content":{"rendered":"<h5><span style=\"color: #54859b\">Apsilankykite m\u016bs\u0173 virtualioje WERSAL prek\u0117s \u017eenklo parduotuv\u0117je<\/span><\/h5>\n<p> <a href=\"https:\/\/my.matterport.com\/show\/?m=SjRhosZFbQJ\" target=\"_blank\" rel=\"noopener\"><span style=\"color: #e47025\">https:\/\/my.matterport.com\/<\/span><\/a><\/p>\n<p>Ma\u017eesniems miegamiesiems puikiai tinka \u201eMadden\u201c kontinentin\u0117 lova, kurios matmenys<br \/>\n140 \u00d7 200 cm dyd\u017eio, kompakti\u0161ki matmenys dera su rafinuotu stiliumi. Eleganti\u0161kas,<br \/>\nProporcingai reguliuojamas galv\u016bgalis sukuria jauki\u0105 atmosfer\u0105, o<br \/>\nTvirta pagrind\u0173 konstrukcija u\u017etikrina ilgalaik\u012f \u010diu\u017einio palaikym\u0105.<br \/>\nGalimyb\u0117 rinktis i\u0161 plataus med\u017eiag\u0173 ir atspalvi\u0173 asortimento leid\u017eia<br \/>\nJums susikurti asmenin\u0119 poilsio oaz\u0119. Kainoje n\u0117ra u\u017etiesalo.<br \/>\nMatmenys:<\/p>","protected":false},"excerpt":{"rendered":"<p>Plotis: 169 cm<br \/>\n\u016agis: 133 cm<br \/>\nGylis: 213 cm<br \/>\nMiegamasis plotas: 140 \u00d7 200 cm<\/p>","protected":false},"featured_media":151735,"comment_status":"open","ping_status":"closed","template":"","meta":[],"product_brand":[],"product_cat":[9391,505,1970,514,4104],"product_tag":[],"class_list":{"0":"post-151677","1":"product","2":"type-product","3":"status-publish","4":"has-post-thumbnail","6":"product_cat-dream-wersal-upholstered-furniture","7":"product_cat-bedroom-beds","8":"product_cat-beds-140x200","9":"product_cat-continental-beds","10":"product_cat-wersal","12":"first","13":"instock","14":"shipping-taxable","15":"purchasable","16":"product-type-variable","17":"wvs-archive-product-wrapper"},"_links":{"self":[{"href":"https:\/\/baldumarket.lt\/lt\/wp-json\/wp\/v2\/product\/151677","targetHints":{"allow":["GET"]}}],"collection":[{"href":"https:\/\/baldumarket.lt\/lt\/wp-json\/wp\/v2\/product"}],"about":[{"href":"https:\/\/baldumarket.lt\/lt\/wp-json\/wp\/v2\/types\/product"}],"replies":[{"embeddable":true,"href":"https:\/\/baldumarket.lt\/lt\/wp-json\/wp\/v2\/comments?post=151677"}],"wp:featuredmedia":[{"embeddable":true,"href":"https:\/\/baldumarket.lt\/lt\/wp-json\/wp\/v2\/media\/151735"}],"wp:attachment":[{"href":"https:\/\/baldumarket.lt\/lt\/wp-json\/wp\/v2\/media?parent=151677"}],"wp:term":[{"taxonomy":"product_brand","embeddable":true,"href":"https:\/\/baldumarket.lt\/lt\/wp-json\/wp\/v2\/product_brand?post=151677"},{"taxonomy":"product_cat","embeddable":true,"href":"https:\/\/baldumarket.lt\/lt\/wp-json\/wp\/v2\/product_cat?post=151677"},{"taxonomy":"product_tag","embeddable":true,"href":"https:\/\/baldumarket.lt\/lt\/wp-json\/wp\/v2\/product_tag?post=151677"}],"curies":[{"name":"wp","href":"https:\/\/api.w.org\/{rel}","templated":true}]}}