{"id":151675,"date":"2025-12-18T05:28:45","date_gmt":"2025-12-18T02:28:45","guid":{"rendered":"https:\/\/baldumarket.lt\/?post_type=product&#038;p=151675"},"modified":"2026-02-03T23:34:06","modified_gmt":"2026-02-03T20:34:06","slug":"lozko-kontynentalne-madden-160x200-gr1","status":"publish","type":"product","link":"https:\/\/baldumarket.lt\/lt\/product\/lozko-kontynentalne-madden-160x200-gr1\/","title":{"rendered":"Madden kontinentin\u0117 lova 160&#215;200 Gr1"},"content":{"rendered":"<h5><span style=\"color: #54859b\">Apsilankykite m\u016bs\u0173 virtualioje WERSAL prek\u0117s \u017eenklo parduotuv\u0117je<\/span><\/h5>\n<p> <a href=\"https:\/\/my.matterport.com\/show\/?m=SjRhosZFbQJ\" target=\"_blank\" rel=\"noopener\"><span style=\"color: #e47025\">https:\/\/my.matterport.com\/<\/span><\/a><\/p>\n<p>\u201eMadden\u201c kontinentin\u0117 lova, kurios matmenys 160 \u00d7 200 cm, derina funkcionalum\u0105 ir dizain\u0105. Ji turi pakelt\u0105 galv\u016bgal\u012f, kuris suteikia bet kokiam kambariui charakterio ir jaukumo.<\/p>\n<p>Dvigul\u0117s lovos pagrindas su prakti\u0161ka daikt\u0173 laikymo sistema garantuoja optimal\u0173 erdv\u0117s i\u0161naudojim\u0105. Platus apdailos ir spalv\u0173 pasirinkimas leid\u017eia suasmeninti lov\u0105 pagal individualius pageidavimus. \u012e kain\u0105 ne\u012fskai\u010diuotas vir\u0161utinis u\u017evalkalas.<\/p>\n<p>Matmenys:<\/p>","protected":false},"excerpt":{"rendered":"<p>Plotis: 189 cm<br \/>\n\u016agis: 133 cm<br \/>\nGylis: 213 cm<br \/>\nMiegamoji erdv\u0117: 160 \u00d7 200 cm<\/p>","protected":false},"featured_media":151734,"comment_status":"open","ping_status":"closed","template":"","meta":[],"product_brand":[],"product_cat":[9391,505,1971,514,4104],"product_tag":[],"class_list":{"0":"post-151675","1":"product","2":"type-product","3":"status-publish","4":"has-post-thumbnail","6":"product_cat-dream-wersal-upholstered-furniture","7":"product_cat-bedroom-beds","8":"product_cat-beds-160x200","9":"product_cat-continental-beds","10":"product_cat-wersal","12":"first","13":"instock","14":"shipping-taxable","15":"purchasable","16":"product-type-variable","17":"wvs-archive-product-wrapper"},"_links":{"self":[{"href":"https:\/\/baldumarket.lt\/lt\/wp-json\/wp\/v2\/product\/151675","targetHints":{"allow":["GET"]}}],"collection":[{"href":"https:\/\/baldumarket.lt\/lt\/wp-json\/wp\/v2\/product"}],"about":[{"href":"https:\/\/baldumarket.lt\/lt\/wp-json\/wp\/v2\/types\/product"}],"replies":[{"embeddable":true,"href":"https:\/\/baldumarket.lt\/lt\/wp-json\/wp\/v2\/comments?post=151675"}],"wp:featuredmedia":[{"embeddable":true,"href":"https:\/\/baldumarket.lt\/lt\/wp-json\/wp\/v2\/media\/151734"}],"wp:attachment":[{"href":"https:\/\/baldumarket.lt\/lt\/wp-json\/wp\/v2\/media?parent=151675"}],"wp:term":[{"taxonomy":"product_brand","embeddable":true,"href":"https:\/\/baldumarket.lt\/lt\/wp-json\/wp\/v2\/product_brand?post=151675"},{"taxonomy":"product_cat","embeddable":true,"href":"https:\/\/baldumarket.lt\/lt\/wp-json\/wp\/v2\/product_cat?post=151675"},{"taxonomy":"product_tag","embeddable":true,"href":"https:\/\/baldumarket.lt\/lt\/wp-json\/wp\/v2\/product_tag?post=151675"}],"curies":[{"name":"wp","href":"https:\/\/api.w.org\/{rel}","templated":true}]}}