{"id":151659,"date":"2025-12-18T05:28:20","date_gmt":"2025-12-18T02:28:20","guid":{"rendered":"https:\/\/baldumarket.lt\/?post_type=product&#038;p=151659"},"modified":"2026-02-03T23:34:06","modified_gmt":"2026-02-03T20:34:06","slug":"lozko-kontynentalne-madden-180x200-gr1","status":"publish","type":"product","link":"https:\/\/baldumarket.lt\/lt\/product\/lozko-kontynentalne-madden-180x200-gr1\/","title":{"rendered":"Madden kontinentin\u0117 lova 180&#215;200 Gr1"},"content":{"rendered":"<h5><span style=\"color: #54859b\">Apsilankykite m\u016bs\u0173 virtualioje WERSAL prek\u0117s \u017eenklo parduotuv\u0117je<\/span><\/h5>\n<p> <a href=\"https:\/\/my.matterport.com\/show\/?m=SjRhosZFbQJ\" target=\"_blank\" rel=\"noopener\"><span style=\"color: #e47025\">https:\/\/my.matterport.com\/<\/span><\/a><\/p>\n<p>Stilinga ir moderni \u201eMadden\u201c kontinentin\u0117 lova \u2013 komforto \u012fsik\u016bnijimas.<br \/>\nir elegancija. Unikalus dizainas susideda i\u0161 dviej\u0173 tvirt\u0173 pagrind\u0173<br \/>\nkurios suteikia neprilygstam\u0105 stabilum\u0105 ir atram\u0105.<br \/>\npatogus, auk\u0161tas galv\u016bgalis, leid\u017eiantis atsilo\u0161ti<br \/>\nskaitydami ar \u017ei\u016br\u0117dami televizori\u0173. Lova yra prieinama<br \/>\n\u012fvairi\u0173 audini\u0173 ir spalv\u0173, tod\u0117l lengva derinti<br \/>\nJ\u016bs\u0173 miegamojo stili\u0173. \u012e kain\u0105 ne\u012fskai\u010diuotas \u010diu\u017einio u\u017evalkalas.<br \/>\nMatmenys:<\/p>","protected":false},"excerpt":{"rendered":"<p>Plotis: 209 cm<br \/>\n\u016agis: 133 cm<br \/>\nGylis: 213 cm<br \/>\nMiegamoji erdv\u0117: 180 \u00d7 200 cm<\/p>","protected":false},"featured_media":151733,"comment_status":"open","ping_status":"closed","template":"","meta":[],"product_brand":[],"product_cat":[9391,505,1972,514,4104],"product_tag":[],"class_list":{"0":"post-151659","1":"product","2":"type-product","3":"status-publish","4":"has-post-thumbnail","6":"product_cat-dream-wersal-upholstered-furniture","7":"product_cat-bedroom-beds","8":"product_cat-beds-180x200","9":"product_cat-continental-beds","10":"product_cat-wersal","12":"first","13":"instock","14":"shipping-taxable","15":"purchasable","16":"product-type-variable","17":"wvs-archive-product-wrapper"},"_links":{"self":[{"href":"https:\/\/baldumarket.lt\/lt\/wp-json\/wp\/v2\/product\/151659","targetHints":{"allow":["GET"]}}],"collection":[{"href":"https:\/\/baldumarket.lt\/lt\/wp-json\/wp\/v2\/product"}],"about":[{"href":"https:\/\/baldumarket.lt\/lt\/wp-json\/wp\/v2\/types\/product"}],"replies":[{"embeddable":true,"href":"https:\/\/baldumarket.lt\/lt\/wp-json\/wp\/v2\/comments?post=151659"}],"wp:featuredmedia":[{"embeddable":true,"href":"https:\/\/baldumarket.lt\/lt\/wp-json\/wp\/v2\/media\/151733"}],"wp:attachment":[{"href":"https:\/\/baldumarket.lt\/lt\/wp-json\/wp\/v2\/media?parent=151659"}],"wp:term":[{"taxonomy":"product_brand","embeddable":true,"href":"https:\/\/baldumarket.lt\/lt\/wp-json\/wp\/v2\/product_brand?post=151659"},{"taxonomy":"product_cat","embeddable":true,"href":"https:\/\/baldumarket.lt\/lt\/wp-json\/wp\/v2\/product_cat?post=151659"},{"taxonomy":"product_tag","embeddable":true,"href":"https:\/\/baldumarket.lt\/lt\/wp-json\/wp\/v2\/product_tag?post=151659"}],"curies":[{"name":"wp","href":"https:\/\/api.w.org\/{rel}","templated":true}]}}