{"id":151657,"date":"2025-12-18T05:28:18","date_gmt":"2025-12-18T02:28:18","guid":{"rendered":"https:\/\/baldumarket.lt\/?post_type=product&#038;p=151657"},"modified":"2026-02-03T23:34:06","modified_gmt":"2026-02-03T20:34:06","slug":"lozko-kontynentalne-melva-180x200-gr1","status":"publish","type":"product","link":"https:\/\/baldumarket.lt\/lt\/product\/lozko-kontynentalne-melva-180x200-gr1\/","title":{"rendered":"Melva kontinentin\u0117 lova 180&#215;200 Gr1"},"content":{"rendered":"<h5><span style=\"color: #54859b\">Apsilankykite m\u016bs\u0173 virtualioje WERSAL prek\u0117s \u017eenklo parduotuv\u0117je<\/span><\/h5>\n<p> <a href=\"https:\/\/my.matterport.com\/show\/?m=SjRhosZFbQJ\" target=\"_blank\" rel=\"noopener\"><span style=\"color: #e47025\">https:\/\/my.matterport.com\/<\/span><\/a><\/p>\n<p>Eleganti\u0161ka ir moderni \u201eMelva\u201c kontinentin\u0117 lova, kurios matmenys 180 \u00d7 200 cm, \u2013 puikus sprendimas ie\u0161kantiems patogaus poilsio. Tvirta konstrukcija u\u017etikrina ilgaam\u017ei\u0161kum\u0105, o dviej\u0173 \u010diu\u017eini\u0173 sistema \u2013 tinkam\u0105 k\u016bno atram\u0105. Apdaila esteti\u0161kai patraukliu ir mink\u0161tu apmu\u0161alu, kur\u012f galima rinktis i\u0161 daugyb\u0117s spalv\u0173, puikiai papildys bet kok\u012f interjer\u0105. Eleganti\u0161kas galv\u016bgalio dygsniavimas suteikia charakterio ir rafinuotumo. \u012e kain\u0105 ne\u012fskai\u010diuotas \u010diu\u017einio u\u017evalkalas.<br \/>\nMatmenys:<\/p>","protected":false},"excerpt":{"rendered":"<p>Plotis: 144 cm<br \/>\nAuk\u0161tis: 125 cm<br \/>\nGylis: 220 cm<br \/>\nMiegamasis plotas: 140 \u00d7 200 cm<\/p>","protected":false},"featured_media":151722,"comment_status":"open","ping_status":"closed","template":"","meta":[],"product_brand":[],"product_cat":[9391,505,1972,514,4104],"product_tag":[],"class_list":{"0":"post-151657","1":"product","2":"type-product","3":"status-publish","4":"has-post-thumbnail","6":"product_cat-dream-wersal-upholstered-furniture","7":"product_cat-bedroom-beds","8":"product_cat-beds-180x200","9":"product_cat-continental-beds","10":"product_cat-wersal","12":"first","13":"instock","14":"shipping-taxable","15":"purchasable","16":"product-type-variable","17":"wvs-archive-product-wrapper"},"_links":{"self":[{"href":"https:\/\/baldumarket.lt\/lt\/wp-json\/wp\/v2\/product\/151657","targetHints":{"allow":["GET"]}}],"collection":[{"href":"https:\/\/baldumarket.lt\/lt\/wp-json\/wp\/v2\/product"}],"about":[{"href":"https:\/\/baldumarket.lt\/lt\/wp-json\/wp\/v2\/types\/product"}],"replies":[{"embeddable":true,"href":"https:\/\/baldumarket.lt\/lt\/wp-json\/wp\/v2\/comments?post=151657"}],"wp:featuredmedia":[{"embeddable":true,"href":"https:\/\/baldumarket.lt\/lt\/wp-json\/wp\/v2\/media\/151722"}],"wp:attachment":[{"href":"https:\/\/baldumarket.lt\/lt\/wp-json\/wp\/v2\/media?parent=151657"}],"wp:term":[{"taxonomy":"product_brand","embeddable":true,"href":"https:\/\/baldumarket.lt\/lt\/wp-json\/wp\/v2\/product_brand?post=151657"},{"taxonomy":"product_cat","embeddable":true,"href":"https:\/\/baldumarket.lt\/lt\/wp-json\/wp\/v2\/product_cat?post=151657"},{"taxonomy":"product_tag","embeddable":true,"href":"https:\/\/baldumarket.lt\/lt\/wp-json\/wp\/v2\/product_tag?post=151657"}],"curies":[{"name":"wp","href":"https:\/\/api.w.org\/{rel}","templated":true}]}}