{"id":151642,"date":"2025-12-18T05:27:49","date_gmt":"2025-12-18T02:27:49","guid":{"rendered":"https:\/\/baldumarket.lt\/?post_type=product&#038;p=151642"},"modified":"2026-02-03T23:34:07","modified_gmt":"2026-02-03T20:34:07","slug":"lozko-kontynentalne-melva-140x200-gr1","status":"publish","type":"product","link":"https:\/\/baldumarket.lt\/lt\/product\/lozko-kontynentalne-melva-140x200-gr1\/","title":{"rendered":"Melva kontinentin\u0117 lova 140\u00d7200 Gr1"},"content":{"rendered":"<h5><span style=\"color: #54859b\">Apsilankykite m\u016bs\u0173 virtualioje WERSAL prek\u0117s \u017eenklo parduotuv\u0117je<\/span><\/h5>\n<p> <a href=\"https:\/\/my.matterport.com\/show\/?m=SjRhosZFbQJ\" target=\"_blank\" rel=\"noopener\"><span style=\"color: #e47025\">https:\/\/my.matterport.com\/<\/span><\/a><\/p>\n<p>Puikiai tinka ma\u017eesn\u0117ms erdv\u0117ms \u2013 140 \u00d7 200 cm dyd\u017eio kontinentin\u0117 lova \u201eMelva\u201c sujungia kompakti\u0161kus matmenis ir nesuter\u0161t\u0105 prabang\u0105. Auk\u0161tos kokyb\u0117s meistri\u0161kumas ir d\u0117mesys detal\u0117ms, tokioms kaip stabilios kojel\u0117s ir patvarus r\u0117mas, u\u017etikrina ilgamet\u012f patikimum\u0105.<\/p>\n<p>Lovos apmu\u0161alai gali b\u016bti \u012fvairi\u0173 med\u017eiag\u0173 ir spalv\u0173, tod\u0117l galite juos pritaikyti pagal savo individualius pageidavimus. Galv\u016bgalis su pasirinktais dygsniavimo ra\u0161tais suteikia gra\u017e\u0173 vizualin\u012f akcent\u0105.<\/p>\n<p>\u012e \u0161io modelio kain\u0105 ne\u012feina vir\u0161utinis sluoksnis.<\/p>\n<p>Matmenys:<\/p>","protected":false},"excerpt":{"rendered":"<p>Plotis: 144 cm<br \/>\nAuk\u0161tis: 125 cm<br \/>\nGylis: 220 cm<br \/>\nMiegamasis plotas: 140 \u00d7 200 cm<\/p>","protected":false},"featured_media":151704,"comment_status":"open","ping_status":"closed","template":"","meta":[],"product_brand":[],"product_cat":[9391,505,1970,514,4104],"product_tag":[],"class_list":{"0":"post-151642","1":"product","2":"type-product","3":"status-publish","4":"has-post-thumbnail","6":"product_cat-dream-wersal-upholstered-furniture","7":"product_cat-bedroom-beds","8":"product_cat-beds-140x200","9":"product_cat-continental-beds","10":"product_cat-wersal","12":"first","13":"instock","14":"shipping-taxable","15":"purchasable","16":"product-type-variable","17":"wvs-archive-product-wrapper"},"_links":{"self":[{"href":"https:\/\/baldumarket.lt\/lt\/wp-json\/wp\/v2\/product\/151642","targetHints":{"allow":["GET"]}}],"collection":[{"href":"https:\/\/baldumarket.lt\/lt\/wp-json\/wp\/v2\/product"}],"about":[{"href":"https:\/\/baldumarket.lt\/lt\/wp-json\/wp\/v2\/types\/product"}],"replies":[{"embeddable":true,"href":"https:\/\/baldumarket.lt\/lt\/wp-json\/wp\/v2\/comments?post=151642"}],"wp:featuredmedia":[{"embeddable":true,"href":"https:\/\/baldumarket.lt\/lt\/wp-json\/wp\/v2\/media\/151704"}],"wp:attachment":[{"href":"https:\/\/baldumarket.lt\/lt\/wp-json\/wp\/v2\/media?parent=151642"}],"wp:term":[{"taxonomy":"product_brand","embeddable":true,"href":"https:\/\/baldumarket.lt\/lt\/wp-json\/wp\/v2\/product_brand?post=151642"},{"taxonomy":"product_cat","embeddable":true,"href":"https:\/\/baldumarket.lt\/lt\/wp-json\/wp\/v2\/product_cat?post=151642"},{"taxonomy":"product_tag","embeddable":true,"href":"https:\/\/baldumarket.lt\/lt\/wp-json\/wp\/v2\/product_tag?post=151642"}],"curies":[{"name":"wp","href":"https:\/\/api.w.org\/{rel}","templated":true}]}}