{"id":151629,"date":"2025-12-18T05:27:24","date_gmt":"2025-12-18T02:27:24","guid":{"rendered":"https:\/\/baldumarket.lt\/?post_type=product&#038;p=151629"},"modified":"2026-02-03T23:34:07","modified_gmt":"2026-02-03T20:34:07","slug":"lozko-kontynentalne-noel-160x200-gr1","status":"publish","type":"product","link":"https:\/\/baldumarket.lt\/lt\/product\/lozko-kontynentalne-noel-160x200-gr1\/","title":{"rendered":"Noel kontinentin\u0117 lova 160\u00d7200 Gr1"},"content":{"rendered":"<h5><span style=\"color: #54859b\">Apsilankykite m\u016bs\u0173 virtualioje WERSAL prek\u0117s \u017eenklo parduotuv\u0117je<\/span><\/h5>\n<p> <a href=\"https:\/\/my.matterport.com\/show\/?m=SjRhosZFbQJ\" target=\"_blank\" rel=\"noopener\"><span style=\"color: #e47025\">https:\/\/my.matterport.com\/<\/span><\/a><\/p>\n<p>\u201eNoel\u201c kontinentin\u0117 lova, kurios matmenys 160 \u00d7 200 cm, yra puikus sprendimas ie\u0161kantiems funkcionalumo ir dizaino pusiausvyros.<\/p>\n<p>Dygsniuotas galv\u016bgalis suteikia charakterio, o stabilus pagrindas<br \/>\ngarantuoja bald\u0173 ilgaam\u017ei\u0161kum\u0105. Galimos audini\u0173 ir spalv\u0173 pritaikymo parinktys leid\u017eia susikurti lov\u0105 pagal j\u016bs\u0173 asmeninius pageidavimus.<\/p>\n<p>U\u017evalkalas \u012f komplekt\u0105 ne\u012feina, tod\u0117l patogum\u0105 galima reguliuoti individualiai.<\/p>\n<p>Matmenys:<\/p>","protected":false},"excerpt":{"rendered":"<p>Plotis: 185 cm<br \/>\nAuk\u0161tis: 130 cm<br \/>\nGylis: 212 cm<br \/>\nMiegamoji erdv\u0117: 160 \u00d7 200 cm<\/p>","protected":false},"featured_media":151686,"comment_status":"open","ping_status":"closed","template":"","meta":[],"product_brand":[],"product_cat":[9391,505,1971,514,4104],"product_tag":[],"class_list":{"0":"post-151629","1":"product","2":"type-product","3":"status-publish","4":"has-post-thumbnail","6":"product_cat-dream-wersal-upholstered-furniture","7":"product_cat-bedroom-beds","8":"product_cat-beds-160x200","9":"product_cat-continental-beds","10":"product_cat-wersal","12":"first","13":"instock","14":"shipping-taxable","15":"purchasable","16":"product-type-variable","17":"wvs-archive-product-wrapper"},"_links":{"self":[{"href":"https:\/\/baldumarket.lt\/lt\/wp-json\/wp\/v2\/product\/151629","targetHints":{"allow":["GET"]}}],"collection":[{"href":"https:\/\/baldumarket.lt\/lt\/wp-json\/wp\/v2\/product"}],"about":[{"href":"https:\/\/baldumarket.lt\/lt\/wp-json\/wp\/v2\/types\/product"}],"replies":[{"embeddable":true,"href":"https:\/\/baldumarket.lt\/lt\/wp-json\/wp\/v2\/comments?post=151629"}],"wp:featuredmedia":[{"embeddable":true,"href":"https:\/\/baldumarket.lt\/lt\/wp-json\/wp\/v2\/media\/151686"}],"wp:attachment":[{"href":"https:\/\/baldumarket.lt\/lt\/wp-json\/wp\/v2\/media?parent=151629"}],"wp:term":[{"taxonomy":"product_brand","embeddable":true,"href":"https:\/\/baldumarket.lt\/lt\/wp-json\/wp\/v2\/product_brand?post=151629"},{"taxonomy":"product_cat","embeddable":true,"href":"https:\/\/baldumarket.lt\/lt\/wp-json\/wp\/v2\/product_cat?post=151629"},{"taxonomy":"product_tag","embeddable":true,"href":"https:\/\/baldumarket.lt\/lt\/wp-json\/wp\/v2\/product_tag?post=151629"}],"curies":[{"name":"wp","href":"https:\/\/api.w.org\/{rel}","templated":true}]}}