{"id":151627,"date":"2025-12-18T05:27:22","date_gmt":"2025-12-18T02:27:22","guid":{"rendered":"https:\/\/baldumarket.lt\/?post_type=product&#038;p=151627"},"modified":"2026-02-03T23:34:07","modified_gmt":"2026-02-03T20:34:07","slug":"lozko-kontynentalne-noel-180x200-gr1","status":"publish","type":"product","link":"https:\/\/baldumarket.lt\/lt\/product\/lozko-kontynentalne-noel-180x200-gr1\/","title":{"rendered":"Kontinentin\u0117 lova Noel 180\u00d7200 Gr1"},"content":{"rendered":"<h5><span style=\"color: #54859b\">Apsilankykite m\u016bs\u0173 virtualioje WERSAL prek\u0117s \u017eenklo parduotuv\u0117je<\/span><\/h5>\n<p> <a href=\"https:\/\/my.matterport.com\/show\/?m=SjRhosZFbQJ\" target=\"_blank\" rel=\"noopener\"><span style=\"color: #e47025\">https:\/\/my.matterport.com\/<\/span><\/a><\/p>\n<p>\u201eNoel\u201c kontinentin\u0117 lova, kurios matmenys 180 \u00d7 200 cm, \u2013 tai klasikinio ir modernaus dizaino derinys. Ji pasi\u017eymi eleganti\u0161ku, geometrini\u0173 ra\u0161t\u0173 dygsniuotu galv\u016bgaliu \u2013 i\u0161skirtiniu bet kurio miegamojo akcentu. Tvirta konstrukcija, paremta plonomis kojel\u0117mis, u\u017etikrina stabilum\u0105 ir lengv\u0105 prieig\u0105 po lova. Lova si\u016bloma i\u0161 plataus audini\u0173 ir spalv\u0173 pasirinkimo, tod\u0117l puikiai dera prie bet kokio interjero. \u012e kain\u0105 ne\u012fskai\u010diuotas \u010diu\u017einio u\u017etiesalas, tod\u0117l klientai gali laisvai pasirinkti \u010diu\u017ein\u012f. Matmenys:<\/p>","protected":false},"excerpt":{"rendered":"<p>Plotis: 205 cm<br \/>\nAuk\u0161tis: 130 cm<br \/>\nGylis: 212 cm<br \/>\nMiegamoji erdv\u0117: 180 \u00d7 200 cm<\/p>","protected":false},"featured_media":151679,"comment_status":"open","ping_status":"closed","template":"","meta":[],"product_brand":[],"product_cat":[9391,505,1972,514,4104],"product_tag":[],"class_list":{"0":"post-151627","1":"product","2":"type-product","3":"status-publish","4":"has-post-thumbnail","6":"product_cat-dream-wersal-upholstered-furniture","7":"product_cat-bedroom-beds","8":"product_cat-beds-180x200","9":"product_cat-continental-beds","10":"product_cat-wersal","12":"first","13":"instock","14":"shipping-taxable","15":"purchasable","16":"product-type-variable","17":"wvs-archive-product-wrapper"},"_links":{"self":[{"href":"https:\/\/baldumarket.lt\/lt\/wp-json\/wp\/v2\/product\/151627","targetHints":{"allow":["GET"]}}],"collection":[{"href":"https:\/\/baldumarket.lt\/lt\/wp-json\/wp\/v2\/product"}],"about":[{"href":"https:\/\/baldumarket.lt\/lt\/wp-json\/wp\/v2\/types\/product"}],"replies":[{"embeddable":true,"href":"https:\/\/baldumarket.lt\/lt\/wp-json\/wp\/v2\/comments?post=151627"}],"wp:featuredmedia":[{"embeddable":true,"href":"https:\/\/baldumarket.lt\/lt\/wp-json\/wp\/v2\/media\/151679"}],"wp:attachment":[{"href":"https:\/\/baldumarket.lt\/lt\/wp-json\/wp\/v2\/media?parent=151627"}],"wp:term":[{"taxonomy":"product_brand","embeddable":true,"href":"https:\/\/baldumarket.lt\/lt\/wp-json\/wp\/v2\/product_brand?post=151627"},{"taxonomy":"product_cat","embeddable":true,"href":"https:\/\/baldumarket.lt\/lt\/wp-json\/wp\/v2\/product_cat?post=151627"},{"taxonomy":"product_tag","embeddable":true,"href":"https:\/\/baldumarket.lt\/lt\/wp-json\/wp\/v2\/product_tag?post=151627"}],"curies":[{"name":"wp","href":"https:\/\/api.w.org\/{rel}","templated":true}]}}