{"id":151611,"date":"2025-12-18T05:26:55","date_gmt":"2025-12-18T02:26:55","guid":{"rendered":"https:\/\/baldumarket.lt\/?post_type=product&#038;p=151611"},"modified":"2026-02-03T23:34:07","modified_gmt":"2026-02-03T20:34:07","slug":"lozko-kontynentalne-ovo-140x200-gr1","status":"publish","type":"product","link":"https:\/\/baldumarket.lt\/lt\/product\/lozko-kontynentalne-ovo-140x200-gr1\/","title":{"rendered":"Ovo kontinentin\u0117 lova 140\u00d7200 Gr1"},"content":{"rendered":"<h5><span style=\"color: #54859b\">Apsilankykite m\u016bs\u0173 virtualioje WERSAL prek\u0117s \u017eenklo parduotuv\u0117je<\/span><\/h5>\n<p> <a href=\"https:\/\/my.matterport.com\/show\/?m=SjRhosZFbQJ\" target=\"_blank\" rel=\"noopener\"><span style=\"color: #e47025\">https:\/\/my.matterport.com\/<\/span><\/a><\/p>\n<p>140 \u00d7 200 cm dyd\u017eio kontinentin\u0117 lova \u201cOvo\u201d derina modern\u0173 stili\u0173 su funkcionalumu, puikiai tinkanti ma\u017eesniems miegamiesiems. Paprastas, bet eleganti\u0161kas galv\u016bgalis ir tvirtas pagrindas garantuoja komfort\u0105 ir ilgaam\u017ei\u0161kum\u0105. Rinkit\u0117s i\u0161 plataus med\u017eiag\u0173 ir spalv\u0173 asortimento, kad der\u0117t\u0173 prie j\u016bs\u0173 miegamojo. Prakti\u0161kos kojel\u0117s palengvina valym\u0105. Ant\u010diu\u017einis \u012f kain\u0105 ne\u012fskai\u010diuotas, tod\u0117l galite suasmeninti miego komfort\u0105. \u201cOvo\u201d \u2013 tai kompakti\u0161kos prabangos sinonimas. Matmenys:<\/p>","protected":false},"excerpt":{"rendered":"<p>Plotis: 168 cm<br \/>\nAuk\u0161tis: 100 cm<br \/>\nGylis: 220 cm<br \/>\nMiegamasis plotas: 140 \u00d7 200 cm<\/p>","protected":false},"featured_media":151668,"comment_status":"open","ping_status":"closed","template":"","meta":[],"product_brand":[],"product_cat":[9391,505,1970,514,4104],"product_tag":[],"class_list":{"0":"post-151611","1":"product","2":"type-product","3":"status-publish","4":"has-post-thumbnail","6":"product_cat-dream-wersal-upholstered-furniture","7":"product_cat-bedroom-beds","8":"product_cat-beds-140x200","9":"product_cat-continental-beds","10":"product_cat-wersal","12":"first","13":"instock","14":"shipping-taxable","15":"purchasable","16":"product-type-variable","17":"wvs-archive-product-wrapper"},"_links":{"self":[{"href":"https:\/\/baldumarket.lt\/lt\/wp-json\/wp\/v2\/product\/151611","targetHints":{"allow":["GET"]}}],"collection":[{"href":"https:\/\/baldumarket.lt\/lt\/wp-json\/wp\/v2\/product"}],"about":[{"href":"https:\/\/baldumarket.lt\/lt\/wp-json\/wp\/v2\/types\/product"}],"replies":[{"embeddable":true,"href":"https:\/\/baldumarket.lt\/lt\/wp-json\/wp\/v2\/comments?post=151611"}],"wp:featuredmedia":[{"embeddable":true,"href":"https:\/\/baldumarket.lt\/lt\/wp-json\/wp\/v2\/media\/151668"}],"wp:attachment":[{"href":"https:\/\/baldumarket.lt\/lt\/wp-json\/wp\/v2\/media?parent=151611"}],"wp:term":[{"taxonomy":"product_brand","embeddable":true,"href":"https:\/\/baldumarket.lt\/lt\/wp-json\/wp\/v2\/product_brand?post=151611"},{"taxonomy":"product_cat","embeddable":true,"href":"https:\/\/baldumarket.lt\/lt\/wp-json\/wp\/v2\/product_cat?post=151611"},{"taxonomy":"product_tag","embeddable":true,"href":"https:\/\/baldumarket.lt\/lt\/wp-json\/wp\/v2\/product_tag?post=151611"}],"curies":[{"name":"wp","href":"https:\/\/api.w.org\/{rel}","templated":true}]}}