{"id":151609,"date":"2025-12-18T05:26:53","date_gmt":"2025-12-18T02:26:53","guid":{"rendered":"https:\/\/baldumarket.lt\/?post_type=product&#038;p=151609"},"modified":"2026-02-03T23:34:07","modified_gmt":"2026-02-03T20:34:07","slug":"lozko-kontynentalne-ovo-160x200-gr1","status":"publish","type":"product","link":"https:\/\/baldumarket.lt\/lt\/product\/lozko-kontynentalne-ovo-160x200-gr1\/","title":{"rendered":"Ovo kontinentin\u0117 lova 160\u00d7200 Gr1"},"content":{"rendered":"<h5><span style=\"color: #54859b\">Apsilankykite m\u016bs\u0173 virtualioje WERSAL prek\u0117s \u017eenklo parduotuv\u0117je<\/span><\/h5>\n<p> <a href=\"https:\/\/my.matterport.com\/show\/?m=SjRhosZFbQJ\" target=\"_blank\" rel=\"noopener\"><span style=\"color: #e47025\">https:\/\/my.matterport.com\/<\/span><\/a><\/p>\n<p>160 \u00d7 200 cm dyd\u017eio kontinentin\u0117 lova \u201cOvo\u201d derina elegancij\u0105 ir komfort\u0105. I\u0161skirtinis galv\u016bgalis sukuria \u0161veln\u0173, kvie\u010diant\u012f akcent\u0105, o tvirtas pagrindas u\u017etikrina patvarum\u0105. Galima rinktis i\u0161 \u012fvairi\u0173 apdailos variant\u0173, tod\u0117l lova harmoningai dera prie j\u016bs\u0173 miegamojo estetikos. Subtilios kojel\u0117s pakelia lov\u0105, suteikia lengvumo ir palengvina valym\u0105. \u012e kain\u0105 ne\u012fskai\u010diuotas vir\u0161utinis u\u017evalkalas, tod\u0117l galite laisvai pritaikyti miegojimo komfort\u0105. \u201cOvo\u201d \u2013 puikus sprendimas tiems, kurie vertina paprastas, bet rafinuotas linijas. Matmenys:<\/p>","protected":false},"excerpt":{"rendered":"<p>Plotis: 198 cm<br \/>\nAuk\u0161tis: 100 cm<br \/>\nGylis: 220 cm<br \/>\nMiegamoji erdv\u0117: 160 \u00d7 200 cm<\/p>","protected":false},"featured_media":151661,"comment_status":"open","ping_status":"closed","template":"","meta":[],"product_brand":[],"product_cat":[9391,505,1971,514,4104],"product_tag":[],"class_list":{"0":"post-151609","1":"product","2":"type-product","3":"status-publish","4":"has-post-thumbnail","6":"product_cat-dream-wersal-upholstered-furniture","7":"product_cat-bedroom-beds","8":"product_cat-beds-160x200","9":"product_cat-continental-beds","10":"product_cat-wersal","12":"first","13":"instock","14":"shipping-taxable","15":"purchasable","16":"product-type-variable","17":"wvs-archive-product-wrapper"},"_links":{"self":[{"href":"https:\/\/baldumarket.lt\/lt\/wp-json\/wp\/v2\/product\/151609","targetHints":{"allow":["GET"]}}],"collection":[{"href":"https:\/\/baldumarket.lt\/lt\/wp-json\/wp\/v2\/product"}],"about":[{"href":"https:\/\/baldumarket.lt\/lt\/wp-json\/wp\/v2\/types\/product"}],"replies":[{"embeddable":true,"href":"https:\/\/baldumarket.lt\/lt\/wp-json\/wp\/v2\/comments?post=151609"}],"wp:featuredmedia":[{"embeddable":true,"href":"https:\/\/baldumarket.lt\/lt\/wp-json\/wp\/v2\/media\/151661"}],"wp:attachment":[{"href":"https:\/\/baldumarket.lt\/lt\/wp-json\/wp\/v2\/media?parent=151609"}],"wp:term":[{"taxonomy":"product_brand","embeddable":true,"href":"https:\/\/baldumarket.lt\/lt\/wp-json\/wp\/v2\/product_brand?post=151609"},{"taxonomy":"product_cat","embeddable":true,"href":"https:\/\/baldumarket.lt\/lt\/wp-json\/wp\/v2\/product_cat?post=151609"},{"taxonomy":"product_tag","embeddable":true,"href":"https:\/\/baldumarket.lt\/lt\/wp-json\/wp\/v2\/product_tag?post=151609"}],"curies":[{"name":"wp","href":"https:\/\/api.w.org\/{rel}","templated":true}]}}