{"id":151593,"date":"2025-12-18T05:26:26","date_gmt":"2025-12-18T02:26:26","guid":{"rendered":"https:\/\/baldumarket.lt\/?post_type=product&#038;p=151593"},"modified":"2026-02-03T23:34:08","modified_gmt":"2026-02-03T20:34:08","slug":"lozko-kontynentalne-ovo-180x200-gr1","status":"publish","type":"product","link":"https:\/\/baldumarket.lt\/lt\/product\/lozko-kontynentalne-ovo-180x200-gr1\/","title":{"rendered":"Ovo kontinentin\u0117 lova 180\u00d7200 Gr1"},"content":{"rendered":"<h5><span style=\"color: #54859b\">Apsilankykite m\u016bs\u0173 virtualioje WERSAL prek\u0117s \u017eenklo parduotuv\u0117je<\/span><\/h5>\n<p> <a href=\"https:\/\/my.matterport.com\/show\/?m=SjRhosZFbQJ\" target=\"_blank\" rel=\"noopener\"><span style=\"color: #e47025\">https:\/\/my.matterport.com\/<\/span><\/a><\/p>\n<p>180 \u00d7 200 cm dyd\u017eio kontinentin\u0117 lova \u201cOvo\u201d derina rafinuot\u0105 dizain\u0105 ir komfort\u0105. Eleganti\u0161kas, arkinis galv\u016bgalis ir minimalistinis pagrindas sukuria \u0161iuolaiki\u0161k\u0105 estetik\u0105, kuri papuo\u0161ia bet kok\u012f interjer\u0105. Patvari konstrukcija u\u017etikrina stabilum\u0105, o kojel\u0117s subtiliai pakelia lov\u0105, tod\u0117l lengviau pasiekti erdv\u0119 po ja. \u201cOvo\u201d lova si\u016bloma su \u012fvairiomis apdailos med\u017eiagomis, tod\u0117l j\u0105 galima puikiai pritaikyti prie j\u016bs\u0173 miegamojo pageidavim\u0173 ir stiliaus. I\u0161skirtiniai audiniai ir sodri spalv\u0173 palet\u0117 suteikia prakti\u0161kai neribotas pritaikymo galimybes. \u012e lovos kain\u0105 ne\u012fskai\u010diuotas \u010diu\u017einys, tod\u0117l klientai gali laisvai pasirinkti tobul\u0105 \u010diu\u017ein\u012f optimaliam miego komfortui. \u201cOvo\u201d derina funkcionalum\u0105 su prabangia i\u0161vaizda, garantuodama ne tik atpalaiduojant\u012f poils\u012f, bet ir suteikdama erdvei nesenstant\u012f charakter\u012f. Matmenys:<\/p>","protected":false},"excerpt":{"rendered":"<p>Plotis: 228 cm<br \/>\nAuk\u0161tis: 100 cm<br \/>\nGylis: 220 cm<br \/>\nMiegamoji erdv\u0117: 180 \u00d7 200 cm<\/p>","protected":false},"featured_media":151649,"comment_status":"open","ping_status":"closed","template":"","meta":[],"product_brand":[],"product_cat":[9391,505,1972,514,4104],"product_tag":[],"class_list":{"0":"post-151593","1":"product","2":"type-product","3":"status-publish","4":"has-post-thumbnail","6":"product_cat-dream-wersal-upholstered-furniture","7":"product_cat-bedroom-beds","8":"product_cat-beds-180x200","9":"product_cat-continental-beds","10":"product_cat-wersal","12":"first","13":"instock","14":"shipping-taxable","15":"purchasable","16":"product-type-variable","17":"wvs-archive-product-wrapper"},"_links":{"self":[{"href":"https:\/\/baldumarket.lt\/lt\/wp-json\/wp\/v2\/product\/151593","targetHints":{"allow":["GET"]}}],"collection":[{"href":"https:\/\/baldumarket.lt\/lt\/wp-json\/wp\/v2\/product"}],"about":[{"href":"https:\/\/baldumarket.lt\/lt\/wp-json\/wp\/v2\/types\/product"}],"replies":[{"embeddable":true,"href":"https:\/\/baldumarket.lt\/lt\/wp-json\/wp\/v2\/comments?post=151593"}],"wp:featuredmedia":[{"embeddable":true,"href":"https:\/\/baldumarket.lt\/lt\/wp-json\/wp\/v2\/media\/151649"}],"wp:attachment":[{"href":"https:\/\/baldumarket.lt\/lt\/wp-json\/wp\/v2\/media?parent=151593"}],"wp:term":[{"taxonomy":"product_brand","embeddable":true,"href":"https:\/\/baldumarket.lt\/lt\/wp-json\/wp\/v2\/product_brand?post=151593"},{"taxonomy":"product_cat","embeddable":true,"href":"https:\/\/baldumarket.lt\/lt\/wp-json\/wp\/v2\/product_cat?post=151593"},{"taxonomy":"product_tag","embeddable":true,"href":"https:\/\/baldumarket.lt\/lt\/wp-json\/wp\/v2\/product_tag?post=151593"}],"curies":[{"name":"wp","href":"https:\/\/api.w.org\/{rel}","templated":true}]}}