{"id":151591,"date":"2025-12-18T05:26:24","date_gmt":"2025-12-18T02:26:24","guid":{"rendered":"https:\/\/baldumarket.lt\/?post_type=product&#038;p=151591"},"modified":"2026-02-03T23:34:08","modified_gmt":"2026-02-03T20:34:08","slug":"lozko-kontynentalne-valsen-140x200-gr1","status":"publish","type":"product","link":"https:\/\/baldumarket.lt\/lt\/product\/lozko-kontynentalne-valsen-140x200-gr1\/","title":{"rendered":"Valsenin\u0117 kontinentin\u0117 lova 140\u00d7200 Gr1"},"content":{"rendered":"<h5><span style=\"color: #54859b\">Apsilankykite m\u016bs\u0173 virtualioje WERSAL prek\u0117s \u017eenklo parduotuv\u0117je<\/span><\/h5>\n<p> <a href=\"https:\/\/my.matterport.com\/show\/?m=SjRhosZFbQJ\" target=\"_blank\" rel=\"noopener\"><span style=\"color: #e47025\">https:\/\/my.matterport.com\/<\/span><\/a><\/p>\n<p>140 \u00d7 200 cm dyd\u017eio \u201cValsen\u201d lova derina modern\u0173 dizain\u0105 ir prakti\u0161kum\u0105. Jos patvari medin\u0117 konstrukcija ir eleganti\u0161kas galv\u016bgalis su subtiliomis si\u016bl\u0117mis sukuria esteti\u0161kai patraukl\u0173 ir patog\u0173 miegamojo aksesuar\u0105. Lovos pritaikymas yra paprastas d\u0117l \u012fvairi\u0173 apdailos med\u017eiag\u0173 ir spalv\u0173. Lova parduodama be vir\u0161utinio sluoksnio, tod\u0117l galite pasirinkti ideal\u0173 komforto sluoksn\u012f. \u201cValsen\u201d yra puikus pasirinkimas tiems, kurie vertina stili\u0173 ir patogum\u0105 kompakti\u0161kame dydyje. Matmenys:<\/p>","protected":false},"excerpt":{"rendered":"<p>Plotis: 149 cm<br \/>\nAuk\u0161tis: 115 cm<br \/>\nGylis: 215 cm<br \/>\nMiegamasis plotas: 140 \u00d7 200 cm<\/p>","protected":false},"featured_media":151647,"comment_status":"open","ping_status":"closed","template":"","meta":[],"product_brand":[],"product_cat":[9391,505,1970,514,4104],"product_tag":[],"class_list":{"0":"post-151591","1":"product","2":"type-product","3":"status-publish","4":"has-post-thumbnail","6":"product_cat-dream-wersal-upholstered-furniture","7":"product_cat-bedroom-beds","8":"product_cat-beds-140x200","9":"product_cat-continental-beds","10":"product_cat-wersal","12":"first","13":"instock","14":"shipping-taxable","15":"purchasable","16":"product-type-variable","17":"wvs-archive-product-wrapper"},"_links":{"self":[{"href":"https:\/\/baldumarket.lt\/lt\/wp-json\/wp\/v2\/product\/151591","targetHints":{"allow":["GET"]}}],"collection":[{"href":"https:\/\/baldumarket.lt\/lt\/wp-json\/wp\/v2\/product"}],"about":[{"href":"https:\/\/baldumarket.lt\/lt\/wp-json\/wp\/v2\/types\/product"}],"replies":[{"embeddable":true,"href":"https:\/\/baldumarket.lt\/lt\/wp-json\/wp\/v2\/comments?post=151591"}],"wp:featuredmedia":[{"embeddable":true,"href":"https:\/\/baldumarket.lt\/lt\/wp-json\/wp\/v2\/media\/151647"}],"wp:attachment":[{"href":"https:\/\/baldumarket.lt\/lt\/wp-json\/wp\/v2\/media?parent=151591"}],"wp:term":[{"taxonomy":"product_brand","embeddable":true,"href":"https:\/\/baldumarket.lt\/lt\/wp-json\/wp\/v2\/product_brand?post=151591"},{"taxonomy":"product_cat","embeddable":true,"href":"https:\/\/baldumarket.lt\/lt\/wp-json\/wp\/v2\/product_cat?post=151591"},{"taxonomy":"product_tag","embeddable":true,"href":"https:\/\/baldumarket.lt\/lt\/wp-json\/wp\/v2\/product_tag?post=151591"}],"curies":[{"name":"wp","href":"https:\/\/api.w.org\/{rel}","templated":true}]}}