{"id":151575,"date":"2025-12-18T05:25:58","date_gmt":"2025-12-18T02:25:58","guid":{"rendered":"https:\/\/baldumarket.lt\/?post_type=product&#038;p=151575"},"modified":"2026-02-03T23:34:08","modified_gmt":"2026-02-03T20:34:08","slug":"lozko-kontynentalne-valsen-160x200-gr1","status":"publish","type":"product","link":"https:\/\/baldumarket.lt\/lt\/product\/lozko-kontynentalne-valsen-160x200-gr1\/","title":{"rendered":"Valsenin\u0117 kontinentin\u0117 lova 160\u00d7200 Gr1"},"content":{"rendered":"<h5><span style=\"color: #54859b\">Apsilankykite m\u016bs\u0173 virtualioje WERSAL prek\u0117s \u017eenklo parduotuv\u0117je<\/span><\/h5>\n<p> <a href=\"https:\/\/my.matterport.com\/show\/?m=SjRhosZFbQJ\" target=\"_blank\" rel=\"noopener\"><span style=\"color: #e47025\">https:\/\/my.matterport.com\/<\/span><\/a><\/p>\n<p>160 \u00d7 200 cm dyd\u017eio apmu\u0161ta \u201cValsen\u201d lova \u2013 tai komforto kvintesencija eleganti\u0161kame dizaine. Tvirta medin\u0117 konstrukcija garantuoja ilgaam\u017ei\u0161kum\u0105, o kruop\u0161\u010diai apdirbtas galv\u016bgalis su dekoratyvin\u0117mis si\u016bl\u0117mis suteikia ne tik estetikos, bet ir komforto. D\u0117l plataus apdailos ir spalv\u0173 pasirinkimo galite pritaikyti lov\u0105 prie savo interjero, m\u0117gaudamiesi i\u0161skirtiniu stiliumi ir kokybe. \u012e kain\u0105 ne\u012fskai\u010diuotas \u010diu\u017einys, tod\u0117l galite pritaikyti miegojimo komfort\u0105 pagal savo poreikius. \u201cValsen\u201d \u2013 puikus pasirinkimas visiems, ie\u0161kantiems tobulos funkcionalumo ir dizaino pusiausvyros. Matmenys:<\/p>","protected":false},"excerpt":{"rendered":"<p>Plotis: 169 cm<br \/>\nAuk\u0161tis: 115 cm<br \/>\nGylis: 215 cm<br \/>\nMiegamoji erdv\u0117: 160 \u00d7 200 cm<\/p>","protected":false},"featured_media":151645,"comment_status":"open","ping_status":"closed","template":"","meta":[],"product_brand":[],"product_cat":[9391,505,1971,514,4104],"product_tag":[],"class_list":{"0":"post-151575","1":"product","2":"type-product","3":"status-publish","4":"has-post-thumbnail","6":"product_cat-dream-wersal-upholstered-furniture","7":"product_cat-bedroom-beds","8":"product_cat-beds-160x200","9":"product_cat-continental-beds","10":"product_cat-wersal","12":"first","13":"instock","14":"shipping-taxable","15":"purchasable","16":"product-type-variable","17":"wvs-archive-product-wrapper"},"_links":{"self":[{"href":"https:\/\/baldumarket.lt\/lt\/wp-json\/wp\/v2\/product\/151575","targetHints":{"allow":["GET"]}}],"collection":[{"href":"https:\/\/baldumarket.lt\/lt\/wp-json\/wp\/v2\/product"}],"about":[{"href":"https:\/\/baldumarket.lt\/lt\/wp-json\/wp\/v2\/types\/product"}],"replies":[{"embeddable":true,"href":"https:\/\/baldumarket.lt\/lt\/wp-json\/wp\/v2\/comments?post=151575"}],"wp:featuredmedia":[{"embeddable":true,"href":"https:\/\/baldumarket.lt\/lt\/wp-json\/wp\/v2\/media\/151645"}],"wp:attachment":[{"href":"https:\/\/baldumarket.lt\/lt\/wp-json\/wp\/v2\/media?parent=151575"}],"wp:term":[{"taxonomy":"product_brand","embeddable":true,"href":"https:\/\/baldumarket.lt\/lt\/wp-json\/wp\/v2\/product_brand?post=151575"},{"taxonomy":"product_cat","embeddable":true,"href":"https:\/\/baldumarket.lt\/lt\/wp-json\/wp\/v2\/product_cat?post=151575"},{"taxonomy":"product_tag","embeddable":true,"href":"https:\/\/baldumarket.lt\/lt\/wp-json\/wp\/v2\/product_tag?post=151575"}],"curies":[{"name":"wp","href":"https:\/\/api.w.org\/{rel}","templated":true}]}}