{"id":151573,"date":"2025-12-18T05:25:56","date_gmt":"2025-12-18T02:25:56","guid":{"rendered":"https:\/\/baldumarket.lt\/?post_type=product&#038;p=151573"},"modified":"2026-02-03T23:34:08","modified_gmt":"2026-02-03T20:34:08","slug":"lozko-kontynentalne-valsen-180x200-gr1","status":"publish","type":"product","link":"https:\/\/baldumarket.lt\/lt\/product\/lozko-kontynentalne-valsen-180x200-gr1\/","title":{"rendered":"Valsenin\u0117 kontinentin\u0117 lova 180\u00d7200 Gr1"},"content":{"rendered":"<h5><span style=\"color: #54859b\">Apsilankykite m\u016bs\u0173 virtualioje WERSAL prek\u0117s \u017eenklo parduotuv\u0117je<\/span><\/h5>\n<p> <a href=\"https:\/\/my.matterport.com\/show\/?m=SjRhosZFbQJ\" target=\"_blank\" rel=\"noopener\"><span style=\"color: #e47025\">https:\/\/my.matterport.com\/<\/span><\/a><\/p>\n<p>180\u00d7200 cm dyd\u017eio mink\u0161ta lova \u201cValsen\u201d \u2013 tai prabangos ir komforto sinonimas bet kuriame miegamajame. Ji pasi\u017eymi rafinuotu dizainu, kuriame modernumas dera su funkcionalumu. Sukurta galvojant apie ilgaam\u017ei\u0161kum\u0105, ji pasi\u017eymi tvirta konstrukcija, garantuojan\u010dia ilgaam\u017ei\u0161kum\u0105. Subtiliai dygsniuota lovos galv\u016bgalis yra ne tik dekoratyvinis elementas, bet ir suteikia patogi\u0105 atram\u0105, puikiai tinkan\u010di\u0105 vakaro poilsiui. Med\u017eio masyvo pagrindas ne tik suteikia stabilumo, bet ir esteti\u0161k\u0105 \u0161ilum\u0105, derindamas nat\u016brali\u0173 med\u017eiag\u0173 patvarum\u0105 ir gro\u017e\u012f. Klientai gali rinktis i\u0161 plataus audini\u0173 ir atspalvi\u0173 asortimento, pritaikydami lov\u0105 pagal savo individualius pageidavimus ir interjero poreikius. Kiekviena detal\u0117 kruop\u0161\u010diai apgalvota, siekiant u\u017etikrinti nepriekai\u0161ting\u0105 i\u0161vaizd\u0105 ir naudojim\u0105. \u201cValsen\u201d lova si\u016bloma be \u010diu\u017einio, tod\u0117l galite laisvai pasirinkti papildom\u0105 element\u0105 tobulam miego komfortui. D\u0117l eleganti\u0161ko ir nesenstan\u010dio dizaino \u201cValsen\u201d yra daugiau nei baldas \u2013 tai investicija \u012f tobul\u0105 poils\u012f ir j\u016bs\u0173 nam\u0173 estetik\u0105. Matmenys:<\/p>","protected":false},"excerpt":{"rendered":"<p>Plotis: 189 cm<br \/>\nAuk\u0161tis: 115 cm<br \/>\nGylis: 215 cm<br \/>\nMiegamoji erdv\u0117: 180 \u00d7 200 cm<\/p>","protected":false},"featured_media":151638,"comment_status":"open","ping_status":"closed","template":"","meta":[],"product_brand":[],"product_cat":[9391,505,1972,514,4104],"product_tag":[],"class_list":{"0":"post-151573","1":"product","2":"type-product","3":"status-publish","4":"has-post-thumbnail","6":"product_cat-dream-wersal-upholstered-furniture","7":"product_cat-bedroom-beds","8":"product_cat-beds-180x200","9":"product_cat-continental-beds","10":"product_cat-wersal","12":"first","13":"instock","14":"shipping-taxable","15":"purchasable","16":"product-type-variable","17":"wvs-archive-product-wrapper"},"_links":{"self":[{"href":"https:\/\/baldumarket.lt\/lt\/wp-json\/wp\/v2\/product\/151573","targetHints":{"allow":["GET"]}}],"collection":[{"href":"https:\/\/baldumarket.lt\/lt\/wp-json\/wp\/v2\/product"}],"about":[{"href":"https:\/\/baldumarket.lt\/lt\/wp-json\/wp\/v2\/types\/product"}],"replies":[{"embeddable":true,"href":"https:\/\/baldumarket.lt\/lt\/wp-json\/wp\/v2\/comments?post=151573"}],"wp:featuredmedia":[{"embeddable":true,"href":"https:\/\/baldumarket.lt\/lt\/wp-json\/wp\/v2\/media\/151638"}],"wp:attachment":[{"href":"https:\/\/baldumarket.lt\/lt\/wp-json\/wp\/v2\/media?parent=151573"}],"wp:term":[{"taxonomy":"product_brand","embeddable":true,"href":"https:\/\/baldumarket.lt\/lt\/wp-json\/wp\/v2\/product_brand?post=151573"},{"taxonomy":"product_cat","embeddable":true,"href":"https:\/\/baldumarket.lt\/lt\/wp-json\/wp\/v2\/product_cat?post=151573"},{"taxonomy":"product_tag","embeddable":true,"href":"https:\/\/baldumarket.lt\/lt\/wp-json\/wp\/v2\/product_tag?post=151573"}],"curies":[{"name":"wp","href":"https:\/\/api.w.org\/{rel}","templated":true}]}}