{"id":151557,"date":"2025-12-18T05:25:30","date_gmt":"2025-12-18T02:25:30","guid":{"rendered":"https:\/\/baldumarket.lt\/?post_type=product&#038;p=151557"},"modified":"2026-02-03T23:34:09","modified_gmt":"2026-02-03T20:34:09","slug":"lozko-kontynentalne-flop-180x200-gr1","status":"publish","type":"product","link":"https:\/\/baldumarket.lt\/lt\/product\/lozko-kontynentalne-flop-180x200-gr1\/","title":{"rendered":"Kontinentin\u0117 lova su u\u017etiesalu 180\u00d7200 Gr1"},"content":{"rendered":"<h5><span style=\"color: #54859b\">Apsilankykite m\u016bs\u0173 virtualioje WERSAL prek\u0117s \u017eenklo parduotuv\u0117je<\/span><\/h5>\n<p> <a href=\"https:\/\/my.matterport.com\/show\/?m=SjRhosZFbQJ\" target=\"_blank\" rel=\"noopener\"><span style=\"color: #e47025\">https:\/\/my.matterport.com\/<\/span><\/a><\/p>\n<p>\u012esp\u016bdingo 180 \u00d7 200 cm dyd\u017eio kontinentin\u0117 lova \u201eFlop\u201c \u2013 tikras komforto rojus i\u0161rankiems vartotojams. Dviej\u0173 lygi\u0173 \u010diu\u017eini\u0173 sistema, sudaryta i\u0161 \u201eBonnell\u201c spyruoklinio \u010diu\u017einio ir 7 zon\u0173 ki\u0161enini\u0173 spyruokli\u0173 \u010diu\u017einio, u\u017etikrina optimali\u0105 k\u016bno atram\u0105 ir garantuoja ram\u0173 mieg\u0105. Kruop\u0161\u010diai dygsniuotas galv\u016bgalis, kuris yra ne tik vizualiai patraukli detal\u0117, bet ir prakti\u0161kas komforto elementas, skatina atsipalaidavim\u0105 visais \u012fmanomais b\u016bdais. \u012emontuota patalyn\u0117s saugykla pabr\u0117\u017eia lovos universalum\u0105, suteikdama papildomos erdv\u0117s neprarandant stiliaus. D\u0117l plataus med\u017eiag\u0173 ir spalv\u0173 pasirinkimo \u201eFloop\u201c lov\u0105 galima suasmeninti, kad ji harmoningai papildyt\u0173 bet kurio miegamojo estetik\u0105. \u012e kain\u0105 ne\u012fskai\u010diuotas \u010diu\u017einys, tod\u0117l papildom\u0105 komforto sluoksn\u012f galite pritaikyti pagal savo individualius pageidavimus.<\/p>","protected":false},"excerpt":{"rendered":"<p>Plotis: 204 cm<br \/>\nAuk\u0161tis: 125 cm<br \/>\nGylis: 226 cm<br \/>\nMiegamoji erdv\u0117: 180 \u00d7 200 cm<\/p>","protected":false},"featured_media":151631,"comment_status":"open","ping_status":"closed","template":"","meta":[],"product_brand":[],"product_cat":[9391,505,1972,514,4104],"product_tag":[],"class_list":{"0":"post-151557","1":"product","2":"type-product","3":"status-publish","4":"has-post-thumbnail","6":"product_cat-dream-wersal-upholstered-furniture","7":"product_cat-bedroom-beds","8":"product_cat-beds-180x200","9":"product_cat-continental-beds","10":"product_cat-wersal","12":"first","13":"instock","14":"shipping-taxable","15":"purchasable","16":"product-type-variable","17":"wvs-archive-product-wrapper"},"_links":{"self":[{"href":"https:\/\/baldumarket.lt\/lt\/wp-json\/wp\/v2\/product\/151557","targetHints":{"allow":["GET"]}}],"collection":[{"href":"https:\/\/baldumarket.lt\/lt\/wp-json\/wp\/v2\/product"}],"about":[{"href":"https:\/\/baldumarket.lt\/lt\/wp-json\/wp\/v2\/types\/product"}],"replies":[{"embeddable":true,"href":"https:\/\/baldumarket.lt\/lt\/wp-json\/wp\/v2\/comments?post=151557"}],"wp:featuredmedia":[{"embeddable":true,"href":"https:\/\/baldumarket.lt\/lt\/wp-json\/wp\/v2\/media\/151631"}],"wp:attachment":[{"href":"https:\/\/baldumarket.lt\/lt\/wp-json\/wp\/v2\/media?parent=151557"}],"wp:term":[{"taxonomy":"product_brand","embeddable":true,"href":"https:\/\/baldumarket.lt\/lt\/wp-json\/wp\/v2\/product_brand?post=151557"},{"taxonomy":"product_cat","embeddable":true,"href":"https:\/\/baldumarket.lt\/lt\/wp-json\/wp\/v2\/product_cat?post=151557"},{"taxonomy":"product_tag","embeddable":true,"href":"https:\/\/baldumarket.lt\/lt\/wp-json\/wp\/v2\/product_tag?post=151557"}],"curies":[{"name":"wp","href":"https:\/\/api.w.org\/{rel}","templated":true}]}}