{"id":151555,"date":"2025-12-18T05:25:29","date_gmt":"2025-12-18T02:25:29","guid":{"rendered":"https:\/\/baldumarket.lt\/?post_type=product&#038;p=151555"},"modified":"2026-02-03T23:34:09","modified_gmt":"2026-02-03T20:34:09","slug":"lozko-kontynentalne-flop-160x200-gr1","status":"publish","type":"product","link":"https:\/\/baldumarket.lt\/lt\/product\/lozko-kontynentalne-flop-160x200-gr1\/","title":{"rendered":"Kontinentin\u0117 lova su u\u017etiesalu 160\u00d7200 Gr1"},"content":{"rendered":"<h5><span style=\"color: #54859b\">Apsilankykite m\u016bs\u0173 virtualioje WERSAL prek\u0117s \u017eenklo parduotuv\u0117je<\/span><\/h5>\n<p> <a href=\"https:\/\/my.matterport.com\/show\/?m=SjRhosZFbQJ\" target=\"_blank\" rel=\"noopener\"><span style=\"color: #e47025\">https:\/\/my.matterport.com\/<\/span><\/a><\/p>\n<p>160 \u00d7 200 cm dyd\u017eio kontinentin\u0117 lova \u201eFlop\u201c yra modernaus komforto ir elegancijos sinonimas. Joje integruotas \u201eBonnell\u201c spyruoklinis \u010diu\u017einys ir 7 zon\u0173 ki\u0161enini\u0173 spyruokli\u0173 \u010diu\u017einys u\u017etikrina puiki\u0105 ergonomik\u0105 ir atram\u0105 miego metu. Dygsniuotas galv\u016bgalis ne tik i\u0161siskiria estetiniu patrauklumu, bet ir suteikia patog\u0173 pagrind\u0105 skaitymui ar poilsiui. Be stilingos i\u0161vaizdos, lovoje yra patalyn\u0117s skyrius, kuriame patogu ir prakti\u0161ka susid\u0117ti daiktus. Med\u017eiag\u0173 ir spalv\u0173 \u012fvairov\u0117 leid\u017eia lovai der\u0117ti prie bet kokio interjero. Nors \u012f kain\u0105 ne\u012fskai\u010diuotas \u010diu\u017einys, \u201eFlop\u201c suteikia galimyb\u0119 suasmeninti j\u016bs\u0173 miego patirt\u012f, u\u017etikrinant, kad kiekviena naktis b\u016bt\u0173 patogi.<\/p>","protected":false},"excerpt":{"rendered":"<p>Plotis: 184 cm<br \/>\nAuk\u0161tis: 125 cm<br \/>\nGylis: 226 cm<br \/>\nMiegamoji erdv\u0117: 160 \u00d7 200 cm<\/p>","protected":false},"featured_media":151620,"comment_status":"open","ping_status":"closed","template":"","meta":[],"product_brand":[],"product_cat":[9391,505,1971,514,4104],"product_tag":[],"class_list":{"0":"post-151555","1":"product","2":"type-product","3":"status-publish","4":"has-post-thumbnail","6":"product_cat-dream-wersal-upholstered-furniture","7":"product_cat-bedroom-beds","8":"product_cat-beds-160x200","9":"product_cat-continental-beds","10":"product_cat-wersal","12":"first","13":"instock","14":"shipping-taxable","15":"purchasable","16":"product-type-variable","17":"wvs-archive-product-wrapper"},"_links":{"self":[{"href":"https:\/\/baldumarket.lt\/lt\/wp-json\/wp\/v2\/product\/151555","targetHints":{"allow":["GET"]}}],"collection":[{"href":"https:\/\/baldumarket.lt\/lt\/wp-json\/wp\/v2\/product"}],"about":[{"href":"https:\/\/baldumarket.lt\/lt\/wp-json\/wp\/v2\/types\/product"}],"replies":[{"embeddable":true,"href":"https:\/\/baldumarket.lt\/lt\/wp-json\/wp\/v2\/comments?post=151555"}],"wp:featuredmedia":[{"embeddable":true,"href":"https:\/\/baldumarket.lt\/lt\/wp-json\/wp\/v2\/media\/151620"}],"wp:attachment":[{"href":"https:\/\/baldumarket.lt\/lt\/wp-json\/wp\/v2\/media?parent=151555"}],"wp:term":[{"taxonomy":"product_brand","embeddable":true,"href":"https:\/\/baldumarket.lt\/lt\/wp-json\/wp\/v2\/product_brand?post=151555"},{"taxonomy":"product_cat","embeddable":true,"href":"https:\/\/baldumarket.lt\/lt\/wp-json\/wp\/v2\/product_cat?post=151555"},{"taxonomy":"product_tag","embeddable":true,"href":"https:\/\/baldumarket.lt\/lt\/wp-json\/wp\/v2\/product_tag?post=151555"}],"curies":[{"name":"wp","href":"https:\/\/api.w.org\/{rel}","templated":true}]}}