{"id":151539,"date":"2025-12-18T05:24:59","date_gmt":"2025-12-18T02:24:59","guid":{"rendered":"https:\/\/baldumarket.lt\/?post_type=product&#038;p=151539"},"modified":"2026-02-03T23:34:09","modified_gmt":"2026-02-03T20:34:09","slug":"lozko-kontynentalne-flop-140x200-gr1","status":"publish","type":"product","link":"https:\/\/baldumarket.lt\/lt\/product\/lozko-kontynentalne-flop-140x200-gr1\/","title":{"rendered":"Kontinentin\u0117 lova su u\u017etiesalu 140\u00d7200 Gr1"},"content":{"rendered":"<h5><span style=\"color: #54859b\">Apsilankykite m\u016bs\u0173 virtualioje WERSAL prek\u0117s \u017eenklo parduotuv\u0117je<\/span><\/h5>\n<p> <a href=\"https:\/\/my.matterport.com\/show\/?m=SjRhosZFbQJ\" target=\"_blank\" rel=\"noopener\"><span style=\"color: #e47025\">https:\/\/my.matterport.com\/<\/span><\/a><\/p>\n<p>\u201eFlop\u201c kontinentin\u0117 lova, kurios matmenys \u2013 140 \u00d7 200 cm, \u2013 puikus pasirinkimas ie\u0161kantiems tobulos pusiausvyros tarp stiliaus ir komforto. Siekdamas maksimalaus komforto, \u201eFlop\u201c \u010diu\u017einyje derinamas \u201eBonnell\u201c spyruoklinis \u010diu\u017einys su 7 zon\u0173 ki\u0161enini\u0173 spyruokli\u0173 \u010diu\u017einiu, u\u017etikrinan\u010diu tinkam\u0105 atram\u0105 kiekvienai k\u016bno daliai. Lovos dizain\u0105 papildo eleganti\u0161kas, simetri\u0161kai dygsniuotas galv\u016bgalis, kuris ne tik suteikia patogi\u0105 atram\u0105, bet ir suteikia charakterio bet kokiam interjerui. Lovoje yra prakti\u0161kas patalyn\u0117s skyrius, kuris pagerina miegamojo funkcionalum\u0105 neprarandant estetikos. \u201eFlop\u201c si\u016blo plat\u0173 med\u017eiag\u0173 ir spalv\u0173 pasirinkim\u0105 \u2013 galimyb\u0119 j\u0105 suasmeninti pagal individualius pageidavimus. \u012e lovos kain\u0105 ne\u012feina \u010diu\u017einys, tod\u0117l klientai gali pasirinkti \u0161\u012f papildom\u0105 komforto sluoksn\u012f. Pasirinkdami \u201eFlop\u201c, investuojate \u012f ger\u0105 mieg\u0105 ir eleganti\u0161k\u0105 miegam\u0105j\u012f.<\/p>","protected":false},"excerpt":{"rendered":"<p>Plotis: 144 cm<br \/>\nAuk\u0161tis: 125 cm<br \/>\nGylis: 226 cm<br \/>\nMiegamasis plotas: 140 \u00d7 200 cm<\/p>","protected":false},"featured_media":151613,"comment_status":"open","ping_status":"closed","template":"","meta":[],"product_brand":[],"product_cat":[9391,505,1970,514,4104],"product_tag":[],"class_list":{"0":"post-151539","1":"product","2":"type-product","3":"status-publish","4":"has-post-thumbnail","6":"product_cat-dream-wersal-upholstered-furniture","7":"product_cat-bedroom-beds","8":"product_cat-beds-140x200","9":"product_cat-continental-beds","10":"product_cat-wersal","12":"first","13":"instock","14":"shipping-taxable","15":"purchasable","16":"product-type-variable","17":"wvs-archive-product-wrapper"},"_links":{"self":[{"href":"https:\/\/baldumarket.lt\/lt\/wp-json\/wp\/v2\/product\/151539","targetHints":{"allow":["GET"]}}],"collection":[{"href":"https:\/\/baldumarket.lt\/lt\/wp-json\/wp\/v2\/product"}],"about":[{"href":"https:\/\/baldumarket.lt\/lt\/wp-json\/wp\/v2\/types\/product"}],"replies":[{"embeddable":true,"href":"https:\/\/baldumarket.lt\/lt\/wp-json\/wp\/v2\/comments?post=151539"}],"wp:featuredmedia":[{"embeddable":true,"href":"https:\/\/baldumarket.lt\/lt\/wp-json\/wp\/v2\/media\/151613"}],"wp:attachment":[{"href":"https:\/\/baldumarket.lt\/lt\/wp-json\/wp\/v2\/media?parent=151539"}],"wp:term":[{"taxonomy":"product_brand","embeddable":true,"href":"https:\/\/baldumarket.lt\/lt\/wp-json\/wp\/v2\/product_brand?post=151539"},{"taxonomy":"product_cat","embeddable":true,"href":"https:\/\/baldumarket.lt\/lt\/wp-json\/wp\/v2\/product_cat?post=151539"},{"taxonomy":"product_tag","embeddable":true,"href":"https:\/\/baldumarket.lt\/lt\/wp-json\/wp\/v2\/product_tag?post=151539"}],"curies":[{"name":"wp","href":"https:\/\/api.w.org\/{rel}","templated":true}]}}