{"id":151537,"date":"2025-12-18T05:24:57","date_gmt":"2025-12-18T02:24:57","guid":{"rendered":"https:\/\/baldumarket.lt\/?post_type=product&#038;p=151537"},"modified":"2026-02-03T23:34:09","modified_gmt":"2026-02-03T20:34:09","slug":"lozko-kontynentalne-elma-180x200-gr1","status":"publish","type":"product","link":"https:\/\/baldumarket.lt\/lt\/product\/lozko-kontynentalne-elma-180x200-gr1\/","title":{"rendered":"Kontinentin\u0117 lova Elma 180\u00d7200 Gr1"},"content":{"rendered":"<h5><span style=\"color: #54859b\">Apsilankykite m\u016bs\u0173 virtualioje WERSAL prek\u0117s \u017eenklo parduotuv\u0117je<\/span><\/h5>\n<p> <a href=\"https:\/\/my.matterport.com\/show\/?m=SjRhosZFbQJ\" target=\"_blank\" rel=\"noopener\"><span style=\"color: #e47025\">https:\/\/my.matterport.com\/<\/span><\/a><\/p>\n<p>180 \u00d7 200 cm dyd\u017eio kontinentin\u0117 lova \u201eElma\u201c \u2013 tikra prabanga bet kuriame miegamajame. Eleganti\u0161kas galv\u016bgalis, sukurtas atsi\u017evelgiant \u012f estetik\u0105 ir komfort\u0105, sukuria unikali\u0105 atmosfer\u0105. Lovos r\u0117mas su pasl\u0117ptu daiktad\u0117\u017ee maksimaliai padidina funkcionalum\u0105 ir kartu si\u016blo prakti\u0161k\u0105 daikt\u0173 laikymo sprendim\u0105. D\u0117l \u012fvairi\u0173 apdailos ir spalv\u0173 \u201eElma\u201c lov\u0105 galima suasmeninti, kad ji puikiai papildyt\u0173 j\u016bs\u0173 miegamojo interjer\u0105. Patvarios konstrukcijos \u201eElma\u201c lova sukurta taip, kad atlaikyt\u0173 laiko i\u0161bandym\u0105, u\u017etikrindama ilgalaik\u0119 elegancij\u0105 ir komfort\u0105. \u012e kain\u0105 ne\u012fskai\u010diuotas \u010diu\u017einys, tod\u0117l galite laisvai pasirinkti tobul\u0105 \u010diu\u017ein\u012f asmeniniam komfortui.<\/p>","protected":false},"excerpt":{"rendered":"<p>Plotis: 206 cm<br \/>\nAuk\u0161tis: 110 cm<br \/>\nGylis: 220 cm<br \/>\nMiegamoji erdv\u0117: 180 \u00d7 200 cm<\/p>","protected":false},"featured_media":151602,"comment_status":"open","ping_status":"closed","template":"","meta":[],"product_brand":[],"product_cat":[9391,505,1972,514,4104],"product_tag":[],"class_list":{"0":"post-151537","1":"product","2":"type-product","3":"status-publish","4":"has-post-thumbnail","6":"product_cat-dream-wersal-upholstered-furniture","7":"product_cat-bedroom-beds","8":"product_cat-beds-180x200","9":"product_cat-continental-beds","10":"product_cat-wersal","12":"first","13":"instock","14":"shipping-taxable","15":"purchasable","16":"product-type-variable","17":"wvs-archive-product-wrapper"},"_links":{"self":[{"href":"https:\/\/baldumarket.lt\/lt\/wp-json\/wp\/v2\/product\/151537","targetHints":{"allow":["GET"]}}],"collection":[{"href":"https:\/\/baldumarket.lt\/lt\/wp-json\/wp\/v2\/product"}],"about":[{"href":"https:\/\/baldumarket.lt\/lt\/wp-json\/wp\/v2\/types\/product"}],"replies":[{"embeddable":true,"href":"https:\/\/baldumarket.lt\/lt\/wp-json\/wp\/v2\/comments?post=151537"}],"wp:featuredmedia":[{"embeddable":true,"href":"https:\/\/baldumarket.lt\/lt\/wp-json\/wp\/v2\/media\/151602"}],"wp:attachment":[{"href":"https:\/\/baldumarket.lt\/lt\/wp-json\/wp\/v2\/media?parent=151537"}],"wp:term":[{"taxonomy":"product_brand","embeddable":true,"href":"https:\/\/baldumarket.lt\/lt\/wp-json\/wp\/v2\/product_brand?post=151537"},{"taxonomy":"product_cat","embeddable":true,"href":"https:\/\/baldumarket.lt\/lt\/wp-json\/wp\/v2\/product_cat?post=151537"},{"taxonomy":"product_tag","embeddable":true,"href":"https:\/\/baldumarket.lt\/lt\/wp-json\/wp\/v2\/product_tag?post=151537"}],"curies":[{"name":"wp","href":"https:\/\/api.w.org\/{rel}","templated":true}]}}