{"id":151521,"date":"2025-12-18T05:24:29","date_gmt":"2025-12-18T02:24:29","guid":{"rendered":"https:\/\/baldumarket.lt\/?post_type=product&#038;p=151521"},"modified":"2026-02-03T23:34:09","modified_gmt":"2026-02-03T20:34:09","slug":"lozko-kontynentalne-elma-160x200-gr1","status":"publish","type":"product","link":"https:\/\/baldumarket.lt\/lt\/product\/lozko-kontynentalne-elma-160x200-gr1\/","title":{"rendered":"Kontinentin\u0117 lova Elma 160\u00d7200 Gr1"},"content":{"rendered":"<h5><span style=\"color: #54859b\">Apsilankykite m\u016bs\u0173 virtualioje WERSAL prek\u0117s \u017eenklo parduotuv\u0117je<\/span><\/h5>\n<p> <a href=\"https:\/\/my.matterport.com\/show\/?m=SjRhosZFbQJ\" target=\"_blank\" rel=\"noopener\"><span style=\"color: #e47025\">https:\/\/my.matterport.com\/<\/span><\/a><\/p>\n<p>160 \u00d7 200 cm dyd\u017eio kontinentin\u0117 lova \u201eElma\u201c yra elegancijos ir komforto sinonimas. Paprastas, ta\u010diau rafinuotas galv\u016bgalis sukuria tobul\u0105 fon\u0105 atpalaiduojan\u010diai miegamojo erdvei. \u012emontuotas lovos daiktad\u0117\u017e\u0117 padidina prakti\u0161kum\u0105, nes suteikia diskreti\u0161k\u0105 daikt\u0173 laikymo galimyb\u0119. Med\u017eiag\u0173 ir spalv\u0173 pasirinkimas leid\u017eia lovai papildyti bet kok\u012f interjer\u0105, o patvari konstrukcija garantuoja ilgalaik\u012f komfort\u0105. \u201eElma\u201c lova, ne\u012fskaitant \u010diu\u017einio kainos, leid\u017eia individualiai konfig\u016bruoti lov\u0105, kad miegojimas b\u016bt\u0173 tobulas.<\/p>","protected":false},"excerpt":{"rendered":"<p>Plotis: 186 cm<br \/>\nAuk\u0161tis: 110 cm<br \/>\nGylis: 220 cm<br \/>\nMiegamoji erdv\u0117: 160 \u00d7 200 cm<\/p>","protected":false},"featured_media":151595,"comment_status":"open","ping_status":"closed","template":"","meta":[],"product_brand":[],"product_cat":[9391,505,1971,514,4104],"product_tag":[],"class_list":{"0":"post-151521","1":"product","2":"type-product","3":"status-publish","4":"has-post-thumbnail","6":"product_cat-dream-wersal-upholstered-furniture","7":"product_cat-bedroom-beds","8":"product_cat-beds-160x200","9":"product_cat-continental-beds","10":"product_cat-wersal","12":"first","13":"instock","14":"shipping-taxable","15":"purchasable","16":"product-type-variable","17":"wvs-archive-product-wrapper"},"_links":{"self":[{"href":"https:\/\/baldumarket.lt\/lt\/wp-json\/wp\/v2\/product\/151521","targetHints":{"allow":["GET"]}}],"collection":[{"href":"https:\/\/baldumarket.lt\/lt\/wp-json\/wp\/v2\/product"}],"about":[{"href":"https:\/\/baldumarket.lt\/lt\/wp-json\/wp\/v2\/types\/product"}],"replies":[{"embeddable":true,"href":"https:\/\/baldumarket.lt\/lt\/wp-json\/wp\/v2\/comments?post=151521"}],"wp:featuredmedia":[{"embeddable":true,"href":"https:\/\/baldumarket.lt\/lt\/wp-json\/wp\/v2\/media\/151595"}],"wp:attachment":[{"href":"https:\/\/baldumarket.lt\/lt\/wp-json\/wp\/v2\/media?parent=151521"}],"wp:term":[{"taxonomy":"product_brand","embeddable":true,"href":"https:\/\/baldumarket.lt\/lt\/wp-json\/wp\/v2\/product_brand?post=151521"},{"taxonomy":"product_cat","embeddable":true,"href":"https:\/\/baldumarket.lt\/lt\/wp-json\/wp\/v2\/product_cat?post=151521"},{"taxonomy":"product_tag","embeddable":true,"href":"https:\/\/baldumarket.lt\/lt\/wp-json\/wp\/v2\/product_tag?post=151521"}],"curies":[{"name":"wp","href":"https:\/\/api.w.org\/{rel}","templated":true}]}}