{"id":151519,"date":"2025-12-18T05:24:27","date_gmt":"2025-12-18T02:24:27","guid":{"rendered":"https:\/\/baldumarket.lt\/?post_type=product&#038;p=151519"},"modified":"2026-02-03T23:34:09","modified_gmt":"2026-02-03T20:34:09","slug":"lozko-kontynentalne-elma-140x200-gr1","status":"publish","type":"product","link":"https:\/\/baldumarket.lt\/lt\/product\/lozko-kontynentalne-elma-140x200-gr1\/","title":{"rendered":"Kontinentin\u0117 lova Elma 140\u00d7200 Gr1"},"content":{"rendered":"<h5><span style=\"color: #54859b\">Apsilankykite m\u016bs\u0173 virtualioje WERSAL prek\u0117s \u017eenklo parduotuv\u0117je<\/span><\/h5>\n<p> <a href=\"https:\/\/my.matterport.com\/show\/?m=SjRhosZFbQJ\" target=\"_blank\" rel=\"noopener\"><span style=\"color: #e47025\">https:\/\/my.matterport.com\/<\/span><\/a><\/p>\n<p>140 \u00d7 200 cm dyd\u017eio kontinentin\u0117 lova \u201eElma\u201c derina klasikin\u012f gro\u017e\u012f ir modern\u0173 funkcionalum\u0105. Paprasto, bet eleganti\u0161ko dizaino galv\u016bgalis tampa subtiliu, ta\u010diau i\u0161skirtiniu bet kurio miegamojo akcentu. Papildomas privalumas \u2013 \u012fmontuota patalyn\u0117s laikymo vieta, puikiai tinkanti tiems, kuriems reikia daugiau vietos daiktams susid\u0117ti. Kruop\u0161\u010diai parinktos med\u017eiagos ir spalv\u0173 \u012fvairov\u0117 leid\u017eia susikurti lov\u0105, kuri puikiai papildyt\u0173 j\u016bs\u0173 individualius pageidavimus ir interjero dizain\u0105. Tvirta konstrukcija suteikia atram\u0105 ir patvarum\u0105, o apdaila parinkta taip, kad atlaikyt\u0173 laiko i\u0161bandym\u0105. \u012e \u201eElma\u201c lovos kain\u0105 ne\u012feina vir\u0161utinis u\u017evalkalas, tod\u0117l klientai gali suasmeninti miego komfort\u0105. \u0160i lova \u2013 tai daugiau nei tik vieta poilsiui; tai investicija \u012f j\u016bs\u0173 kasdienio gyvenimo kokyb\u0119.<\/p>","protected":false},"excerpt":{"rendered":"<p>Plotis: 166 cm<br \/>\nAuk\u0161tis: 110 cm<br \/>\nGylis: 220 cm<br \/>\nMiegamasis plotas: 140 \u00d7 200 cm<\/p>","protected":false},"featured_media":151584,"comment_status":"open","ping_status":"closed","template":"","meta":[],"product_brand":[],"product_cat":[9391,505,1970,514,4104],"product_tag":[],"class_list":{"0":"post-151519","1":"product","2":"type-product","3":"status-publish","4":"has-post-thumbnail","6":"product_cat-dream-wersal-upholstered-furniture","7":"product_cat-bedroom-beds","8":"product_cat-beds-140x200","9":"product_cat-continental-beds","10":"product_cat-wersal","12":"first","13":"instock","14":"shipping-taxable","15":"purchasable","16":"product-type-variable","17":"wvs-archive-product-wrapper"},"_links":{"self":[{"href":"https:\/\/baldumarket.lt\/lt\/wp-json\/wp\/v2\/product\/151519","targetHints":{"allow":["GET"]}}],"collection":[{"href":"https:\/\/baldumarket.lt\/lt\/wp-json\/wp\/v2\/product"}],"about":[{"href":"https:\/\/baldumarket.lt\/lt\/wp-json\/wp\/v2\/types\/product"}],"replies":[{"embeddable":true,"href":"https:\/\/baldumarket.lt\/lt\/wp-json\/wp\/v2\/comments?post=151519"}],"wp:featuredmedia":[{"embeddable":true,"href":"https:\/\/baldumarket.lt\/lt\/wp-json\/wp\/v2\/media\/151584"}],"wp:attachment":[{"href":"https:\/\/baldumarket.lt\/lt\/wp-json\/wp\/v2\/media?parent=151519"}],"wp:term":[{"taxonomy":"product_brand","embeddable":true,"href":"https:\/\/baldumarket.lt\/lt\/wp-json\/wp\/v2\/product_brand?post=151519"},{"taxonomy":"product_cat","embeddable":true,"href":"https:\/\/baldumarket.lt\/lt\/wp-json\/wp\/v2\/product_cat?post=151519"},{"taxonomy":"product_tag","embeddable":true,"href":"https:\/\/baldumarket.lt\/lt\/wp-json\/wp\/v2\/product_tag?post=151519"}],"curies":[{"name":"wp","href":"https:\/\/api.w.org\/{rel}","templated":true}]}}