{"id":151503,"date":"2025-12-18T05:23:59","date_gmt":"2025-12-18T02:23:59","guid":{"rendered":"https:\/\/baldumarket.lt\/?post_type=product&#038;p=151503"},"modified":"2026-02-03T23:34:10","modified_gmt":"2026-02-03T20:34:10","slug":"lozko-kontynentalne-charles-180x200-gr1","status":"publish","type":"product","link":"https:\/\/baldumarket.lt\/lt\/product\/lozko-kontynentalne-charles-180x200-gr1\/","title":{"rendered":"Charles kontinentin\u0117 lova 180\u00d7200 Gr1"},"content":{"rendered":"<h5><span style=\"color: #54859b\">Apsilankykite m\u016bs\u0173 virtualioje WERSAL prek\u0117s \u017eenklo parduotuv\u0117je<\/span><\/h5>\n<p> <a href=\"https:\/\/my.matterport.com\/show\/?m=SjRhosZFbQJ\" target=\"_blank\" rel=\"noopener\"><span style=\"color: #e47025\">https:\/\/my.matterport.com\/<\/span><\/a><\/p>\n<p>180 \u00d7 200 cm dyd\u017eio \u201eCharles\u201c kontinentin\u0117 lova \u2013 erdvaus poilsio \u012fsik\u016bnijimas. Eleganti\u0161ki galv\u016bgalio apsiuvai suteikia miegamajam prabangos, o tvirta konstrukcija \u017eada ilgaam\u017ei\u0161kum\u0105. Pritaikykite i\u0161vaizd\u0105 prie savo interjero pasirinkdami i\u0161 plataus apdailos asortimento. \u012e kain\u0105 ne\u012fskai\u010diuotas vir\u0161utinis u\u017evalkalas, tod\u0117l galite suasmeninti miego patirt\u012f pagal savo poreikius.<\/p>","protected":false},"excerpt":{"rendered":"<p>Plotis: 184 cm<br \/>\n\u016agis: 121 cm<br \/>\nGylis: 236 cm<br \/>\nMiegamoji erdv\u0117: 180 \u00d7 200 cm<\/p>","protected":false},"featured_media":151577,"comment_status":"open","ping_status":"closed","template":"","meta":[],"product_brand":[],"product_cat":[9391,505,1972,514,4104],"product_tag":[],"class_list":{"0":"post-151503","1":"product","2":"type-product","3":"status-publish","4":"has-post-thumbnail","6":"product_cat-dream-wersal-upholstered-furniture","7":"product_cat-bedroom-beds","8":"product_cat-beds-180x200","9":"product_cat-continental-beds","10":"product_cat-wersal","12":"first","13":"instock","14":"shipping-taxable","15":"purchasable","16":"product-type-variable","17":"wvs-archive-product-wrapper"},"_links":{"self":[{"href":"https:\/\/baldumarket.lt\/lt\/wp-json\/wp\/v2\/product\/151503","targetHints":{"allow":["GET"]}}],"collection":[{"href":"https:\/\/baldumarket.lt\/lt\/wp-json\/wp\/v2\/product"}],"about":[{"href":"https:\/\/baldumarket.lt\/lt\/wp-json\/wp\/v2\/types\/product"}],"replies":[{"embeddable":true,"href":"https:\/\/baldumarket.lt\/lt\/wp-json\/wp\/v2\/comments?post=151503"}],"wp:featuredmedia":[{"embeddable":true,"href":"https:\/\/baldumarket.lt\/lt\/wp-json\/wp\/v2\/media\/151577"}],"wp:attachment":[{"href":"https:\/\/baldumarket.lt\/lt\/wp-json\/wp\/v2\/media?parent=151503"}],"wp:term":[{"taxonomy":"product_brand","embeddable":true,"href":"https:\/\/baldumarket.lt\/lt\/wp-json\/wp\/v2\/product_brand?post=151503"},{"taxonomy":"product_cat","embeddable":true,"href":"https:\/\/baldumarket.lt\/lt\/wp-json\/wp\/v2\/product_cat?post=151503"},{"taxonomy":"product_tag","embeddable":true,"href":"https:\/\/baldumarket.lt\/lt\/wp-json\/wp\/v2\/product_tag?post=151503"}],"curies":[{"name":"wp","href":"https:\/\/api.w.org\/{rel}","templated":true}]}}