{"id":151487,"date":"2025-12-18T05:23:34","date_gmt":"2025-12-18T02:23:34","guid":{"rendered":"https:\/\/baldumarket.lt\/?post_type=product&#038;p=151487"},"modified":"2026-02-03T23:34:10","modified_gmt":"2026-02-03T20:34:10","slug":"lozko-kontynentalne-charles-140x200-gr1","status":"publish","type":"product","link":"https:\/\/baldumarket.lt\/lt\/product\/lozko-kontynentalne-charles-140x200-gr1\/","title":{"rendered":"Charles kontinentin\u0117 lova 140&#215;200 Gr1"},"content":{"rendered":"<h5><span style=\"color: #54859b\">Apsilankykite m\u016bs\u0173 virtualioje WERSAL prek\u0117s \u017eenklo parduotuv\u0117je<\/span><\/h5>\n<p> <a href=\"https:\/\/my.matterport.com\/show\/?m=SjRhosZFbQJ\" target=\"_blank\" rel=\"noopener\"><span style=\"color: #e47025\">https:\/\/my.matterport.com\/<\/span><\/a><\/p>\n<p>140 \u00d7 200 cm dyd\u017eio kontinentin\u0117 lova \u201eCharles\u201c derina elegancij\u0105 ir rafinuot\u0105 komfort\u0105. I\u0161skirtinis bruo\u017eas \u2013 gausiai dygsniuotas galv\u016bgalis, kuris tarnauja kaip funkcionali atrama ir \u012fsp\u016bdingas dekoratyvinis elementas. Kruop\u0161tus meistri\u0161kumas, matomas kiekvienoje si\u016bl\u0117je, u\u017etikrina patvarum\u0105 ir prabangi\u0105 i\u0161vaizd\u0105. Lova turi pagrind\u0105, kuris suteikia stabilumo ir eleganti\u0161ko lengvumo d\u0117l meistri\u0161kai suformuot\u0173 kojeli\u0173. \u201eCharles\u201c lova, si\u016bloma su \u012fvairia apdaila, leid\u017eia pritaikyti jos i\u0161vaizd\u0105 pagal asmeninius pageidavimus, u\u017etikrinant, kad ji papildyt\u0173 \u012fvairi\u0105 miegamojo estetik\u0105. \u012e \u201eCharles\u201c lovos kain\u0105 ne\u012feina vir\u0161utinis sluoksnis, tod\u0117l galite pasirinkti optimal\u0173 komforto lyg\u012f. Tai pasirinkimas tiems, kurie ie\u0161ko stiliaus ir neprilygstamo funkcionalumo savo nam\u0173 \u0161ventov\u0117s \u0161irdyje.<\/p>","protected":false},"excerpt":{"rendered":"<p>Plotis: 144 cm<br \/>\n\u016agis: 121 cm<br \/>\nGylis: 236 cm<br \/>\nMiegamasis plotas: 140 \u00d7 200 cm<\/p>","protected":false},"featured_media":151559,"comment_status":"open","ping_status":"closed","template":"","meta":[],"product_brand":[],"product_cat":[9391,505,1970,514,4104],"product_tag":[],"class_list":{"0":"post-151487","1":"product","2":"type-product","3":"status-publish","4":"has-post-thumbnail","6":"product_cat-dream-wersal-upholstered-furniture","7":"product_cat-bedroom-beds","8":"product_cat-beds-140x200","9":"product_cat-continental-beds","10":"product_cat-wersal","12":"first","13":"instock","14":"shipping-taxable","15":"purchasable","16":"product-type-variable","17":"wvs-archive-product-wrapper"},"_links":{"self":[{"href":"https:\/\/baldumarket.lt\/lt\/wp-json\/wp\/v2\/product\/151487","targetHints":{"allow":["GET"]}}],"collection":[{"href":"https:\/\/baldumarket.lt\/lt\/wp-json\/wp\/v2\/product"}],"about":[{"href":"https:\/\/baldumarket.lt\/lt\/wp-json\/wp\/v2\/types\/product"}],"replies":[{"embeddable":true,"href":"https:\/\/baldumarket.lt\/lt\/wp-json\/wp\/v2\/comments?post=151487"}],"wp:featuredmedia":[{"embeddable":true,"href":"https:\/\/baldumarket.lt\/lt\/wp-json\/wp\/v2\/media\/151559"}],"wp:attachment":[{"href":"https:\/\/baldumarket.lt\/lt\/wp-json\/wp\/v2\/media?parent=151487"}],"wp:term":[{"taxonomy":"product_brand","embeddable":true,"href":"https:\/\/baldumarket.lt\/lt\/wp-json\/wp\/v2\/product_brand?post=151487"},{"taxonomy":"product_cat","embeddable":true,"href":"https:\/\/baldumarket.lt\/lt\/wp-json\/wp\/v2\/product_cat?post=151487"},{"taxonomy":"product_tag","embeddable":true,"href":"https:\/\/baldumarket.lt\/lt\/wp-json\/wp\/v2\/product_tag?post=151487"}],"curies":[{"name":"wp","href":"https:\/\/api.w.org\/{rel}","templated":true}]}}