{"id":151485,"date":"2025-12-18T05:23:33","date_gmt":"2025-12-18T02:23:33","guid":{"rendered":"https:\/\/baldumarket.lt\/?post_type=product&#038;p=151485"},"modified":"2026-02-03T23:34:10","modified_gmt":"2026-02-03T20:34:10","slug":"lozko-kontynentalne-amber-180x200-gr1","status":"publish","type":"product","link":"https:\/\/baldumarket.lt\/lt\/product\/lozko-kontynentalne-amber-180x200-gr1\/","title":{"rendered":"Kontinentin\u0117 lova \u201eGintaras\u201c 180\u00d7200 Gr1"},"content":{"rendered":"<h5><span style=\"color: #54859b\">Apsilankykite m\u016bs\u0173 virtualioje WERSAL prek\u0117s \u017eenklo parduotuv\u0117je<\/span><\/h5>\n<p> <a href=\"https:\/\/my.matterport.com\/show\/?m=SjRhosZFbQJ\" target=\"_blank\" rel=\"noopener\"><span style=\"color: #e47025\">https:\/\/my.matterport.com\/<\/span><\/a><\/p>\n<p>\u201eAmber\u201c 180\u00d7200 cm kontinentin\u0117 lova derina prabang\u0173 komfort\u0105 ir funkcionalum\u0105, puikiai tinkanti erdviems miegamiesiems. Ry\u0161kus galv\u016bgalio apsiuvimas sukuria ry\u0161k\u0173 akcent\u0105, o tvirta lovos konstrukcija garantuoja stabilum\u0105. \u012emontuota patalyn\u0117s saugykla suteikia prakti\u0161kumo, o galimyb\u0117 rinktis i\u0161 plataus med\u017eiag\u0173 ir atspalvi\u0173 asortimento leid\u017eia visi\u0161kai pritaikyti lov\u0105 pagal savo poreikius. \u012e lovos kain\u0105 ne\u012feina vir\u0161utinis u\u017evalkalas, tod\u0117l yra daugiau patogumo.<\/p>","protected":false},"excerpt":{"rendered":"<p>Plotis: 205 cm<br \/>\nAuk\u0161tis: 130 cm<br \/>\nGylis: 213 cm<br \/>\nMiegamoji erdv\u0117: 180 \u00d7 200 cm<\/p>","protected":false},"featured_media":151548,"comment_status":"open","ping_status":"closed","template":"","meta":[],"product_brand":[],"product_cat":[9391,505,1972,514,4104],"product_tag":[],"class_list":{"0":"post-151485","1":"product","2":"type-product","3":"status-publish","4":"has-post-thumbnail","6":"product_cat-dream-wersal-upholstered-furniture","7":"product_cat-bedroom-beds","8":"product_cat-beds-180x200","9":"product_cat-continental-beds","10":"product_cat-wersal","12":"first","13":"instock","14":"shipping-taxable","15":"purchasable","16":"product-type-variable","17":"wvs-archive-product-wrapper"},"_links":{"self":[{"href":"https:\/\/baldumarket.lt\/lt\/wp-json\/wp\/v2\/product\/151485","targetHints":{"allow":["GET"]}}],"collection":[{"href":"https:\/\/baldumarket.lt\/lt\/wp-json\/wp\/v2\/product"}],"about":[{"href":"https:\/\/baldumarket.lt\/lt\/wp-json\/wp\/v2\/types\/product"}],"replies":[{"embeddable":true,"href":"https:\/\/baldumarket.lt\/lt\/wp-json\/wp\/v2\/comments?post=151485"}],"wp:featuredmedia":[{"embeddable":true,"href":"https:\/\/baldumarket.lt\/lt\/wp-json\/wp\/v2\/media\/151548"}],"wp:attachment":[{"href":"https:\/\/baldumarket.lt\/lt\/wp-json\/wp\/v2\/media?parent=151485"}],"wp:term":[{"taxonomy":"product_brand","embeddable":true,"href":"https:\/\/baldumarket.lt\/lt\/wp-json\/wp\/v2\/product_brand?post=151485"},{"taxonomy":"product_cat","embeddable":true,"href":"https:\/\/baldumarket.lt\/lt\/wp-json\/wp\/v2\/product_cat?post=151485"},{"taxonomy":"product_tag","embeddable":true,"href":"https:\/\/baldumarket.lt\/lt\/wp-json\/wp\/v2\/product_tag?post=151485"}],"curies":[{"name":"wp","href":"https:\/\/api.w.org\/{rel}","templated":true}]}}