{"id":151470,"date":"2025-12-18T05:23:08","date_gmt":"2025-12-18T02:23:08","guid":{"rendered":"https:\/\/baldumarket.lt\/?post_type=product&#038;p=151470"},"modified":"2026-02-03T23:34:10","modified_gmt":"2026-02-03T20:34:10","slug":"lozko-kontynentalne-amber-160x200-gr1","status":"publish","type":"product","link":"https:\/\/baldumarket.lt\/lt\/product\/lozko-kontynentalne-amber-160x200-gr1\/","title":{"rendered":"Kontinentin\u0117 lova \u201eAmber\u201c 160&#215;200 Gr1"},"content":{"rendered":"<h5><span style=\"color: #54859b\">Apsilankykite m\u016bs\u0173 virtualioje WERSAL prek\u0117s \u017eenklo parduotuv\u0117je<\/span><\/h5>\n<p> <a href=\"https:\/\/my.matterport.com\/show\/?m=SjRhosZFbQJ\" target=\"_blank\" rel=\"noopener\"><span style=\"color: #e47025\">https:\/\/my.matterport.com\/<\/span><\/a><\/p>\n<p>\u201eAmber\u201c kontinentin\u0117 lova, 160 \u00d7 200 cm, yra puikus pasirinkimas tiems, kurie ie\u0161ko funkcionalumo ir modernaus dizaino derinio. Eleganti\u0161kas, dygsniuotas galv\u016bgalis ne tik suteikia patogi\u0105 atram\u0105, bet ir tampa subtiliu miegamojo akcentu. Lovos konstrukcija sukurta taip, kad u\u017etikrint\u0173 tvirt\u0105 atram\u0105 ir ilgaam\u017ei\u0161kum\u0105, o stilingai suprojektuotos kojel\u0117s i\u0161laiko esteti\u0161k\u0105 ir lengv\u0105 i\u0161vaizd\u0105. \u201eAmber\u201c pasi\u017eymi i\u0161skirtine verte, si\u016blydama ne tik patog\u0173 mieg\u0105, bet ir funkcionalum\u0105 d\u0117l \u012fmontuoto patalyn\u0117s skyriaus, puikiai tinkan\u010dio daiktams laikyti. Be to, \u0161i kolekcija, kuri\u0105 galima \u012fsigyti \u012fvairi\u0173 apdailos ir spalv\u0173 variant\u0173, leid\u017eia susikurti lov\u0105, puikiai atitinkan\u010di\u0105 kiekvieno vartotojo individualius pageidavimus. Atkreipkite d\u0117mes\u012f, kad \u012f lovos kain\u0105 ne\u012fskai\u010diuotas \u010diu\u017einys, tod\u0117l klientai gali laisvai pasirinkti \u0161\u012f element\u0105 pagal savo komforto poreikius. \u201eAmber\u201c kontinentin\u0117 lova, 160 \u00d7 200 cm, u\u017etikrina, kad kiekviena naktis \u0161ioje lovoje bus prabangos ir atsipalaidavimo sinonimas.<\/p>","protected":false},"excerpt":{"rendered":"<p>Plotis: 185 cm<br \/>\nAuk\u0161tis: 130 cm<br \/>\nGylis: 213 cm<br \/>\nMiegamoji erdv\u0117: 160 x 200 cm<\/p>","protected":false},"featured_media":151541,"comment_status":"open","ping_status":"closed","template":"","meta":[],"product_brand":[],"product_cat":[9391,505,1971,514,4104],"product_tag":[],"class_list":{"0":"post-151470","1":"product","2":"type-product","3":"status-publish","4":"has-post-thumbnail","6":"product_cat-dream-wersal-upholstered-furniture","7":"product_cat-bedroom-beds","8":"product_cat-beds-160x200","9":"product_cat-continental-beds","10":"product_cat-wersal","12":"first","13":"instock","14":"shipping-taxable","15":"purchasable","16":"product-type-variable","17":"wvs-archive-product-wrapper"},"_links":{"self":[{"href":"https:\/\/baldumarket.lt\/lt\/wp-json\/wp\/v2\/product\/151470","targetHints":{"allow":["GET"]}}],"collection":[{"href":"https:\/\/baldumarket.lt\/lt\/wp-json\/wp\/v2\/product"}],"about":[{"href":"https:\/\/baldumarket.lt\/lt\/wp-json\/wp\/v2\/types\/product"}],"replies":[{"embeddable":true,"href":"https:\/\/baldumarket.lt\/lt\/wp-json\/wp\/v2\/comments?post=151470"}],"wp:featuredmedia":[{"embeddable":true,"href":"https:\/\/baldumarket.lt\/lt\/wp-json\/wp\/v2\/media\/151541"}],"wp:attachment":[{"href":"https:\/\/baldumarket.lt\/lt\/wp-json\/wp\/v2\/media?parent=151470"}],"wp:term":[{"taxonomy":"product_brand","embeddable":true,"href":"https:\/\/baldumarket.lt\/lt\/wp-json\/wp\/v2\/product_brand?post=151470"},{"taxonomy":"product_cat","embeddable":true,"href":"https:\/\/baldumarket.lt\/lt\/wp-json\/wp\/v2\/product_cat?post=151470"},{"taxonomy":"product_tag","embeddable":true,"href":"https:\/\/baldumarket.lt\/lt\/wp-json\/wp\/v2\/product_tag?post=151470"}],"curies":[{"name":"wp","href":"https:\/\/api.w.org\/{rel}","templated":true}]}}