{"id":151468,"date":"2025-12-18T05:23:06","date_gmt":"2025-12-18T02:23:06","guid":{"rendered":"https:\/\/baldumarket.lt\/?post_type=product&#038;p=151468"},"modified":"2026-02-03T23:34:10","modified_gmt":"2026-02-03T20:34:10","slug":"lozko-kontynentalne-amber-140x200-gr1","status":"publish","type":"product","link":"https:\/\/baldumarket.lt\/lt\/product\/lozko-kontynentalne-amber-140x200-gr1\/","title":{"rendered":"Kontinentin\u0117 lova \u201eGintaras\u201c 140\u00d7200 Gr1"},"content":{"rendered":"<h5><span style=\"color: #54859b\">Apsilankykite m\u016bs\u0173 virtualioje WERSAL prek\u0117s \u017eenklo parduotuv\u0117je<\/span><\/h5>\n<p> <a href=\"https:\/\/my.matterport.com\/show\/?m=SjRhosZFbQJ\" target=\"_blank\" rel=\"noopener\"><span style=\"color: #e47025\">https:\/\/my.matterport.com\/<\/span><\/a><\/p>\n<p>\u201eAmber\u201c kontinentin\u0117 lova, kurios matmenys 140 \u00d7 200 cm, yra dizaino \u0161edevras, kuriame dera moderni estetika ir prakti\u0161kumas. I\u0161skirtinis dygsniuotas galv\u016bgalis, sukuriantis mink\u0161t\u0105 fon\u0105 atlo\u0161ui, ne tik suteikia komforto, bet ir pabr\u0117\u017eia unikal\u0173 interjero charakter\u012f. Pastatyta ant tvirto r\u0117mo, lova suteikia stabili\u0105 atram\u0105, o d\u0117l rafinuotos koj\u0173 linijos i\u0161laiko eleganti\u0161k\u0105 ir lengv\u0105 i\u0161vaizd\u0105. Atsi\u017evelgdama \u012f individualius pageidavimus, \u201eAmber\u201c si\u016blo plat\u0173 med\u017eiag\u0173 ir spalv\u0173 pasirinkim\u0105, leid\u017eiant\u012f priderinti lov\u0105 prie bet kokio miegamojo stiliaus. Vertinama d\u0117l savo universalumo, \u201eAmber\u201c taip pat turi prakti\u0161k\u0105 patalyn\u0117s d\u0117\u017e\u0119 \u2013 puik\u0173 sprendim\u0105 erdv\u0117s optimizavimui. \u0160ios lovos kaina neapima \u010diu\u017einio, tod\u0117l galima individualiai pasirinkti papildom\u0105 miegojimo komfort\u0105. \u201eAmber\u201c lova yra puikus pasirinkimas tiems, kurie ie\u0161ko ir komforto, ir eleganti\u0161ko papildymo savo nam\u0173 \u0161ventovei.<\/p>","protected":false},"excerpt":{"rendered":"<p>Plotis: 165 cm<br \/>\nAuk\u0161tis: 130 cm<br \/>\nGylis: 213 cm<br \/>\nMiegamasis plotas: 140 \u00d7 200 cm<\/p>","protected":false},"featured_media":151530,"comment_status":"open","ping_status":"closed","template":"","meta":[],"product_brand":[],"product_cat":[9391,505,1970,514,4104],"product_tag":[],"class_list":{"0":"post-151468","1":"product","2":"type-product","3":"status-publish","4":"has-post-thumbnail","6":"product_cat-dream-wersal-upholstered-furniture","7":"product_cat-bedroom-beds","8":"product_cat-beds-140x200","9":"product_cat-continental-beds","10":"product_cat-wersal","12":"first","13":"instock","14":"shipping-taxable","15":"purchasable","16":"product-type-variable","17":"wvs-archive-product-wrapper"},"_links":{"self":[{"href":"https:\/\/baldumarket.lt\/lt\/wp-json\/wp\/v2\/product\/151468","targetHints":{"allow":["GET"]}}],"collection":[{"href":"https:\/\/baldumarket.lt\/lt\/wp-json\/wp\/v2\/product"}],"about":[{"href":"https:\/\/baldumarket.lt\/lt\/wp-json\/wp\/v2\/types\/product"}],"replies":[{"embeddable":true,"href":"https:\/\/baldumarket.lt\/lt\/wp-json\/wp\/v2\/comments?post=151468"}],"wp:featuredmedia":[{"embeddable":true,"href":"https:\/\/baldumarket.lt\/lt\/wp-json\/wp\/v2\/media\/151530"}],"wp:attachment":[{"href":"https:\/\/baldumarket.lt\/lt\/wp-json\/wp\/v2\/media?parent=151468"}],"wp:term":[{"taxonomy":"product_brand","embeddable":true,"href":"https:\/\/baldumarket.lt\/lt\/wp-json\/wp\/v2\/product_brand?post=151468"},{"taxonomy":"product_cat","embeddable":true,"href":"https:\/\/baldumarket.lt\/lt\/wp-json\/wp\/v2\/product_cat?post=151468"},{"taxonomy":"product_tag","embeddable":true,"href":"https:\/\/baldumarket.lt\/lt\/wp-json\/wp\/v2\/product_tag?post=151468"}],"curies":[{"name":"wp","href":"https:\/\/api.w.org\/{rel}","templated":true}]}}