{"id":151452,"date":"2025-12-18T05:22:36","date_gmt":"2025-12-18T02:22:36","guid":{"rendered":"https:\/\/baldumarket.lt\/?post_type=product&#038;p=151452"},"modified":"2026-02-03T23:34:10","modified_gmt":"2026-02-03T20:34:10","slug":"lozko-kontynentalne-adel-180x200-gr1","status":"publish","type":"product","link":"https:\/\/baldumarket.lt\/lt\/product\/lozko-kontynentalne-adel-180x200-gr1\/","title":{"rendered":"Kontinentin\u0117 lova Adel 180\u00d7200 Gr1"},"content":{"rendered":"<h5><span style=\"color: #54859b\">Apsilankykite m\u016bs\u0173 virtualioje WERSAL prek\u0117s \u017eenklo parduotuv\u0117je<\/span><\/h5>\n<p> <a href=\"https:\/\/my.matterport.com\/show\/?m=SjRhosZFbQJ\" target=\"_blank\" rel=\"noopener\"><span style=\"color: #e47025\">https:\/\/my.matterport.com\/<\/span><\/a><\/p>\n<p>\u201eAdel\u201c 180\u00d7200 cm kontinentin\u0117 lova \u2013 tai komforto ir elegancijos \u012fsik\u016bnijimas, puikiai tinkantis erdvaus miegamojo poreikiams. Jos dizainas su dygsniuotu galv\u016bgaliu suteikia prabangos, o tvirtas pagrindas u\u017etikrina stabilum\u0105 ir ilgaam\u017ei\u0161kum\u0105. Pritaikykite lov\u0105 prie savo interjero, rinkdamiesi i\u0161 plataus med\u017eiag\u0173 ir atspalvi\u0173 pasirinkimo. \u012e kain\u0105 ne\u012fskai\u010diuotas \u010diu\u017einys, tod\u0117l galite individualiai pasirinkti neprilygstam\u0105 miego kokyb\u0119.<\/p>","protected":false},"excerpt":{"rendered":"<p>Plotis: 187 cm<br \/>\n\u016agis: 109 cm<br \/>\nGylis: 214 cm<br \/>\nMiegamoji erdv\u0117: 180 \u00d7 200 cm<\/p>","protected":false},"featured_media":151523,"comment_status":"open","ping_status":"closed","template":"","meta":[],"product_brand":[],"product_cat":[9391,505,1972,514,4104],"product_tag":[],"class_list":{"0":"post-151452","1":"product","2":"type-product","3":"status-publish","4":"has-post-thumbnail","6":"product_cat-dream-wersal-upholstered-furniture","7":"product_cat-bedroom-beds","8":"product_cat-beds-180x200","9":"product_cat-continental-beds","10":"product_cat-wersal","12":"first","13":"instock","14":"shipping-taxable","15":"purchasable","16":"product-type-variable","17":"wvs-archive-product-wrapper"},"_links":{"self":[{"href":"https:\/\/baldumarket.lt\/lt\/wp-json\/wp\/v2\/product\/151452","targetHints":{"allow":["GET"]}}],"collection":[{"href":"https:\/\/baldumarket.lt\/lt\/wp-json\/wp\/v2\/product"}],"about":[{"href":"https:\/\/baldumarket.lt\/lt\/wp-json\/wp\/v2\/types\/product"}],"replies":[{"embeddable":true,"href":"https:\/\/baldumarket.lt\/lt\/wp-json\/wp\/v2\/comments?post=151452"}],"wp:featuredmedia":[{"embeddable":true,"href":"https:\/\/baldumarket.lt\/lt\/wp-json\/wp\/v2\/media\/151523"}],"wp:attachment":[{"href":"https:\/\/baldumarket.lt\/lt\/wp-json\/wp\/v2\/media?parent=151452"}],"wp:term":[{"taxonomy":"product_brand","embeddable":true,"href":"https:\/\/baldumarket.lt\/lt\/wp-json\/wp\/v2\/product_brand?post=151452"},{"taxonomy":"product_cat","embeddable":true,"href":"https:\/\/baldumarket.lt\/lt\/wp-json\/wp\/v2\/product_cat?post=151452"},{"taxonomy":"product_tag","embeddable":true,"href":"https:\/\/baldumarket.lt\/lt\/wp-json\/wp\/v2\/product_tag?post=151452"}],"curies":[{"name":"wp","href":"https:\/\/api.w.org\/{rel}","templated":true}]}}