{"id":151450,"date":"2025-12-18T05:22:34","date_gmt":"2025-12-18T02:22:34","guid":{"rendered":"https:\/\/baldumarket.lt\/?post_type=product&#038;p=151450"},"modified":"2026-02-03T23:34:11","modified_gmt":"2026-02-03T20:34:11","slug":"lozko-kontynentalne-adel-160x200-gr1","status":"publish","type":"product","link":"https:\/\/baldumarket.lt\/lt\/product\/lozko-kontynentalne-adel-160x200-gr1\/","title":{"rendered":"Kontinentin\u0117 lova Adel 160\u00d7200 Gr1"},"content":{"rendered":"<h5><span style=\"color: #54859b\">Apsilankykite m\u016bs\u0173 virtualioje WERSAL prek\u0117s \u017eenklo parduotuv\u0117je<\/span><\/h5>\n<p> <a href=\"https:\/\/my.matterport.com\/show\/?m=SjRhosZFbQJ\" target=\"_blank\" rel=\"noopener\"><span style=\"color: #e47025\">https:\/\/my.matterport.com\/<\/span><\/a><\/p>\n<p>160 \u00d7 200 cm dyd\u017eio \u201eAdel\u201c kontinentin\u0117 lova \u012fk\u016bnija prabang\u0105 ir \u0161iuolaiki\u0161k\u0105 dizain\u0105 miegamajame. Subtiliai dygsniuotas galv\u016bgalis, sukuriantis eleganti\u0161k\u0105 atsipalaidavimo fon\u0105, kvie\u010dia miegoti ir ils\u0117tis, derindamas estetik\u0105 su funkcionalumu. Stabilus lovos r\u0117mas, paremtas lieknomis kojel\u0117mis, suteikia tvirt\u0105 pagrind\u0105 j\u016bs\u0173 pasirinktam \u010diu\u017einiui. \u201eAdel\u201c lov\u0105 galima \u012fsigyti su \u012fvairiomis apdailos med\u017eiagomis, tod\u0117l j\u0105 galima pritaikyti pagal j\u016bs\u0173 asmeninius dekoravimo ir funkcinius pageidavimus, u\u017etikrinant, kad kiekviena lova tapt\u0173 unikaliu j\u016bs\u0173 miegamojo elementu. Lovos \u010diu\u017einys ne\u012fskai\u010diuotas \u012f kain\u0105, tod\u0117l galite pritaikyti komfort\u0105 pagal savo individualius poreikius, u\u017etikrindami optimal\u0173 atram\u0105 ir mink\u0161tum\u0105. Rinkit\u0117s \u201eAdel\u201c kontinentin\u0119 lov\u0105, kad kiekvien\u0105 dien\u0105 patirtum\u0117te prabang\u0105 ir miego komfort\u0105 dviem \u017emon\u0117ms idealiai tinkan\u010dio dyd\u017eio.<\/p>","protected":false},"excerpt":{"rendered":"<p>Plotis: 167 cm<br \/>\n\u016agis: 109 cm<br \/>\nGylis: 214 cm<br \/>\nMiegamoji erdv\u0117: 160 \u00d7 200 cm<\/p>","protected":false},"featured_media":151512,"comment_status":"open","ping_status":"closed","template":"","meta":[],"product_brand":[],"product_cat":[9391,505,1971,514,4104],"product_tag":[],"class_list":{"0":"post-151450","1":"product","2":"type-product","3":"status-publish","4":"has-post-thumbnail","6":"product_cat-dream-wersal-upholstered-furniture","7":"product_cat-bedroom-beds","8":"product_cat-beds-160x200","9":"product_cat-continental-beds","10":"product_cat-wersal","12":"first","13":"instock","14":"shipping-taxable","15":"purchasable","16":"product-type-variable","17":"wvs-archive-product-wrapper"},"_links":{"self":[{"href":"https:\/\/baldumarket.lt\/lt\/wp-json\/wp\/v2\/product\/151450","targetHints":{"allow":["GET"]}}],"collection":[{"href":"https:\/\/baldumarket.lt\/lt\/wp-json\/wp\/v2\/product"}],"about":[{"href":"https:\/\/baldumarket.lt\/lt\/wp-json\/wp\/v2\/types\/product"}],"replies":[{"embeddable":true,"href":"https:\/\/baldumarket.lt\/lt\/wp-json\/wp\/v2\/comments?post=151450"}],"wp:featuredmedia":[{"embeddable":true,"href":"https:\/\/baldumarket.lt\/lt\/wp-json\/wp\/v2\/media\/151512"}],"wp:attachment":[{"href":"https:\/\/baldumarket.lt\/lt\/wp-json\/wp\/v2\/media?parent=151450"}],"wp:term":[{"taxonomy":"product_brand","embeddable":true,"href":"https:\/\/baldumarket.lt\/lt\/wp-json\/wp\/v2\/product_brand?post=151450"},{"taxonomy":"product_cat","embeddable":true,"href":"https:\/\/baldumarket.lt\/lt\/wp-json\/wp\/v2\/product_cat?post=151450"},{"taxonomy":"product_tag","embeddable":true,"href":"https:\/\/baldumarket.lt\/lt\/wp-json\/wp\/v2\/product_tag?post=151450"}],"curies":[{"name":"wp","href":"https:\/\/api.w.org\/{rel}","templated":true}]}}