{"id":151434,"date":"2025-12-18T05:22:03","date_gmt":"2025-12-18T02:22:03","guid":{"rendered":"https:\/\/baldumarket.lt\/?post_type=product&#038;p=151434"},"modified":"2026-02-03T23:34:11","modified_gmt":"2026-02-03T20:34:11","slug":"lozko-kontynentalne-adel-140x200-gr1","status":"publish","type":"product","link":"https:\/\/baldumarket.lt\/lt\/product\/lozko-kontynentalne-adel-140x200-gr1\/","title":{"rendered":"Kontinentin\u0117 lova Adel 140\u00d7200 Gr1"},"content":{"rendered":"<h5><span style=\"color: #54859b\">Apsilankykite m\u016bs\u0173 virtualioje WERSAL prek\u0117s \u017eenklo parduotuv\u0117je<\/span><\/h5>\n<p> <a href=\"https:\/\/my.matterport.com\/show\/?m=SjRhosZFbQJ\" target=\"_blank\" rel=\"noopener\"><span style=\"color: #e47025\">https:\/\/my.matterport.com\/<\/span><\/a><\/p>\n<p>\u201eAdel\u201c kontinentin\u0117 lova, kurios miegamojo plotas yra 140 \u00d7 200 cm, yra komforto ir modernaus dizaino \u012fsik\u016bnijimas. Unikalus galv\u016bgalis, pasi\u017eymintis mink\u0161tu pynimu, yra ne tik patogus, bet ir stilingas bet kurio miegamojo akcentas. Lovos r\u0117mas, pabr\u0117\u017eiantis konstrukcijos tvirtum\u0105, yra ne tik patrauklus, bet ir prakti\u0161kas, suteikdamas stabili\u0105 atram\u0105 \u010diu\u017einiui. D\u0117l eleganti\u0161k\u0173, subtili\u0173 kojeli\u0173 \u201eAdel\u201c lova atrodo tarsi kybanti vir\u0161 grind\u0173, suteikdama interjerui lengvumo ir modernumo. Atsi\u017evelgiant \u012f \u012fvairius klient\u0173 skonius ir poreikius, \u201eAdel\u201c lova yra \u012fvairi\u0173 apdailos ir spalv\u0173, tod\u0117l puikiai papildys bet kurio miegamojo individuali\u0105 estetik\u0105. Pastaba: \u012e kain\u0105 ne\u012fskai\u010diuotas \u010diu\u017einio u\u017etiesalas, tod\u0117l galite pasirinkti \u0161\u012f papildom\u0105 element\u0105 pagal savo asmeninius pageidavimus ir dar labiau suasmeninti savo mieg\u0105. Pasirinkdami \u201eAdel\u201c lov\u0105, renkat\u0117s bekompromis\u0119 kokyb\u0119 ir stili\u0173, kuris tarnaus ilgus metus.<\/p>","protected":false},"excerpt":{"rendered":"<p>Plotis: 147 cm<br \/>\n\u016agis: 109 cm<br \/>\nGylis: 214 cm<br \/>\nMiegamasis plotas: 140 \u00d7 200 cm<\/p>","protected":false},"featured_media":151505,"comment_status":"open","ping_status":"closed","template":"","meta":[],"product_brand":[],"product_cat":[9391,505,1970,514,4104],"product_tag":[],"class_list":{"0":"post-151434","1":"product","2":"type-product","3":"status-publish","4":"has-post-thumbnail","6":"product_cat-dream-wersal-upholstered-furniture","7":"product_cat-bedroom-beds","8":"product_cat-beds-140x200","9":"product_cat-continental-beds","10":"product_cat-wersal","12":"first","13":"instock","14":"shipping-taxable","15":"purchasable","16":"product-type-variable","17":"wvs-archive-product-wrapper"},"_links":{"self":[{"href":"https:\/\/baldumarket.lt\/lt\/wp-json\/wp\/v2\/product\/151434","targetHints":{"allow":["GET"]}}],"collection":[{"href":"https:\/\/baldumarket.lt\/lt\/wp-json\/wp\/v2\/product"}],"about":[{"href":"https:\/\/baldumarket.lt\/lt\/wp-json\/wp\/v2\/types\/product"}],"replies":[{"embeddable":true,"href":"https:\/\/baldumarket.lt\/lt\/wp-json\/wp\/v2\/comments?post=151434"}],"wp:featuredmedia":[{"embeddable":true,"href":"https:\/\/baldumarket.lt\/lt\/wp-json\/wp\/v2\/media\/151505"}],"wp:attachment":[{"href":"https:\/\/baldumarket.lt\/lt\/wp-json\/wp\/v2\/media?parent=151434"}],"wp:term":[{"taxonomy":"product_brand","embeddable":true,"href":"https:\/\/baldumarket.lt\/lt\/wp-json\/wp\/v2\/product_brand?post=151434"},{"taxonomy":"product_cat","embeddable":true,"href":"https:\/\/baldumarket.lt\/lt\/wp-json\/wp\/v2\/product_cat?post=151434"},{"taxonomy":"product_tag","embeddable":true,"href":"https:\/\/baldumarket.lt\/lt\/wp-json\/wp\/v2\/product_tag?post=151434"}],"curies":[{"name":"wp","href":"https:\/\/api.w.org\/{rel}","templated":true}]}}