{"id":151432,"date":"2025-12-18T05:22:01","date_gmt":"2025-12-18T02:22:01","guid":{"rendered":"https:\/\/baldumarket.lt\/?post_type=product&#038;p=151432"},"modified":"2026-02-03T23:34:11","modified_gmt":"2026-02-03T20:34:11","slug":"lozko-tapicerowane-zoya-140x200-gr1","status":"publish","type":"product","link":"https:\/\/baldumarket.lt\/lt\/product\/lozko-tapicerowane-zoya-140x200-gr1\/","title":{"rendered":"Lova su u\u017etiesalu \u201eZoya\u201c 140\u00d7200 Gr1"},"content":{"rendered":"<h5><span style=\"color: #54859b\">Apsilankykite m\u016bs\u0173 virtualioje WERSAL prek\u0117s \u017eenklo parduotuv\u0117je<\/span><\/h5>\n<p> <a href=\"https:\/\/my.matterport.com\/show\/?m=SjRhosZFbQJ\" target=\"_blank\" rel=\"noopener\"><span style=\"color: #e47025\">https:\/\/my.matterport.com\/<\/span><\/a><\/p>\n<p>\u201eZoya\u201c mink\u0161ta lova, kurios matmenys 140 \u00d7 200 cm, yra tobulas funkcionalumo ir rafinuoto stiliaus derinys, idealiai tinkantis tiems, kurie vertina optimal\u0173 erdv\u0117s i\u0161naudojim\u0105. Unikalus geometrinio dizaino galv\u016bgalis suteikia miegamajam modernumo, o stabili konstrukcija garantuoja komfort\u0105 ir patogum\u0105. \u201eZoya\u201c lova, kuri\u0105 galima \u012fsigyti su \u012fvairiais apdailos variantais, leid\u017eia susikurti asmenin\u0119 miegamojo oaz\u0119. \u012e kain\u0105 ne\u012fskai\u010diuotas \u010diu\u017einys ir r\u0117mas, tod\u0117l galite laisvai rinktis lov\u0105, puikiai atitinkan\u010di\u0105 j\u016bs\u0173 individualius miego poreikius. Matmenys:<\/p>","protected":false},"excerpt":{"rendered":"<p>Plotis: 155 cm<br \/>\nAuk\u0161tis: 100 cm<br \/>\nGylis: 223 cm<br \/>\nMiegamasis plotas: 140 \u00d7 200 cm<\/p>","protected":false},"featured_media":151495,"comment_status":"open","ping_status":"closed","template":"","meta":[],"product_brand":[],"product_cat":[9391,505,1970,4104],"product_tag":[],"class_list":{"0":"post-151432","1":"product","2":"type-product","3":"status-publish","4":"has-post-thumbnail","6":"product_cat-dream-wersal-upholstered-furniture","7":"product_cat-bedroom-beds","8":"product_cat-beds-140x200","9":"product_cat-wersal","11":"first","12":"instock","13":"shipping-taxable","14":"purchasable","15":"product-type-variable","16":"wvs-archive-product-wrapper"},"_links":{"self":[{"href":"https:\/\/baldumarket.lt\/lt\/wp-json\/wp\/v2\/product\/151432","targetHints":{"allow":["GET"]}}],"collection":[{"href":"https:\/\/baldumarket.lt\/lt\/wp-json\/wp\/v2\/product"}],"about":[{"href":"https:\/\/baldumarket.lt\/lt\/wp-json\/wp\/v2\/types\/product"}],"replies":[{"embeddable":true,"href":"https:\/\/baldumarket.lt\/lt\/wp-json\/wp\/v2\/comments?post=151432"}],"wp:featuredmedia":[{"embeddable":true,"href":"https:\/\/baldumarket.lt\/lt\/wp-json\/wp\/v2\/media\/151495"}],"wp:attachment":[{"href":"https:\/\/baldumarket.lt\/lt\/wp-json\/wp\/v2\/media?parent=151432"}],"wp:term":[{"taxonomy":"product_brand","embeddable":true,"href":"https:\/\/baldumarket.lt\/lt\/wp-json\/wp\/v2\/product_brand?post=151432"},{"taxonomy":"product_cat","embeddable":true,"href":"https:\/\/baldumarket.lt\/lt\/wp-json\/wp\/v2\/product_cat?post=151432"},{"taxonomy":"product_tag","embeddable":true,"href":"https:\/\/baldumarket.lt\/lt\/wp-json\/wp\/v2\/product_tag?post=151432"}],"curies":[{"name":"wp","href":"https:\/\/api.w.org\/{rel}","templated":true}]}}