{"id":151416,"date":"2025-12-18T05:21:32","date_gmt":"2025-12-18T02:21:32","guid":{"rendered":"https:\/\/baldumarket.lt\/?post_type=product&#038;p=151416"},"modified":"2026-02-03T23:34:11","modified_gmt":"2026-02-03T20:34:11","slug":"lozko-tapicerowane-zoya-160x200-gr1","status":"publish","type":"product","link":"https:\/\/baldumarket.lt\/lt\/product\/lozko-tapicerowane-zoya-160x200-gr1\/","title":{"rendered":"Lova su u\u017etiesalu \u201eZoya\u201c 160\u00d7200 Gr1"},"content":{"rendered":"<h5><span style=\"color: #54859b\">Apsilankykite m\u016bs\u0173 virtualioje WERSAL prek\u0117s \u017eenklo parduotuv\u0117je<\/span><\/h5>\n<p> <a href=\"https:\/\/my.matterport.com\/show\/?m=SjRhosZFbQJ\" target=\"_blank\" rel=\"noopener\"><span style=\"color: #e47025\">https:\/\/my.matterport.com\/<\/span><\/a><\/p>\n<p>\u012esivaizduokite lov\u0105, kuri ne tik u\u017etikrina patog\u0173 nakties mieg\u0105, bet ir tampa j\u016bs\u0173 miegamojo traukos centru \u2013 mink\u0161ta \u201eZoya\u201c lova su 160 \u00d7 200 cm miegojimo pavir\u0161iumi yra b\u016btent toks baldas. Dizaineriai sutelk\u0117 d\u0117mes\u012f \u012f dizaino, kuris ne tik suteikia erdv\u0117s poilsiui, bet ir eleganti\u0161kai pagerina kambario estetik\u0105, k\u016brim\u0105. Subtiliai i\u0161lenktas galv\u016bgalis su unikaliu laipteli\u0173 dizainu sukuria subtil\u0173, ta\u010diau i\u0161rai\u0161king\u0105 dekoratyvin\u012f akcent\u0105. Jis pakelia bet kok\u012f i\u0161d\u0117stym\u0105, i\u0161laikydamas funkcionalum\u0105, kurio tikit\u0117s i\u0161 poilsio vietos. Lovos pagrindas, paremtas lieknomis kojel\u0117mis, suteikia bendram poj\u016b\u010diui lengvumo, o kartu su idealiais 160 \u00d7 200 cm miegojimo matmenimis \u201eZoya\u201c lova tinka tiek vienam asmeniui, tiek porai. Svarbiausia yra suasmeninimas \u2013 d\u0117l plataus med\u017eiag\u0173 ir spalv\u0173 pasirinkimo kiekvienas gali pritaikyti \u201eZoya\u201c lov\u0105 pagal savo asmenin\u012f stili\u0173 ir pageidavimus. Verta pamin\u0117ti, kad \u012f kain\u0105 ne\u012fskai\u010diuotas \u010diu\u017einys ir r\u0117mas, tod\u0117l galite visi\u0161kai pritaikyti miego komfort\u0105. Investicija \u012f \u201eZoya\u201c lov\u0105 \u2013 tai kasdien\u0117s prabangos sprendimas, kuris tarnaus ilgus metus, u\u017etikrindamas ne tik ram\u0173 poils\u012f, bet ir neprilygstam\u0105 elegancij\u0105 j\u016bs\u0173 miegamajame.<\/p>\n<p>Matmenys:<\/p>","protected":false},"excerpt":{"rendered":"<p>Plotis: 175 cm<br \/>\nAuk\u0161tis: 100 cm<br \/>\nGylis: 223 cm<br \/>\nMiegamoji erdv\u0117: 160 \u00d7 200 cm<\/p>","protected":false},"featured_media":151489,"comment_status":"open","ping_status":"closed","template":"","meta":[],"product_brand":[],"product_cat":[9391,505,1971,4104],"product_tag":[],"class_list":{"0":"post-151416","1":"product","2":"type-product","3":"status-publish","4":"has-post-thumbnail","6":"product_cat-dream-wersal-upholstered-furniture","7":"product_cat-bedroom-beds","8":"product_cat-beds-160x200","9":"product_cat-wersal","11":"first","12":"instock","13":"shipping-taxable","14":"purchasable","15":"product-type-variable","16":"wvs-archive-product-wrapper"},"_links":{"self":[{"href":"https:\/\/baldumarket.lt\/lt\/wp-json\/wp\/v2\/product\/151416","targetHints":{"allow":["GET"]}}],"collection":[{"href":"https:\/\/baldumarket.lt\/lt\/wp-json\/wp\/v2\/product"}],"about":[{"href":"https:\/\/baldumarket.lt\/lt\/wp-json\/wp\/v2\/types\/product"}],"replies":[{"embeddable":true,"href":"https:\/\/baldumarket.lt\/lt\/wp-json\/wp\/v2\/comments?post=151416"}],"wp:featuredmedia":[{"embeddable":true,"href":"https:\/\/baldumarket.lt\/lt\/wp-json\/wp\/v2\/media\/151489"}],"wp:attachment":[{"href":"https:\/\/baldumarket.lt\/lt\/wp-json\/wp\/v2\/media?parent=151416"}],"wp:term":[{"taxonomy":"product_brand","embeddable":true,"href":"https:\/\/baldumarket.lt\/lt\/wp-json\/wp\/v2\/product_brand?post=151416"},{"taxonomy":"product_cat","embeddable":true,"href":"https:\/\/baldumarket.lt\/lt\/wp-json\/wp\/v2\/product_cat?post=151416"},{"taxonomy":"product_tag","embeddable":true,"href":"https:\/\/baldumarket.lt\/lt\/wp-json\/wp\/v2\/product_tag?post=151416"}],"curies":[{"name":"wp","href":"https:\/\/api.w.org\/{rel}","templated":true}]}}