{"id":151414,"date":"2025-12-18T05:21:31","date_gmt":"2025-12-18T02:21:31","guid":{"rendered":"https:\/\/baldumarket.lt\/?post_type=product&#038;p=151414"},"modified":"2026-02-03T23:34:11","modified_gmt":"2026-02-03T20:34:11","slug":"lozko-tapicerowane-zoya-180x200-gr1","status":"publish","type":"product","link":"https:\/\/baldumarket.lt\/lt\/product\/lozko-tapicerowane-zoya-180x200-gr1\/","title":{"rendered":"Lova su u\u017etiesalu \u201eZoya\u201c 180\u00d7200 Gr1"},"content":{"rendered":"<h5><span style=\"color: #54859b\">Apsilankykite m\u016bs\u0173 virtualioje WERSAL prek\u0117s \u017eenklo parduotuv\u0117je<\/span><\/h5>\n<p> <a href=\"https:\/\/my.matterport.com\/show\/?m=SjRhosZFbQJ\" target=\"_blank\" rel=\"noopener\"><span style=\"color: #e47025\">https:\/\/my.matterport.com\/<\/span><\/a><\/p>\n<p>\u201eZoya\u201c mink\u0161ta lova \u2013 tai \u0161iuolaikinio dizaino esm\u0117, derinanti rafinuot\u0105 estetik\u0105 ir funkcionalum\u0105, sukurta galvojant apie auk\u0161\u010diausi\u0105 komforto lyg\u012f. Paprastas, ta\u010diau \u012fsp\u016bdingas galv\u016bgalis su i\u0161skirtiniu geometriniu ra\u0161tu ne tik padeda atsipalaiduoti, bet ir yra dekoratyvus bet kurio miegamojo akcentas. Tvirtas ir patvarus lovos r\u0117mas, sukurtas kasdieniam naudojimui ir paremtas eleganti\u0161komis, lieknomis kojel\u0117mis, suteikia visai lovai lengvumo ir modernumo poj\u016bt\u012f. \u201eZoya\u201c lova tiekiama su 180 \u00d7 200 cm miegamojo plotu, garantuojan\u010diu erdvi\u0105 ir patogi\u0105 miegojimo viet\u0105. Lova, kuri\u0105 galima \u012fsigyti i\u0161 \u012fvairi\u0173 med\u017eiag\u0173 ir spalv\u0173, gali b\u016bti pritaikyta pagal j\u016bs\u0173 individualius pageidavimus, sukuriant tobul\u0105 harmonij\u0105 su likusiu j\u016bs\u0173 interjeru. \u012e kain\u0105 ne\u012fskai\u010diuotas \u010diu\u017einys ir r\u0117mas, tod\u0117l galite laisvai pasirinkti \u0161iuos pagrindinius elementus pagal savo poreikius. \u201eZoya\u201c lova yra ne tik baldas, bet ir erdv\u0117 asmenin\u0117ms poilsio ir atsigavimo akimirkoms, sukurta atsi\u017evelgiant \u012f kiekvien\u0105 detal\u0119, kad patenkint\u0173 net ir reikliausi\u0173 vartotoj\u0173 l\u016bkes\u010dius. Matmenys:<\/p>","protected":false},"excerpt":{"rendered":"<p>Plotis: 195 cm<br \/>\nAuk\u0161tis: 100 cm<br \/>\nGylis: 223 cm<br \/>\nMiegamoji erdv\u0117: 180 \u00d7 200 cm<\/p>","protected":false},"featured_media":151479,"comment_status":"open","ping_status":"closed","template":"","meta":[],"product_brand":[],"product_cat":[9391,505,1972,4104],"product_tag":[],"class_list":{"0":"post-151414","1":"product","2":"type-product","3":"status-publish","4":"has-post-thumbnail","6":"product_cat-dream-wersal-upholstered-furniture","7":"product_cat-bedroom-beds","8":"product_cat-beds-180x200","9":"product_cat-wersal","11":"first","12":"instock","13":"shipping-taxable","14":"purchasable","15":"product-type-variable","16":"wvs-archive-product-wrapper"},"_links":{"self":[{"href":"https:\/\/baldumarket.lt\/lt\/wp-json\/wp\/v2\/product\/151414","targetHints":{"allow":["GET"]}}],"collection":[{"href":"https:\/\/baldumarket.lt\/lt\/wp-json\/wp\/v2\/product"}],"about":[{"href":"https:\/\/baldumarket.lt\/lt\/wp-json\/wp\/v2\/types\/product"}],"replies":[{"embeddable":true,"href":"https:\/\/baldumarket.lt\/lt\/wp-json\/wp\/v2\/comments?post=151414"}],"wp:featuredmedia":[{"embeddable":true,"href":"https:\/\/baldumarket.lt\/lt\/wp-json\/wp\/v2\/media\/151479"}],"wp:attachment":[{"href":"https:\/\/baldumarket.lt\/lt\/wp-json\/wp\/v2\/media?parent=151414"}],"wp:term":[{"taxonomy":"product_brand","embeddable":true,"href":"https:\/\/baldumarket.lt\/lt\/wp-json\/wp\/v2\/product_brand?post=151414"},{"taxonomy":"product_cat","embeddable":true,"href":"https:\/\/baldumarket.lt\/lt\/wp-json\/wp\/v2\/product_cat?post=151414"},{"taxonomy":"product_tag","embeddable":true,"href":"https:\/\/baldumarket.lt\/lt\/wp-json\/wp\/v2\/product_tag?post=151414"}],"curies":[{"name":"wp","href":"https:\/\/api.w.org\/{rel}","templated":true}]}}