{"id":151398,"date":"2025-12-18T05:20:58","date_gmt":"2025-12-18T02:20:58","guid":{"rendered":"https:\/\/baldumarket.lt\/?post_type=product&#038;p=151398"},"modified":"2026-02-03T23:34:11","modified_gmt":"2026-02-03T20:34:11","slug":"lozko-kontynentalne-tango-180x200-gr1","status":"publish","type":"product","link":"https:\/\/baldumarket.lt\/lt\/product\/lozko-kontynentalne-tango-180x200-gr1\/","title":{"rendered":"Tango kontinentin\u0117 lova 180\u00d7200 Gr1"},"content":{"rendered":"<h5><span style=\"color: #54859b\">Apsilankykite m\u016bs\u0173 virtualioje WERSAL prek\u0117s \u017eenklo parduotuv\u0117je<\/span><\/h5>\n<p> <a href=\"https:\/\/my.matterport.com\/show\/?m=SjRhosZFbQJ\" target=\"_blank\" rel=\"noopener\"><span style=\"color: #e47025\">https:\/\/my.matterport.com\/<\/span><\/a><\/p>\n<p>180 \u00d7 200 cm dyd\u017eio mink\u0161ta \u201eTango\u201c lova \u2013 erdv\u0117s ir elegancijos sinonimas j\u016bs\u0173 miegamajame. Erdvus miegojimo pavir\u0161ius kvie\u010dia prabangiai atsipalaiduoti, nesvarbu, ar tai b\u016bt\u0173 vienas \u017emogus, vertinantis daugiau erdv\u0117s, ar poros, ie\u0161kan\u010dios patogios poilsio vietos. Eleganti\u0161kas, dygsniuotas galv\u016bgalis suteikia charakterio ir atramos, puikiai tinka rytiniam poilsiui ar vakariniam skaitymui. J\u012f galite lengvai priderinti prie savo interjero, pasirinkdami i\u0161 plataus apdailos asortimento. Tokio didingo dyd\u017eio \u201eTango\u201c lova u\u017etikrina, kad kiekviena naktis bus praleista prabangos gl\u0117byje.<\/p>","protected":false},"excerpt":{"rendered":"<p>Plotis: 206 cm<br \/>\nAuk\u0161tis: 105 cm<br \/>\nGylis: 209 cm<br \/>\nMiegamoji erdv\u0117: 180 \u00d7 200 cm<\/p>","protected":false},"featured_media":151472,"comment_status":"open","ping_status":"closed","template":"","meta":[],"product_brand":[],"product_cat":[9391,505,1972,514,4104],"product_tag":[],"class_list":{"0":"post-151398","1":"product","2":"type-product","3":"status-publish","4":"has-post-thumbnail","6":"product_cat-dream-wersal-upholstered-furniture","7":"product_cat-bedroom-beds","8":"product_cat-beds-180x200","9":"product_cat-continental-beds","10":"product_cat-wersal","12":"first","13":"instock","14":"shipping-taxable","15":"purchasable","16":"product-type-variable","17":"wvs-archive-product-wrapper"},"_links":{"self":[{"href":"https:\/\/baldumarket.lt\/lt\/wp-json\/wp\/v2\/product\/151398","targetHints":{"allow":["GET"]}}],"collection":[{"href":"https:\/\/baldumarket.lt\/lt\/wp-json\/wp\/v2\/product"}],"about":[{"href":"https:\/\/baldumarket.lt\/lt\/wp-json\/wp\/v2\/types\/product"}],"replies":[{"embeddable":true,"href":"https:\/\/baldumarket.lt\/lt\/wp-json\/wp\/v2\/comments?post=151398"}],"wp:featuredmedia":[{"embeddable":true,"href":"https:\/\/baldumarket.lt\/lt\/wp-json\/wp\/v2\/media\/151472"}],"wp:attachment":[{"href":"https:\/\/baldumarket.lt\/lt\/wp-json\/wp\/v2\/media?parent=151398"}],"wp:term":[{"taxonomy":"product_brand","embeddable":true,"href":"https:\/\/baldumarket.lt\/lt\/wp-json\/wp\/v2\/product_brand?post=151398"},{"taxonomy":"product_cat","embeddable":true,"href":"https:\/\/baldumarket.lt\/lt\/wp-json\/wp\/v2\/product_cat?post=151398"},{"taxonomy":"product_tag","embeddable":true,"href":"https:\/\/baldumarket.lt\/lt\/wp-json\/wp\/v2\/product_tag?post=151398"}],"curies":[{"name":"wp","href":"https:\/\/api.w.org\/{rel}","templated":true}]}}