{"id":151396,"date":"2025-12-18T05:20:56","date_gmt":"2025-12-18T02:20:56","guid":{"rendered":"https:\/\/baldumarket.lt\/?post_type=product&#038;p=151396"},"modified":"2026-02-03T23:34:11","modified_gmt":"2026-02-03T20:34:11","slug":"lozko-kontynentalne-tango-140x200-gr1","status":"publish","type":"product","link":"https:\/\/baldumarket.lt\/lt\/product\/lozko-kontynentalne-tango-140x200-gr1\/","title":{"rendered":"Tango kontinentin\u0117 lova 140\u00d7200 Gr1"},"content":{"rendered":"<h5><span style=\"color: #54859b\">Apsilankykite m\u016bs\u0173 virtualioje WERSAL prek\u0117s \u017eenklo parduotuv\u0117je<\/span><\/h5>\n<p> <a href=\"https:\/\/my.matterport.com\/show\/?m=SjRhosZFbQJ\" target=\"_blank\" rel=\"noopener\"><span style=\"color: #e47025\">https:\/\/my.matterport.com\/<\/span><\/a><\/p>\n<p>\u201eTango\u201c 140 \u00d7 200 cm mink\u0161ta lova \u2013 tai minimalistinio stiliaus komforto kvintesencija, kuri j\u016bs\u0173 miegamajam suteiks prabangos. Tvirta konstrukcija u\u017etikrina ilgaam\u017ei\u0161kum\u0105, o eleganti\u0161kas, dygsniuotas galv\u016bgalis kvie\u010dia atsipalaiduoti ir pails\u0117ti. D\u0117l plataus apdailos pasirinkimo \u201eTango\u201c lova lengvai pritaikoma bet kokiam interjerui, sukuriant jauki\u0105 poilsio oaz\u0119. Puikiai tinka tiems, kurie ie\u0161ko tobulos stiliaus ir funkcionalumo pusiausvyros.<\/p>","protected":false},"excerpt":{"rendered":"<p>Plotis: 166 cm<br \/>\nAuk\u0161tis: 105 cm<br \/>\nGylis: 209 cm<br \/>\nMiegamasis plotas: 140 \u00d7 200 cm<\/p>","protected":false},"featured_media":151461,"comment_status":"open","ping_status":"closed","template":"","meta":[],"product_brand":[],"product_cat":[9391,505,1970,514,4104],"product_tag":[],"class_list":{"0":"post-151396","1":"product","2":"type-product","3":"status-publish","4":"has-post-thumbnail","6":"product_cat-dream-wersal-upholstered-furniture","7":"product_cat-bedroom-beds","8":"product_cat-beds-140x200","9":"product_cat-continental-beds","10":"product_cat-wersal","12":"first","13":"instock","14":"shipping-taxable","15":"purchasable","16":"product-type-variable","17":"wvs-archive-product-wrapper"},"_links":{"self":[{"href":"https:\/\/baldumarket.lt\/lt\/wp-json\/wp\/v2\/product\/151396","targetHints":{"allow":["GET"]}}],"collection":[{"href":"https:\/\/baldumarket.lt\/lt\/wp-json\/wp\/v2\/product"}],"about":[{"href":"https:\/\/baldumarket.lt\/lt\/wp-json\/wp\/v2\/types\/product"}],"replies":[{"embeddable":true,"href":"https:\/\/baldumarket.lt\/lt\/wp-json\/wp\/v2\/comments?post=151396"}],"wp:featuredmedia":[{"embeddable":true,"href":"https:\/\/baldumarket.lt\/lt\/wp-json\/wp\/v2\/media\/151461"}],"wp:attachment":[{"href":"https:\/\/baldumarket.lt\/lt\/wp-json\/wp\/v2\/media?parent=151396"}],"wp:term":[{"taxonomy":"product_brand","embeddable":true,"href":"https:\/\/baldumarket.lt\/lt\/wp-json\/wp\/v2\/product_brand?post=151396"},{"taxonomy":"product_cat","embeddable":true,"href":"https:\/\/baldumarket.lt\/lt\/wp-json\/wp\/v2\/product_cat?post=151396"},{"taxonomy":"product_tag","embeddable":true,"href":"https:\/\/baldumarket.lt\/lt\/wp-json\/wp\/v2\/product_tag?post=151396"}],"curies":[{"name":"wp","href":"https:\/\/api.w.org\/{rel}","templated":true}]}}