{"id":151380,"date":"2025-12-18T05:20:22","date_gmt":"2025-12-18T02:20:22","guid":{"rendered":"https:\/\/baldumarket.lt\/?post_type=product&#038;p=151380"},"modified":"2026-02-03T23:34:12","modified_gmt":"2026-02-03T20:34:12","slug":"lozko-kontynentalne-tango-160x200-gr1","status":"publish","type":"product","link":"https:\/\/baldumarket.lt\/lt\/product\/lozko-kontynentalne-tango-160x200-gr1\/","title":{"rendered":"Tango kontinentin\u0117 lova 160\u00d7200 Gr1"},"content":{"rendered":"<h5><span style=\"color: #54859b\">Apsilankykite m\u016bs\u0173 virtualioje WERSAL prek\u0117s \u017eenklo parduotuv\u0117je<\/span><\/h5>\n<p> <a href=\"https:\/\/my.matterport.com\/show\/?m=SjRhosZFbQJ\" target=\"_blank\" rel=\"noopener\"><span style=\"color: #e47025\">https:\/\/my.matterport.com\/<\/span><\/a><\/p>\n<p>\u201eTango\u201c mink\u0161ta lova \u2013 tai prabangos j\u016bs\u0173 miegamajame sinonimas. Sukurta \u0161iuolaikiniams namams, ji derina meistri\u0161kum\u0105 ir elegancij\u0105, sukurdama tobul\u0105 fon\u0105 j\u016bs\u0173 priva\u010diam poilsiui. Jos unikalumas slypi kruop\u0161\u010dioje konstrukcijoje: tvirtas r\u0117mas u\u017etikrina stabilum\u0105 ir ilgaam\u017ei\u0161kum\u0105, o esteti\u0161kai patrauklus mink\u0161tas galv\u016bgalis kvie\u010dia atsipalaiduoti su knyga vakare arba m\u0117gautis kava ryte. Siekiant daugialyp\u0117s patirties, \u201eTango\u201c buvo sukurta su 160 \u00d7 200 cm miegojimo pavir\u0161iumi, suteikian\u010diu erdvumo, reikalingo atsigauti. Nors \u012f kain\u0105 ne\u012fskai\u010diuotas \u010diu\u017einys, \u0161is lankstumas leid\u017eia pritaikyti lov\u0105 pagal individualius komforto pageidavimus. Be to, platus galim\u0173 med\u017eiag\u0173 ir spalv\u0173 pasirinkimas u\u017etikrina, kad kiekvienas ras ka\u017ek\u0105 sau, sukurdamas asmenin\u0119 ramyb\u0117s oaz\u0119. Renkantis \u201eTango\u201c lov\u0105, svarbu ne tik pasirinkti baldus; tai investicija \u012f miego kokyb\u0119 ir kasdienio gyvenimo estetik\u0105. Tegul kiekviena nauja diena prasideda svajoni\u0173 prabangos akimirka.<\/p>","protected":false},"excerpt":{"rendered":"<p>Plotis: 186 cm<br \/>\nAuk\u0161tis: 105 cm<br \/>\nGylis: 209 cm<br \/>\nMiegamoji erdv\u0117: 160 \u00d7 200 cm<\/p>","protected":false},"featured_media":151454,"comment_status":"open","ping_status":"closed","template":"","meta":[],"product_brand":[],"product_cat":[9391,505,1971,514,4104],"product_tag":[],"class_list":{"0":"post-151380","1":"product","2":"type-product","3":"status-publish","4":"has-post-thumbnail","6":"product_cat-dream-wersal-upholstered-furniture","7":"product_cat-bedroom-beds","8":"product_cat-beds-160x200","9":"product_cat-continental-beds","10":"product_cat-wersal","12":"first","13":"instock","14":"shipping-taxable","15":"purchasable","16":"product-type-variable","17":"wvs-archive-product-wrapper"},"_links":{"self":[{"href":"https:\/\/baldumarket.lt\/lt\/wp-json\/wp\/v2\/product\/151380","targetHints":{"allow":["GET"]}}],"collection":[{"href":"https:\/\/baldumarket.lt\/lt\/wp-json\/wp\/v2\/product"}],"about":[{"href":"https:\/\/baldumarket.lt\/lt\/wp-json\/wp\/v2\/types\/product"}],"replies":[{"embeddable":true,"href":"https:\/\/baldumarket.lt\/lt\/wp-json\/wp\/v2\/comments?post=151380"}],"wp:featuredmedia":[{"embeddable":true,"href":"https:\/\/baldumarket.lt\/lt\/wp-json\/wp\/v2\/media\/151454"}],"wp:attachment":[{"href":"https:\/\/baldumarket.lt\/lt\/wp-json\/wp\/v2\/media?parent=151380"}],"wp:term":[{"taxonomy":"product_brand","embeddable":true,"href":"https:\/\/baldumarket.lt\/lt\/wp-json\/wp\/v2\/product_brand?post=151380"},{"taxonomy":"product_cat","embeddable":true,"href":"https:\/\/baldumarket.lt\/lt\/wp-json\/wp\/v2\/product_cat?post=151380"},{"taxonomy":"product_tag","embeddable":true,"href":"https:\/\/baldumarket.lt\/lt\/wp-json\/wp\/v2\/product_tag?post=151380"}],"curies":[{"name":"wp","href":"https:\/\/api.w.org\/{rel}","templated":true}]}}