{"id":15138,"date":"2025-11-14T08:35:57","date_gmt":"2025-11-14T05:35:57","guid":{"rendered":"https:\/\/baldumarket.lt\/product\/neviro\/"},"modified":"2026-03-24T17:24:46","modified_gmt":"2026-03-24T14:24:46","slug":"neviro","status":"publish","type":"product","link":"https:\/\/baldumarket.lt\/lt\/product\/neviro\/","title":{"rendered":"Nevira"},"content":{"rendered":"<p>\u201eNeviro\u201c kampin\u0117 sofa \u2013 tai modernus baldas su i\u0161radingomis funkcijomis, kurios palengvina atsipalaidavim\u0105. \u012edomi \u201eNeviro\u201c savyb\u0117 \u2013 i\u0161traukiamas atlo\u0161as, leid\u017eiantis patogiai pagul\u0117ti. I\u0161manios, reguliuojamos galvos atramos ir patogus porankis padidina komfort\u0105. S\u0117dyn\u0117 pagaminta i\u0161 labai elasting\u0173 HR put\u0173 ir banguot\u0173 spyruokli\u0173, kurios u\u017etikrina dar didesn\u012f komfort\u0105. Be to, \u201eNeviro\u201c si\u016blo esteti\u0161k\u0105 patirt\u012f d\u0117l stilingo dygsniavimo ir eleganti\u0161k\u0173 si\u016bli\u0173. Kitas i\u0161skirtinis kampin\u0117s sofos bruo\u017eas \u2013 auk\u0161tos, juodos plienin\u0117s kojel\u0117s. \u201eNeviro\u201c matmenys \u2013 350 x 201 x 77 cm.<\/p>","protected":false},"excerpt":{"rendered":"<p>\u201eNeviro\u201c kampin\u0117 sofa \u2013 tai modernus baldas su i\u0161radingomis funkcijomis, kurios palengvina atsipalaidavim\u0105. \u012edomi \u201eNeviro\u201c savyb\u0117 \u2013 i\u0161traukiamas atlo\u0161as, leid\u017eiantis patogiai paguldyti k\u016bn\u0105. I\u0161manios, reguliuojamos galvos atramos ir patogus porankis padidina komfort\u0105. S\u0117dyn\u0117 pagaminta i\u0161 labai elasting\u0173 HR put\u0173 ir banguotos spyruokl\u0117s, [\u2026]<\/p>","protected":false},"featured_media":15139,"comment_status":"open","ping_status":"open","template":"","meta":[],"product_brand":[],"product_cat":[616,1982,2012,9191],"product_tag":[],"class_list":{"0":"post-15138","1":"product","2":"type-product","3":"status-publish","4":"has-post-thumbnail","6":"product_cat-corners","7":"product_cat-corners-u","8":"product_cat-eltap","9":"product_cat-corners-u-eltap","11":"first","12":"instock","13":"purchasable","14":"product-type-variable","15":"wvs-archive-product-wrapper"},"_links":{"self":[{"href":"https:\/\/baldumarket.lt\/lt\/wp-json\/wp\/v2\/product\/15138","targetHints":{"allow":["GET"]}}],"collection":[{"href":"https:\/\/baldumarket.lt\/lt\/wp-json\/wp\/v2\/product"}],"about":[{"href":"https:\/\/baldumarket.lt\/lt\/wp-json\/wp\/v2\/types\/product"}],"replies":[{"embeddable":true,"href":"https:\/\/baldumarket.lt\/lt\/wp-json\/wp\/v2\/comments?post=15138"}],"wp:featuredmedia":[{"embeddable":true,"href":"https:\/\/baldumarket.lt\/lt\/wp-json\/wp\/v2\/media\/15139"}],"wp:attachment":[{"href":"https:\/\/baldumarket.lt\/lt\/wp-json\/wp\/v2\/media?parent=15138"}],"wp:term":[{"taxonomy":"product_brand","embeddable":true,"href":"https:\/\/baldumarket.lt\/lt\/wp-json\/wp\/v2\/product_brand?post=15138"},{"taxonomy":"product_cat","embeddable":true,"href":"https:\/\/baldumarket.lt\/lt\/wp-json\/wp\/v2\/product_cat?post=15138"},{"taxonomy":"product_tag","embeddable":true,"href":"https:\/\/baldumarket.lt\/lt\/wp-json\/wp\/v2\/product_tag?post=15138"}],"curies":[{"name":"wp","href":"https:\/\/api.w.org\/{rel}","templated":true}]}}