{"id":151378,"date":"2025-12-18T05:20:20","date_gmt":"2025-12-18T02:20:20","guid":{"rendered":"https:\/\/baldumarket.lt\/?post_type=product&#038;p=151378"},"modified":"2026-02-03T23:34:12","modified_gmt":"2026-02-03T20:34:12","slug":"lozko-kontynentalne-viano-180x200-gr1","status":"publish","type":"product","link":"https:\/\/baldumarket.lt\/lt\/product\/lozko-kontynentalne-viano-180x200-gr1\/","title":{"rendered":"Viano kontinentin\u0117 lova 180\u00d7200 Gr1"},"content":{"rendered":"<h5><span style=\"color: #54859b\">Apsilankykite m\u016bs\u0173 virtualioje WERSAL prek\u0117s \u017eenklo parduotuv\u0117je<\/span><\/h5>\n<p> <a href=\"https:\/\/my.matterport.com\/show\/?m=SjRhosZFbQJ\" target=\"_blank\" rel=\"noopener\"><span style=\"color: #e47025\">https:\/\/my.matterport.com\/<\/span><\/a><\/p>\n<p>Sukurta galvojant apie erdvum\u0105 ir komfort\u0105, m\u016bs\u0173 did\u017eiausia \u201eViano\u201c kontinentin\u0117 lova si\u016blo prabangi\u0105 miegojimo erdv\u0119. Tvirta konstrukcija ir auk\u0161tos kokyb\u0117s med\u017eiagos u\u017etikrina ilgaam\u017ei\u0161kum\u0105, o i\u0161skirtinai mink\u0161tas apmu\u0161alas \u2013 neprilygstam\u0105 komfort\u0105. Puikiai tinka poroms, kurios vertina erdv\u0119 arba m\u0117gsta prabangiai i\u0161simiegoti, \u201eViano\u201c lova, kurios matmenys \u2013 180 \u00d7 200 cm, u\u017etikrina ram\u0173 nakties mieg\u0105.<\/p>","protected":false},"excerpt":{"rendered":"<p>Plotis: 191 cm<br \/>\n\u016agis: 112 cm<br \/>\nGylis: 217 cm<br \/>\nMiegamoji erdv\u0117: 180 \u00d7 200 cm<\/p>","protected":false},"featured_media":151443,"comment_status":"open","ping_status":"closed","template":"","meta":[],"product_brand":[],"product_cat":[9391,505,1972,514,4104],"product_tag":[],"class_list":{"0":"post-151378","1":"product","2":"type-product","3":"status-publish","4":"has-post-thumbnail","6":"product_cat-dream-wersal-upholstered-furniture","7":"product_cat-bedroom-beds","8":"product_cat-beds-180x200","9":"product_cat-continental-beds","10":"product_cat-wersal","12":"first","13":"instock","14":"shipping-taxable","15":"purchasable","16":"product-type-variable","17":"wvs-archive-product-wrapper"},"_links":{"self":[{"href":"https:\/\/baldumarket.lt\/lt\/wp-json\/wp\/v2\/product\/151378","targetHints":{"allow":["GET"]}}],"collection":[{"href":"https:\/\/baldumarket.lt\/lt\/wp-json\/wp\/v2\/product"}],"about":[{"href":"https:\/\/baldumarket.lt\/lt\/wp-json\/wp\/v2\/types\/product"}],"replies":[{"embeddable":true,"href":"https:\/\/baldumarket.lt\/lt\/wp-json\/wp\/v2\/comments?post=151378"}],"wp:featuredmedia":[{"embeddable":true,"href":"https:\/\/baldumarket.lt\/lt\/wp-json\/wp\/v2\/media\/151443"}],"wp:attachment":[{"href":"https:\/\/baldumarket.lt\/lt\/wp-json\/wp\/v2\/media?parent=151378"}],"wp:term":[{"taxonomy":"product_brand","embeddable":true,"href":"https:\/\/baldumarket.lt\/lt\/wp-json\/wp\/v2\/product_brand?post=151378"},{"taxonomy":"product_cat","embeddable":true,"href":"https:\/\/baldumarket.lt\/lt\/wp-json\/wp\/v2\/product_cat?post=151378"},{"taxonomy":"product_tag","embeddable":true,"href":"https:\/\/baldumarket.lt\/lt\/wp-json\/wp\/v2\/product_tag?post=151378"}],"curies":[{"name":"wp","href":"https:\/\/api.w.org\/{rel}","templated":true}]}}