{"id":151360,"date":"2025-12-18T05:19:46","date_gmt":"2025-12-18T02:19:46","guid":{"rendered":"https:\/\/baldumarket.lt\/?post_type=product&#038;p=151360"},"modified":"2026-02-03T23:34:12","modified_gmt":"2026-02-03T20:34:12","slug":"lozko-kontynentalne-viano-140x200-gr1","status":"publish","type":"product","link":"https:\/\/baldumarket.lt\/lt\/product\/lozko-kontynentalne-viano-140x200-gr1\/","title":{"rendered":"Viano kontinentin\u0117 lova 140\u00d7200 Gr1"},"content":{"rendered":"<h5><span style=\"color: #54859b\">Apsilankykite m\u016bs\u0173 virtualioje WERSAL prek\u0117s \u017eenklo parduotuv\u0117je<\/span><\/h5>\n<p> <a href=\"https:\/\/my.matterport.com\/show\/?m=SjRhosZFbQJ\" target=\"_blank\" rel=\"noopener\"><span style=\"color: #e47025\">https:\/\/my.matterport.com\/<\/span><\/a><\/p>\n<p>\u201eViano\u201c kontinentin\u0117 lova, kurios matmenys 140 \u00d7 200 cm, yra komforto ir stiliaus sinonimas net ir ma\u017eesn\u0117se erdv\u0117se. Sukurta tiems, kurie vertina apgalvot\u0105 dizain\u0105 ir auk\u0161\u010diausi\u0105 meistri\u0161kumo kokyb\u0119, \u0161i lova ne tik suteikia patogi\u0105 viet\u0105 poilsiui, bet ir yra unikalus dekoratyvinis elementas miegamajame. Dygsniuotas atlo\u0161as suteikia atram\u0105, kuri\u0105 \u012fvertins visi, nesvarbu, ar skaitant, ar ilsintis prie\u0161 mieg\u0105. Tvirta konstrukcija u\u017etikrina patvarum\u0105 ir stabilum\u0105, o kompakti\u0161ki matmenys puikiai tinka bet kokiam interjerui. Rinkit\u0117s \u201eViano\u201c kontinentin\u0119 lov\u0105 ir investuokite \u012f savo komfort\u0105 kiekvien\u0105 nakt\u012f. Matmenys:<\/p>\n<p>Plotis: 151 cm<br \/>\n\u016agis: 112 cm<br \/>\nGylis: 217 cm<br \/>\nMiegamasis plotas: 140 \u00d7 200 cm<br \/>\nMed\u017eiaga:<\/p>\n<p>Medinis r\u0117mas su Bonnell spyruokliniu \u010diu\u017einiu<br \/>\n7 zon\u0173 ki\u0161enini\u0173 spyruokli\u0173 \u010diu\u017einys<br \/>\nStandartinis perdangos sluoksnis \u2013 4 cm (neprivaloma)<br \/>\nElastingos putos<br \/>\nMediniai elementai<br \/>\nMed\u017eio dro\u017eli\u0173 plok\u0161t\u0117s<br \/>\nApmu\u0161alai i\u0161 j\u016bs\u0173 pasirinkto audinio<br \/>\nPapildoma informacija:<\/p>\n<p>Baldai yra visi\u0161kai nauji, supakuoti originalioje pakuot\u0117je.<br \/>\nBaldai pristatomi plok\u0161\u010diai supakuoti, kad b\u016bt\u0173 galima juos surinkti savaranki\u0161kai.<br \/>\nPridedamos lengvai suprantamos surinkimo instrukcijos ir visi reikalingi komponentai.<br \/>\nGamintojas pasilieka teis\u0119 keisti si\u016blom\u0173 bald\u0173 dizain\u0105 nekeisdamas bendro charakterio. Pateikti matmenys gali \u0161iek tiek skirtis. Visi matmenys yra i\u0161oriniai ir nurodyti centimetrais. D\u0117l technologini\u0173 apribojim\u0173 spalvos j\u016bs\u0173 monitoriaus ekrane gali skirtis nuo tikr\u0173j\u0173 si\u016blom\u0173 bald\u0173 spalv\u0173.<\/p>","protected":false},"excerpt":{"rendered":"<p>Apsilankykite m\u016bs\u0173 virtualioje WERSAL prek\u0117s \u017eenklo parduotuv\u0117je https:\/\/my.matterport.com\/ \u201eViano\u201c kontinentin\u0117 lova, kurios matmenys 140 \u00d7 200 cm, yra komforto ir stiliaus sinonimas net ir ma\u017eesn\u0117se erdv\u0117se. Sukurta tiems, kurie vertina apgalvot\u0105 dizain\u0105 ir auk\u0161\u010diausi\u0105 meistri\u0161kumo kokyb\u0119, \u0161i lova ne tik suteikia patogi\u0105 poilsio viet\u0105, bet ir yra unikalus dekoratyvinis elementas [\u2026]<\/p>","protected":false},"featured_media":151425,"comment_status":"open","ping_status":"closed","template":"","meta":[],"product_brand":[],"product_cat":[9391,505,1970,514,4104],"product_tag":[],"class_list":{"0":"post-151360","1":"product","2":"type-product","3":"status-publish","4":"has-post-thumbnail","6":"product_cat-dream-wersal-upholstered-furniture","7":"product_cat-bedroom-beds","8":"product_cat-beds-140x200","9":"product_cat-continental-beds","10":"product_cat-wersal","12":"first","13":"instock","14":"shipping-taxable","15":"purchasable","16":"product-type-variable","17":"wvs-archive-product-wrapper"},"_links":{"self":[{"href":"https:\/\/baldumarket.lt\/lt\/wp-json\/wp\/v2\/product\/151360","targetHints":{"allow":["GET"]}}],"collection":[{"href":"https:\/\/baldumarket.lt\/lt\/wp-json\/wp\/v2\/product"}],"about":[{"href":"https:\/\/baldumarket.lt\/lt\/wp-json\/wp\/v2\/types\/product"}],"replies":[{"embeddable":true,"href":"https:\/\/baldumarket.lt\/lt\/wp-json\/wp\/v2\/comments?post=151360"}],"wp:featuredmedia":[{"embeddable":true,"href":"https:\/\/baldumarket.lt\/lt\/wp-json\/wp\/v2\/media\/151425"}],"wp:attachment":[{"href":"https:\/\/baldumarket.lt\/lt\/wp-json\/wp\/v2\/media?parent=151360"}],"wp:term":[{"taxonomy":"product_brand","embeddable":true,"href":"https:\/\/baldumarket.lt\/lt\/wp-json\/wp\/v2\/product_brand?post=151360"},{"taxonomy":"product_cat","embeddable":true,"href":"https:\/\/baldumarket.lt\/lt\/wp-json\/wp\/v2\/product_cat?post=151360"},{"taxonomy":"product_tag","embeddable":true,"href":"https:\/\/baldumarket.lt\/lt\/wp-json\/wp\/v2\/product_tag?post=151360"}],"curies":[{"name":"wp","href":"https:\/\/api.w.org\/{rel}","templated":true}]}}