{"id":151344,"date":"2025-12-18T05:19:16","date_gmt":"2025-12-18T02:19:16","guid":{"rendered":"https:\/\/baldumarket.lt\/?post_type=product&#038;p=151344"},"modified":"2026-02-03T23:34:12","modified_gmt":"2026-02-03T20:34:12","slug":"lozko-kontynentalne-rita-140x200-gr1","status":"publish","type":"product","link":"https:\/\/baldumarket.lt\/lt\/product\/lozko-kontynentalne-rita-140x200-gr1\/","title":{"rendered":"Rita kontinentin\u0117 lova 140\u00d7200 Gr1"},"content":{"rendered":"<h5><span style=\"color: #54859b\">Apsilankykite m\u016bs\u0173 virtualioje WERSAL prek\u0117s \u017eenklo parduotuv\u0117je<\/span><\/h5>\n<p> <a href=\"https:\/\/my.matterport.com\/show\/?m=SjRhosZFbQJ\" target=\"_blank\" rel=\"noopener\"><span style=\"color: #e47025\">https:\/\/my.matterport.com\/<\/span><\/a><\/p>\n<p>140\u00d7200 cm dyd\u017eio kontinentin\u0117 lova \u201eRita\u201c \u2013 puikus pasirinkimas.<br \/>\ntiems, kurie ie\u0161ko optimalaus balanso tarp erdv\u0117s ir<br \/>\nfunkcionalumas. Tai puikus pasirinkimas tiek vieni\u0161iems, tiek ir vaikams<br \/>\nir poroms, si\u016blant pakankamai vietos patogiam miegui.<br \/>\nModernus k\u0117limo mechanizmas lengvai atskleid\u017eia erdv\u0173 daiktad\u0117\u017e\u0119<br \/>\nkuris puikiai tinka papildomai patalynei ar kitiems daiktams<br \/>\naksesuarai. \u0160is i\u0161manus dizainas sujungia elegancij\u0105 ir<br \/>\nprakti\u0161kumas, u\u017etikrinantis, kad kiekvienas miegamasis b\u016bt\u0173 stilingas<br \/>\nkaip ir sutvarkyta.<\/p>","protected":false},"excerpt":{"rendered":"<p>Plotis: 156 cm<br \/>\n\u016agis: 108 cm<br \/>\nGylis: 212 cm<br \/>\nMiegamasis plotas: 140 \u00d7 200 cm<\/p>","protected":false},"featured_media":151418,"comment_status":"open","ping_status":"closed","template":"","meta":[],"product_brand":[],"product_cat":[9391,505,1970,514,4104],"product_tag":[],"class_list":{"0":"post-151344","1":"product","2":"type-product","3":"status-publish","4":"has-post-thumbnail","6":"product_cat-dream-wersal-upholstered-furniture","7":"product_cat-bedroom-beds","8":"product_cat-beds-140x200","9":"product_cat-continental-beds","10":"product_cat-wersal","12":"first","13":"instock","14":"shipping-taxable","15":"purchasable","16":"product-type-variable","17":"wvs-archive-product-wrapper"},"_links":{"self":[{"href":"https:\/\/baldumarket.lt\/lt\/wp-json\/wp\/v2\/product\/151344","targetHints":{"allow":["GET"]}}],"collection":[{"href":"https:\/\/baldumarket.lt\/lt\/wp-json\/wp\/v2\/product"}],"about":[{"href":"https:\/\/baldumarket.lt\/lt\/wp-json\/wp\/v2\/types\/product"}],"replies":[{"embeddable":true,"href":"https:\/\/baldumarket.lt\/lt\/wp-json\/wp\/v2\/comments?post=151344"}],"wp:featuredmedia":[{"embeddable":true,"href":"https:\/\/baldumarket.lt\/lt\/wp-json\/wp\/v2\/media\/151418"}],"wp:attachment":[{"href":"https:\/\/baldumarket.lt\/lt\/wp-json\/wp\/v2\/media?parent=151344"}],"wp:term":[{"taxonomy":"product_brand","embeddable":true,"href":"https:\/\/baldumarket.lt\/lt\/wp-json\/wp\/v2\/product_brand?post=151344"},{"taxonomy":"product_cat","embeddable":true,"href":"https:\/\/baldumarket.lt\/lt\/wp-json\/wp\/v2\/product_cat?post=151344"},{"taxonomy":"product_tag","embeddable":true,"href":"https:\/\/baldumarket.lt\/lt\/wp-json\/wp\/v2\/product_tag?post=151344"}],"curies":[{"name":"wp","href":"https:\/\/api.w.org\/{rel}","templated":true}]}}