{"id":151342,"date":"2025-12-18T05:19:15","date_gmt":"2025-12-18T02:19:15","guid":{"rendered":"https:\/\/baldumarket.lt\/?post_type=product&#038;p=151342"},"modified":"2026-02-03T23:34:13","modified_gmt":"2026-02-03T20:34:13","slug":"lozko-kontynentalne-lungo-180x200-gr1","status":"publish","type":"product","link":"https:\/\/baldumarket.lt\/lt\/product\/lozko-kontynentalne-lungo-180x200-gr1\/","title":{"rendered":"Lungo kontinentin\u0117 lova 180\u00d7200 Gr1"},"content":{"rendered":"<h5><span style=\"color: #54859b\">Apsilankykite m\u016bs\u0173 virtualioje WERSAL prek\u0117s \u017eenklo parduotuv\u0117je<\/span><\/h5>\n<p> <a href=\"https:\/\/my.matterport.com\/show\/?m=SjRhosZFbQJ\" target=\"_blank\" rel=\"noopener\"><span style=\"color: #e47025\">https:\/\/my.matterport.com\/<\/span><\/a><\/p>\n<p>Sveiki atvyk\u0119 \u012f komforto pasaul\u012f su m\u016bs\u0173 flagmanu \u2013 \u201eLungo\u201c spyruokliniu \u010diu\u017einiu.<\/p>\n<p>180 \u00d7 200 cm dyd\u017eio. \u0160i prabangi, erdvi lova puikiai tinka<\/p>\n<p>pasirinkimas poroms, vertinan\u010dioms patogum\u0105 ir stili\u0173. Auk\u0161ta kokyb\u0117<\/p>\n<p>\u010ciu\u017einys suteikia optimali\u0105 atram\u0105, o spyruoklin\u0117s spyruokl\u0117s garantuoja<\/p>\n<p>Puikus elastingumas ir ilgaam\u017ei\u0161kumas. Prakti\u0161kas, pakeliamas lovos pagrindas<\/p>\n<p>suteikia papildomos vietos daiktams laikyti, maksimaliai padidindama<\/p>\n<p>erdv\u0117s panaudojimas j\u016bs\u0173 miegamajame.<\/p>","protected":false},"excerpt":{"rendered":"<p>Plotis: 205 cm<br \/>\nAuk\u0161tis: 130 cm<br \/>\nGylis: 213 cm<br \/>\nMiegamoji erdv\u0117: 180 \u00d7 200 cm<\/p>","protected":false},"featured_media":151407,"comment_status":"open","ping_status":"closed","template":"","meta":[],"product_brand":[],"product_cat":[9391,505,1972,514,4104],"product_tag":[],"class_list":{"0":"post-151342","1":"product","2":"type-product","3":"status-publish","4":"has-post-thumbnail","6":"product_cat-dream-wersal-upholstered-furniture","7":"product_cat-bedroom-beds","8":"product_cat-beds-180x200","9":"product_cat-continental-beds","10":"product_cat-wersal","12":"first","13":"instock","14":"shipping-taxable","15":"purchasable","16":"product-type-variable","17":"wvs-archive-product-wrapper"},"_links":{"self":[{"href":"https:\/\/baldumarket.lt\/lt\/wp-json\/wp\/v2\/product\/151342","targetHints":{"allow":["GET"]}}],"collection":[{"href":"https:\/\/baldumarket.lt\/lt\/wp-json\/wp\/v2\/product"}],"about":[{"href":"https:\/\/baldumarket.lt\/lt\/wp-json\/wp\/v2\/types\/product"}],"replies":[{"embeddable":true,"href":"https:\/\/baldumarket.lt\/lt\/wp-json\/wp\/v2\/comments?post=151342"}],"wp:featuredmedia":[{"embeddable":true,"href":"https:\/\/baldumarket.lt\/lt\/wp-json\/wp\/v2\/media\/151407"}],"wp:attachment":[{"href":"https:\/\/baldumarket.lt\/lt\/wp-json\/wp\/v2\/media?parent=151342"}],"wp:term":[{"taxonomy":"product_brand","embeddable":true,"href":"https:\/\/baldumarket.lt\/lt\/wp-json\/wp\/v2\/product_brand?post=151342"},{"taxonomy":"product_cat","embeddable":true,"href":"https:\/\/baldumarket.lt\/lt\/wp-json\/wp\/v2\/product_cat?post=151342"},{"taxonomy":"product_tag","embeddable":true,"href":"https:\/\/baldumarket.lt\/lt\/wp-json\/wp\/v2\/product_tag?post=151342"}],"curies":[{"name":"wp","href":"https:\/\/api.w.org\/{rel}","templated":true}]}}