{"id":151326,"date":"2025-12-18T05:18:44","date_gmt":"2025-12-18T02:18:44","guid":{"rendered":"https:\/\/baldumarket.lt\/?post_type=product&#038;p=151326"},"modified":"2026-02-03T23:34:13","modified_gmt":"2026-02-03T20:34:13","slug":"lozko-kontynentalne-lungo-160x200-gr1","status":"publish","type":"product","link":"https:\/\/baldumarket.lt\/lt\/product\/lozko-kontynentalne-lungo-160x200-gr1\/","title":{"rendered":"Lungo kontinentin\u0117 lova 160\u00d7200 Gr1"},"content":{"rendered":"<h5><span style=\"color: #54859b\">Apsilankykite m\u016bs\u0173 virtualioje WERSAL prek\u0117s \u017eenklo parduotuv\u0117je<\/span><\/h5>\n<p> <a href=\"https:\/\/my.matterport.com\/show\/?m=SjRhosZFbQJ\" target=\"_blank\" rel=\"noopener\"><span style=\"color: #e47025\">https:\/\/my.matterport.com\/<\/span><\/a><\/p>\n<p>160 \u00d7 200 cm dyd\u017eio \u201eLungo\u201c spyruoklin\u0117 lova yra eleganti\u0161ko dizaino ir funkcionalumo sinonimas. \u0160i lova puikiai tinka poroms, nes suteikia pakankamai vietos patogiam nakties miegui, ta\u010diau yra kompakti\u0161ko dyd\u017eio, tinkan\u010dio daugumai miegam\u0173j\u0173. Novatori\u0161kas pagrindas su pak\u0117limo funkcija leid\u017eia lengvai laikyti patalyn\u0119 ir kitus daiktus, tod\u0117l j\u016bs\u0173 miegamasis visada i\u0161liks tvarkingas.<\/p>","protected":false},"excerpt":{"rendered":"<p>Plotis: 185 cm<br \/>\nAuk\u0161tis: 130 cm<br \/>\nGylis: 213 cm<br \/>\nMiegamoji erdv\u0117: 160 \u00d7 200 cm<\/p>","protected":false},"featured_media":151400,"comment_status":"open","ping_status":"closed","template":"","meta":[],"product_brand":[],"product_cat":[9391,505,1971,514,4104],"product_tag":[],"class_list":{"0":"post-151326","1":"product","2":"type-product","3":"status-publish","4":"has-post-thumbnail","6":"product_cat-dream-wersal-upholstered-furniture","7":"product_cat-bedroom-beds","8":"product_cat-beds-160x200","9":"product_cat-continental-beds","10":"product_cat-wersal","12":"first","13":"instock","14":"shipping-taxable","15":"purchasable","16":"product-type-variable","17":"wvs-archive-product-wrapper"},"_links":{"self":[{"href":"https:\/\/baldumarket.lt\/lt\/wp-json\/wp\/v2\/product\/151326","targetHints":{"allow":["GET"]}}],"collection":[{"href":"https:\/\/baldumarket.lt\/lt\/wp-json\/wp\/v2\/product"}],"about":[{"href":"https:\/\/baldumarket.lt\/lt\/wp-json\/wp\/v2\/types\/product"}],"replies":[{"embeddable":true,"href":"https:\/\/baldumarket.lt\/lt\/wp-json\/wp\/v2\/comments?post=151326"}],"wp:featuredmedia":[{"embeddable":true,"href":"https:\/\/baldumarket.lt\/lt\/wp-json\/wp\/v2\/media\/151400"}],"wp:attachment":[{"href":"https:\/\/baldumarket.lt\/lt\/wp-json\/wp\/v2\/media?parent=151326"}],"wp:term":[{"taxonomy":"product_brand","embeddable":true,"href":"https:\/\/baldumarket.lt\/lt\/wp-json\/wp\/v2\/product_brand?post=151326"},{"taxonomy":"product_cat","embeddable":true,"href":"https:\/\/baldumarket.lt\/lt\/wp-json\/wp\/v2\/product_cat?post=151326"},{"taxonomy":"product_tag","embeddable":true,"href":"https:\/\/baldumarket.lt\/lt\/wp-json\/wp\/v2\/product_tag?post=151326"}],"curies":[{"name":"wp","href":"https:\/\/api.w.org\/{rel}","templated":true}]}}