{"id":151308,"date":"2025-12-18T05:18:10","date_gmt":"2025-12-18T02:18:10","guid":{"rendered":"https:\/\/baldumarket.lt\/?post_type=product&#038;p=151308"},"modified":"2026-02-03T23:34:13","modified_gmt":"2026-02-03T20:34:13","slug":"lozko-kontynentalne-godin-180x200-gr1","status":"publish","type":"product","link":"https:\/\/baldumarket.lt\/lt\/product\/lozko-kontynentalne-godin-180x200-gr1\/","title":{"rendered":"Godin kontinentin\u0117 lova 180\u00d7200 Gr1"},"content":{"rendered":"<h5><span style=\"color: #54859b\">Apsilankykite m\u016bs\u0173 virtualioje WERSAL prek\u0117s \u017eenklo parduotuv\u0117je<\/span><\/h5>\n<p> <a href=\"https:\/\/my.matterport.com\/show\/?m=SjRhosZFbQJ\" target=\"_blank\" rel=\"noopener\"><span style=\"color: #e47025\">https:\/\/my.matterport.com\/<\/span><\/a><\/p>\n<p>Pasinerkite \u012f berib\u0119 prabang\u0105, kuri\u0105 si\u016blo \u201eGodin\u201c spyruoklin\u0117 lova,<br \/>\n180 \u00d7 200 cm dyd\u017eio. Kruop\u0161\u010diai pagaminta, atkreipiant d\u0117mes\u012f \u012f detales.<br \/>\nLova ne tik garantuoja karali\u0161k\u0105 poils\u012f, bet ir tarnauja kaip<br \/>\nRafinuotas j\u016bs\u0173 miegamojo dekoras. Jo didinga atlo\u0161as,<br \/>\ngausiai dygsniuotas ir subtiliai austomis si\u016bl\u0117mis puo\u0161tas, kvie\u010dia<br \/>\nvakare gal\u0117site atsipalaiduoti prabangos gl\u0117byje. \u012erengtas patvariu<br \/>\nkonstrukcija su tvirtomis kojel\u0117mis u\u017etikrina stabilum\u0105 ir ilgaam\u017ei\u0161kum\u0105<br \/>\nmet\u0173. Apgalvota daiktad\u0117\u017e\u0117s funkcija, pasl\u0117pta po \u010diu\u017einiu, yra<br \/>\npapildomas privalumas, leid\u017eiantis palaikyti harmonij\u0105 ir tvark\u0105<br \/>\nj\u016bs\u0173 asmenin\u0117 \u0161ventov\u0117.<\/p>","protected":false},"excerpt":{"rendered":"<p>Plotis: 195 cm<br \/>\n\u016agis: 116 cm<br \/>\nGylis: 217 cm<br \/>\nMiegamoji erdv\u0117: 180 \u00d7 200 cm<\/p>","protected":false},"featured_media":151382,"comment_status":"open","ping_status":"closed","template":"","meta":[],"product_brand":[],"product_cat":[9391,505,1972,514,4104],"product_tag":[],"class_list":{"0":"post-151308","1":"product","2":"type-product","3":"status-publish","4":"has-post-thumbnail","6":"product_cat-dream-wersal-upholstered-furniture","7":"product_cat-bedroom-beds","8":"product_cat-beds-180x200","9":"product_cat-continental-beds","10":"product_cat-wersal","12":"first","13":"instock","14":"shipping-taxable","15":"purchasable","16":"product-type-variable","17":"wvs-archive-product-wrapper"},"_links":{"self":[{"href":"https:\/\/baldumarket.lt\/lt\/wp-json\/wp\/v2\/product\/151308","targetHints":{"allow":["GET"]}}],"collection":[{"href":"https:\/\/baldumarket.lt\/lt\/wp-json\/wp\/v2\/product"}],"about":[{"href":"https:\/\/baldumarket.lt\/lt\/wp-json\/wp\/v2\/types\/product"}],"replies":[{"embeddable":true,"href":"https:\/\/baldumarket.lt\/lt\/wp-json\/wp\/v2\/comments?post=151308"}],"wp:featuredmedia":[{"embeddable":true,"href":"https:\/\/baldumarket.lt\/lt\/wp-json\/wp\/v2\/media\/151382"}],"wp:attachment":[{"href":"https:\/\/baldumarket.lt\/lt\/wp-json\/wp\/v2\/media?parent=151308"}],"wp:term":[{"taxonomy":"product_brand","embeddable":true,"href":"https:\/\/baldumarket.lt\/lt\/wp-json\/wp\/v2\/product_brand?post=151308"},{"taxonomy":"product_cat","embeddable":true,"href":"https:\/\/baldumarket.lt\/lt\/wp-json\/wp\/v2\/product_cat?post=151308"},{"taxonomy":"product_tag","embeddable":true,"href":"https:\/\/baldumarket.lt\/lt\/wp-json\/wp\/v2\/product_tag?post=151308"}],"curies":[{"name":"wp","href":"https:\/\/api.w.org\/{rel}","templated":true}]}}