{"id":151306,"date":"2025-12-18T05:18:09","date_gmt":"2025-12-18T02:18:09","guid":{"rendered":"https:\/\/baldumarket.lt\/?post_type=product&#038;p=151306"},"modified":"2026-02-03T23:34:14","modified_gmt":"2026-02-03T20:34:14","slug":"lozko-kontynentalne-godin-160x200-gr1","status":"publish","type":"product","link":"https:\/\/baldumarket.lt\/lt\/product\/lozko-kontynentalne-godin-160x200-gr1\/","title":{"rendered":"Godin kontinentin\u0117 lova 160\u00d7200 Gr1"},"content":{"rendered":"<h5><span style=\"color: #54859b\">Apsilankykite m\u016bs\u0173 virtualioje WERSAL prek\u0117s \u017eenklo parduotuv\u0117je<\/span><\/h5>\n<p> <a href=\"https:\/\/my.matterport.com\/show\/?m=SjRhosZFbQJ\" target=\"_blank\" rel=\"noopener\"><span style=\"color: #e47025\">https:\/\/my.matterport.com\/<\/span><\/a><\/p>\n<p>\u201eGodin\u201c spyruoklin\u0117 lova, 160 \u00d7 200 cm, yra puikus pasirinkimas<br \/>\ntiems, kurie nori suderinti funkcionalum\u0105 su elegancija. \u0160is vidutinio dyd\u017eio<br \/>\nramyb\u0117s oaz\u0117, kuri\u0105 papildo esteti\u0161kai patrauklus ir patogus atlo\u0161as,<br \/>\nsukurtas atsi\u017evelgiant \u012f \u0161iuolaikinio miegamojo poreikius. Derinant<br \/>\nklasikinis persona\u017eas su moderniomis savyb\u0117mis, tokiomis kaip gausyb\u0117<br \/>\nvietos daiktams susid\u0117ti, \u0161i lova yra optimalus sprendimas<br \/>\ntiems, kurie vertina estetik\u0105 be kompromis\u0173<br \/>\nprakti\u0161kumas. Tvirta konstrukcija ir subtiliai dygsniuotas atlo\u0161as<br \/>\ngarantuoja ilgamet\u012f komfort\u0105 ir stili\u0173.<\/p>","protected":false},"excerpt":{"rendered":"<p>Plotis: 175 cm<br \/>\n\u016agis: 116 cm<br \/>\nGylis: 217 cm<br \/>\nMiegamoji erdv\u0117: 160 \u00d7 200 cm<\/p>","protected":false},"featured_media":151371,"comment_status":"open","ping_status":"closed","template":"","meta":[],"product_brand":[],"product_cat":[9391,505,1971,514,4104],"product_tag":[],"class_list":{"0":"post-151306","1":"product","2":"type-product","3":"status-publish","4":"has-post-thumbnail","6":"product_cat-dream-wersal-upholstered-furniture","7":"product_cat-bedroom-beds","8":"product_cat-beds-160x200","9":"product_cat-continental-beds","10":"product_cat-wersal","12":"first","13":"instock","14":"shipping-taxable","15":"purchasable","16":"product-type-variable","17":"wvs-archive-product-wrapper"},"_links":{"self":[{"href":"https:\/\/baldumarket.lt\/lt\/wp-json\/wp\/v2\/product\/151306","targetHints":{"allow":["GET"]}}],"collection":[{"href":"https:\/\/baldumarket.lt\/lt\/wp-json\/wp\/v2\/product"}],"about":[{"href":"https:\/\/baldumarket.lt\/lt\/wp-json\/wp\/v2\/types\/product"}],"replies":[{"embeddable":true,"href":"https:\/\/baldumarket.lt\/lt\/wp-json\/wp\/v2\/comments?post=151306"}],"wp:featuredmedia":[{"embeddable":true,"href":"https:\/\/baldumarket.lt\/lt\/wp-json\/wp\/v2\/media\/151371"}],"wp:attachment":[{"href":"https:\/\/baldumarket.lt\/lt\/wp-json\/wp\/v2\/media?parent=151306"}],"wp:term":[{"taxonomy":"product_brand","embeddable":true,"href":"https:\/\/baldumarket.lt\/lt\/wp-json\/wp\/v2\/product_brand?post=151306"},{"taxonomy":"product_cat","embeddable":true,"href":"https:\/\/baldumarket.lt\/lt\/wp-json\/wp\/v2\/product_cat?post=151306"},{"taxonomy":"product_tag","embeddable":true,"href":"https:\/\/baldumarket.lt\/lt\/wp-json\/wp\/v2\/product_tag?post=151306"}],"curies":[{"name":"wp","href":"https:\/\/api.w.org\/{rel}","templated":true}]}}