{"id":151294,"date":"2025-12-18T05:17:46","date_gmt":"2025-12-18T02:17:46","guid":{"rendered":"https:\/\/baldumarket.lt\/?post_type=product&#038;p=151294"},"modified":"2026-02-03T23:34:14","modified_gmt":"2026-02-03T20:34:14","slug":"lozko-kontynentalne-godin-140x200-gr1","status":"publish","type":"product","link":"https:\/\/baldumarket.lt\/lt\/product\/lozko-kontynentalne-godin-140x200-gr1\/","title":{"rendered":"Godin kontinentin\u0117 lova 140&#215;200 Gr1"},"content":{"rendered":"<h5><span style=\"color: #54859b\">Apsilankykite m\u016bs\u0173 virtualioje WERSAL prek\u0117s \u017eenklo parduotuv\u0117je<\/span><\/h5>\n<p> <a href=\"https:\/\/my.matterport.com\/show\/?m=SjRhosZFbQJ\" target=\"_blank\" rel=\"noopener\"><span style=\"color: #e47025\">https:\/\/my.matterport.com\/<\/span><\/a><\/p>\n<p>Tiems, kurie nori maksimaliai i\u0161naudoti savo miegamojo erdv\u0119, \u201eGodin\u201c 140 \u00d7 200 cm spyruoklin\u0117 lova yra puikus pasirinkimas. Tai eleganti\u0161kas baldas, u\u017etikrinantis komfort\u0105 ir prakti\u0161kum\u0105 neu\u017eimantis daug vietos. Si\u016bta nugara ne tik suteikia puiki\u0105 atram\u0105 skaitant ar ilsintis, bet ir yra ak\u012f traukiantis miegamojo akcentas. Integruotas daiktad\u0117\u017e\u0117s sprendimas po \u010diu\u017einiu puikiai i\u0161naudoja da\u017enai nenaudojam\u0105 erdv\u0119, suteikdamas galimyb\u0119 laikyti patalyn\u0119, drabu\u017eius ir kitus daiktus. Rinkit\u0117s \u201eGodin\u201c ir m\u0117gaukit\u0117s prabanga, kuri harmoningai dera su funkcionalumu.<\/p>","protected":false},"excerpt":{"rendered":"<p>Plotis: 155 cm<br \/>\n\u016agis: 116 cm<br \/>\nGylis: 217 cm<br \/>\nMiegamasis plotas: 140 \u00d7 200 cm<\/p>","protected":false},"featured_media":151364,"comment_status":"open","ping_status":"closed","template":"","meta":[],"product_brand":[],"product_cat":[9391,505,1970,514,4104],"product_tag":[],"class_list":{"0":"post-151294","1":"product","2":"type-product","3":"status-publish","4":"has-post-thumbnail","6":"product_cat-dream-wersal-upholstered-furniture","7":"product_cat-bedroom-beds","8":"product_cat-beds-140x200","9":"product_cat-continental-beds","10":"product_cat-wersal","12":"first","13":"instock","14":"shipping-taxable","15":"purchasable","16":"product-type-variable","17":"wvs-archive-product-wrapper"},"_links":{"self":[{"href":"https:\/\/baldumarket.lt\/lt\/wp-json\/wp\/v2\/product\/151294","targetHints":{"allow":["GET"]}}],"collection":[{"href":"https:\/\/baldumarket.lt\/lt\/wp-json\/wp\/v2\/product"}],"about":[{"href":"https:\/\/baldumarket.lt\/lt\/wp-json\/wp\/v2\/types\/product"}],"replies":[{"embeddable":true,"href":"https:\/\/baldumarket.lt\/lt\/wp-json\/wp\/v2\/comments?post=151294"}],"wp:featuredmedia":[{"embeddable":true,"href":"https:\/\/baldumarket.lt\/lt\/wp-json\/wp\/v2\/media\/151364"}],"wp:attachment":[{"href":"https:\/\/baldumarket.lt\/lt\/wp-json\/wp\/v2\/media?parent=151294"}],"wp:term":[{"taxonomy":"product_brand","embeddable":true,"href":"https:\/\/baldumarket.lt\/lt\/wp-json\/wp\/v2\/product_brand?post=151294"},{"taxonomy":"product_cat","embeddable":true,"href":"https:\/\/baldumarket.lt\/lt\/wp-json\/wp\/v2\/product_cat?post=151294"},{"taxonomy":"product_tag","embeddable":true,"href":"https:\/\/baldumarket.lt\/lt\/wp-json\/wp\/v2\/product_tag?post=151294"}],"curies":[{"name":"wp","href":"https:\/\/api.w.org\/{rel}","templated":true}]}}