{"id":151292,"date":"2025-12-18T05:17:44","date_gmt":"2025-12-18T02:17:44","guid":{"rendered":"https:\/\/baldumarket.lt\/?post_type=product&#038;p=151292"},"modified":"2026-02-03T23:34:14","modified_gmt":"2026-02-03T20:34:14","slug":"lozko-kontynentalne-carina-180x200-gr1","status":"publish","type":"product","link":"https:\/\/baldumarket.lt\/lt\/product\/lozko-kontynentalne-carina-180x200-gr1\/","title":{"rendered":"Carina kontinentin\u0117 lova 180&#215;200 Gr1"},"content":{"rendered":"<h5><span style=\"color: #54859b\">Apsilankykite m\u016bs\u0173 virtualioje WERSAL prek\u0117s \u017eenklo parduotuv\u0117je<\/span><\/h5>\n<p> <a href=\"https:\/\/my.matterport.com\/show\/?m=SjRhosZFbQJ\" target=\"_blank\" rel=\"noopener\"><span style=\"color: #e47025\">https:\/\/my.matterport.com\/<\/span><\/a><\/p>\n<p>Tiems, kurie trok\u0161ta karali\u0161ko poilsio, 180\u00d7200 cm dyd\u017eio \u201eCarina\u201c kontinentin\u0117 lova yra komforto ir erdv\u0117s \u012fsik\u016bnijimas.<\/p>\n<p>Prabangus, giliai dygsniuotas galv\u016bgalis ir kruop\u0161\u010diai i\u0161lenktos lovos linijos sukuria unikali\u0105 atmosfer\u0105 miegamajame. \u0160i lova ne tik kvie\u010dia miegoti, bet ir tarnauja kaip magnetinis traukos ta\u0161kas.<\/p>\n<p>savo asmenin\u0117s \u0161ventov\u0117s.<\/p>","protected":false},"excerpt":{"rendered":"<p>Plotis: 191 cm<br \/>\n\u016agis: 112 cm<br \/>\nGylis: 225 cm<br \/>\nMiegamoji erdv\u0117: 180 \u00d7 200 cm<\/p>","protected":false},"featured_media":151353,"comment_status":"open","ping_status":"closed","template":"","meta":[],"product_brand":[],"product_cat":[9391,505,1972,514,4104],"product_tag":[],"class_list":{"0":"post-151292","1":"product","2":"type-product","3":"status-publish","4":"has-post-thumbnail","6":"product_cat-dream-wersal-upholstered-furniture","7":"product_cat-bedroom-beds","8":"product_cat-beds-180x200","9":"product_cat-continental-beds","10":"product_cat-wersal","12":"first","13":"instock","14":"shipping-taxable","15":"purchasable","16":"product-type-variable","17":"wvs-archive-product-wrapper"},"_links":{"self":[{"href":"https:\/\/baldumarket.lt\/lt\/wp-json\/wp\/v2\/product\/151292","targetHints":{"allow":["GET"]}}],"collection":[{"href":"https:\/\/baldumarket.lt\/lt\/wp-json\/wp\/v2\/product"}],"about":[{"href":"https:\/\/baldumarket.lt\/lt\/wp-json\/wp\/v2\/types\/product"}],"replies":[{"embeddable":true,"href":"https:\/\/baldumarket.lt\/lt\/wp-json\/wp\/v2\/comments?post=151292"}],"wp:featuredmedia":[{"embeddable":true,"href":"https:\/\/baldumarket.lt\/lt\/wp-json\/wp\/v2\/media\/151353"}],"wp:attachment":[{"href":"https:\/\/baldumarket.lt\/lt\/wp-json\/wp\/v2\/media?parent=151292"}],"wp:term":[{"taxonomy":"product_brand","embeddable":true,"href":"https:\/\/baldumarket.lt\/lt\/wp-json\/wp\/v2\/product_brand?post=151292"},{"taxonomy":"product_cat","embeddable":true,"href":"https:\/\/baldumarket.lt\/lt\/wp-json\/wp\/v2\/product_cat?post=151292"},{"taxonomy":"product_tag","embeddable":true,"href":"https:\/\/baldumarket.lt\/lt\/wp-json\/wp\/v2\/product_tag?post=151292"}],"curies":[{"name":"wp","href":"https:\/\/api.w.org\/{rel}","templated":true}]}}