{"id":151260,"date":"2025-12-18T05:16:46","date_gmt":"2025-12-18T02:16:46","guid":{"rendered":"https:\/\/baldumarket.lt\/?post_type=product&#038;p=151260"},"modified":"2026-02-03T23:34:15","modified_gmt":"2026-02-03T20:34:15","slug":"lozko-tapicerowane-tessina-180x200-gr1","status":"publish","type":"product","link":"https:\/\/baldumarket.lt\/lt\/product\/lozko-tapicerowane-tessina-180x200-gr1\/","title":{"rendered":"Mink\u0161ta lova Tessina 180\u00d7200 Gr1"},"content":{"rendered":"<h5><span style=\"color: #54859b\">Apsilankykite m\u016bs\u0173 virtualioje WERSAL prek\u0117s \u017eenklo parduotuv\u0117je<\/span><\/h5>\n<p> <a href=\"https:\/\/my.matterport.com\/show\/?m=SjRhosZFbQJ\" target=\"_blank\" rel=\"noopener\"><span style=\"color: #e47025\">https:\/\/my.matterport.com\/<\/span><\/a><\/p>\n<p>Pasirinkdami did\u017eiausi\u0105 \u201eTessina\u201c mink\u0161t\u0105 lov\u0105 \u2013 180 \u00d7 200 cm \u2013 investuojate \u012f neprilygstam\u0105 komfort\u0105 ir prabang\u0105. \u0160is modelis si\u016blo puikiai erdv\u0119 dviem \u017emon\u0117ms \u2013 ne tik viet\u0105 miegoti, bet ir atsipalaiduoti bei pails\u0117ti. Visos \u201eTessina\u201c spalv\u0173 parinktys miegamajame sukuria ramyb\u0117s ir tylos atmosfer\u0105, o kruop\u0161\u010diai pagamintas galv\u016bgalis kvie\u010dia atsilo\u0161ti ir pails\u0117ti po ilgos dienos.<\/p>","protected":false},"excerpt":{"rendered":"<p>Plotis: 195 cm<br \/>\n\u016agis: 106 cm<br \/>\nGylis: 220 cm<br \/>\nMiegamoji erdv\u0117: 180 \u00d7 200 cm<\/p>","protected":false},"featured_media":151328,"comment_status":"open","ping_status":"closed","template":"","meta":[],"product_brand":[],"product_cat":[9391,505,1972,4104],"product_tag":[],"class_list":{"0":"post-151260","1":"product","2":"type-product","3":"status-publish","4":"has-post-thumbnail","6":"product_cat-dream-wersal-upholstered-furniture","7":"product_cat-bedroom-beds","8":"product_cat-beds-180x200","9":"product_cat-wersal","11":"first","12":"instock","13":"shipping-taxable","14":"purchasable","15":"product-type-variable","16":"wvs-archive-product-wrapper"},"_links":{"self":[{"href":"https:\/\/baldumarket.lt\/lt\/wp-json\/wp\/v2\/product\/151260","targetHints":{"allow":["GET"]}}],"collection":[{"href":"https:\/\/baldumarket.lt\/lt\/wp-json\/wp\/v2\/product"}],"about":[{"href":"https:\/\/baldumarket.lt\/lt\/wp-json\/wp\/v2\/types\/product"}],"replies":[{"embeddable":true,"href":"https:\/\/baldumarket.lt\/lt\/wp-json\/wp\/v2\/comments?post=151260"}],"wp:featuredmedia":[{"embeddable":true,"href":"https:\/\/baldumarket.lt\/lt\/wp-json\/wp\/v2\/media\/151328"}],"wp:attachment":[{"href":"https:\/\/baldumarket.lt\/lt\/wp-json\/wp\/v2\/media?parent=151260"}],"wp:term":[{"taxonomy":"product_brand","embeddable":true,"href":"https:\/\/baldumarket.lt\/lt\/wp-json\/wp\/v2\/product_brand?post=151260"},{"taxonomy":"product_cat","embeddable":true,"href":"https:\/\/baldumarket.lt\/lt\/wp-json\/wp\/v2\/product_cat?post=151260"},{"taxonomy":"product_tag","embeddable":true,"href":"https:\/\/baldumarket.lt\/lt\/wp-json\/wp\/v2\/product_tag?post=151260"}],"curies":[{"name":"wp","href":"https:\/\/api.w.org\/{rel}","templated":true}]}}