{"id":151258,"date":"2025-12-18T05:16:44","date_gmt":"2025-12-18T02:16:44","guid":{"rendered":"https:\/\/baldumarket.lt\/?post_type=product&#038;p=151258"},"modified":"2026-02-03T23:34:15","modified_gmt":"2026-02-03T20:34:15","slug":"lozko-tapicerowane-tessina-160x200-gr1","status":"publish","type":"product","link":"https:\/\/baldumarket.lt\/lt\/product\/lozko-tapicerowane-tessina-160x200-gr1\/","title":{"rendered":"Mink\u0161ta lova Tessina 160\u00d7200 Gr1"},"content":{"rendered":"<h5><span style=\"color: #54859b\">Apsilankykite m\u016bs\u0173 virtualioje WERSAL prek\u0117s \u017eenklo parduotuv\u0117je<\/span><\/h5>\n<p> <a href=\"https:\/\/my.matterport.com\/show\/?m=SjRhosZFbQJ\" target=\"_blank\" rel=\"noopener\"><span style=\"color: #e47025\">https:\/\/my.matterport.com\/<\/span><\/a><\/p>\n<p>Atraskite elegancij\u0105 ir komfort\u0105, kur\u012f si\u016blo mink\u0161ta \u201eTessina\u201c lova<br \/>\n160 \u00d7 200 cm dyd\u017eio. \u0160i kruop\u0161\u010diai pagaminta lova yra \u012fvairi\u0173 dyd\u017ei\u0173<br \/>\nplatus spalv\u0173 pasirinkimas leid\u017eia idealiai der\u0117ti prie bet kokio miegamojo.<\/p>\n<p>Eleganti\u0161kos linijos ir subtilus galv\u016bgalis suteikia puiki\u0105 atram\u0105 ir<br \/>\nsuteikti interjerui subtili\u0105 harmonij\u0105. Apgalvotos dizaino detal\u0117s,<br \/>\ntokios kaip stabilios kojel\u0117s ir auk\u0161tos kokyb\u0117s apmu\u0161alai, pabr\u0117\u017eia jos<br \/>\nunikalus charakteris. \u201eTessina\u201c \u2013 tai patogumo ir stiliaus sinonimas,<br \/>\ngarantuoja nesuskai\u010diuojamas nakt\u0173 ramyb\u0117s akimirkas.<\/p>","protected":false},"excerpt":{"rendered":"<p>Plotis: 175 cm<br \/>\n\u016agis: 106 cm<br \/>\nGylis: 220 cm<br \/>\nMiegamoji erdv\u0117: 160 \u00d7 200 cm<\/p>","protected":false},"featured_media":151317,"comment_status":"open","ping_status":"closed","template":"","meta":[],"product_brand":[],"product_cat":[9391,505,1971,4104],"product_tag":[],"class_list":{"0":"post-151258","1":"product","2":"type-product","3":"status-publish","4":"has-post-thumbnail","6":"product_cat-dream-wersal-upholstered-furniture","7":"product_cat-bedroom-beds","8":"product_cat-beds-160x200","9":"product_cat-wersal","11":"first","12":"instock","13":"shipping-taxable","14":"purchasable","15":"product-type-variable","16":"wvs-archive-product-wrapper"},"_links":{"self":[{"href":"https:\/\/baldumarket.lt\/lt\/wp-json\/wp\/v2\/product\/151258","targetHints":{"allow":["GET"]}}],"collection":[{"href":"https:\/\/baldumarket.lt\/lt\/wp-json\/wp\/v2\/product"}],"about":[{"href":"https:\/\/baldumarket.lt\/lt\/wp-json\/wp\/v2\/types\/product"}],"replies":[{"embeddable":true,"href":"https:\/\/baldumarket.lt\/lt\/wp-json\/wp\/v2\/comments?post=151258"}],"wp:featuredmedia":[{"embeddable":true,"href":"https:\/\/baldumarket.lt\/lt\/wp-json\/wp\/v2\/media\/151317"}],"wp:attachment":[{"href":"https:\/\/baldumarket.lt\/lt\/wp-json\/wp\/v2\/media?parent=151258"}],"wp:term":[{"taxonomy":"product_brand","embeddable":true,"href":"https:\/\/baldumarket.lt\/lt\/wp-json\/wp\/v2\/product_brand?post=151258"},{"taxonomy":"product_cat","embeddable":true,"href":"https:\/\/baldumarket.lt\/lt\/wp-json\/wp\/v2\/product_cat?post=151258"},{"taxonomy":"product_tag","embeddable":true,"href":"https:\/\/baldumarket.lt\/lt\/wp-json\/wp\/v2\/product_tag?post=151258"}],"curies":[{"name":"wp","href":"https:\/\/api.w.org\/{rel}","templated":true}]}}