{"id":151248,"date":"2025-12-18T05:16:20","date_gmt":"2025-12-18T02:16:20","guid":{"rendered":"https:\/\/baldumarket.lt\/?post_type=product&#038;p=151248"},"modified":"2026-02-03T23:34:15","modified_gmt":"2026-02-03T20:34:15","slug":"lozko-tapicerowane-tessina-140x200-gr1","status":"publish","type":"product","link":"https:\/\/baldumarket.lt\/lt\/product\/lozko-tapicerowane-tessina-140x200-gr1\/","title":{"rendered":"Mink\u0161ta lova Tessina 140&#215;200 Gr1"},"content":{"rendered":"<h5><span style=\"color: #54859b\">Apsilankykite m\u016bs\u0173 virtualioje WERSAL prek\u0117s \u017eenklo parduotuv\u0117je<\/span><\/h5>\n<p> <a href=\"https:\/\/my.matterport.com\/show\/?m=SjRhosZFbQJ\" target=\"_blank\" rel=\"noopener\"><span style=\"color: #e47025\">https:\/\/my.matterport.com\/<\/span><\/a><\/p>\n<p>Kompakti\u0161ko 140 \u00d7 200 cm dyd\u017eio mink\u0161ta lova \u201eTessina\u201c \u2013 puikus pasirinkimas ma\u017eesn\u0117ms erdv\u0117ms, neprarandant prabangos ir komforto.<\/p>\n<p>Sukurtas atsi\u017evelgiant \u012f ergonomik\u0105 ir estetik\u0105, jis suteikia erdv\u0119 poilsiui, kuri yra ne tik patogi, bet ir gra\u017ei. \u012evair\u016bs atspalviai leid\u017eia suasmeninti miegam\u0105j\u012f pagal individualius pageidavimus, o ypatingas d\u0117mesys detal\u0117ms, tokioms kaip rafinuotas galv\u016bgalis, u\u017etikrina, kad kiekviena detal\u0117 b\u016bt\u0173 savo vietoje.<\/p>","protected":false},"excerpt":{"rendered":"<p>Plotis: 155 cm<br \/>\n\u016agis: 106 cm<br \/>\nGylis: 220 cm<br \/>\nMiegamasis plotas: 140 \u00d7 200 cm<\/p>","protected":false},"featured_media":151310,"comment_status":"open","ping_status":"closed","template":"","meta":[],"product_brand":[],"product_cat":[9391,505,1970,4104],"product_tag":[],"class_list":{"0":"post-151248","1":"product","2":"type-product","3":"status-publish","4":"has-post-thumbnail","6":"product_cat-dream-wersal-upholstered-furniture","7":"product_cat-bedroom-beds","8":"product_cat-beds-140x200","9":"product_cat-wersal","11":"first","12":"instock","13":"shipping-taxable","14":"purchasable","15":"product-type-variable","16":"wvs-archive-product-wrapper"},"_links":{"self":[{"href":"https:\/\/baldumarket.lt\/lt\/wp-json\/wp\/v2\/product\/151248","targetHints":{"allow":["GET"]}}],"collection":[{"href":"https:\/\/baldumarket.lt\/lt\/wp-json\/wp\/v2\/product"}],"about":[{"href":"https:\/\/baldumarket.lt\/lt\/wp-json\/wp\/v2\/types\/product"}],"replies":[{"embeddable":true,"href":"https:\/\/baldumarket.lt\/lt\/wp-json\/wp\/v2\/comments?post=151248"}],"wp:featuredmedia":[{"embeddable":true,"href":"https:\/\/baldumarket.lt\/lt\/wp-json\/wp\/v2\/media\/151310"}],"wp:attachment":[{"href":"https:\/\/baldumarket.lt\/lt\/wp-json\/wp\/v2\/media?parent=151248"}],"wp:term":[{"taxonomy":"product_brand","embeddable":true,"href":"https:\/\/baldumarket.lt\/lt\/wp-json\/wp\/v2\/product_brand?post=151248"},{"taxonomy":"product_cat","embeddable":true,"href":"https:\/\/baldumarket.lt\/lt\/wp-json\/wp\/v2\/product_cat?post=151248"},{"taxonomy":"product_tag","embeddable":true,"href":"https:\/\/baldumarket.lt\/lt\/wp-json\/wp\/v2\/product_tag?post=151248"}],"curies":[{"name":"wp","href":"https:\/\/api.w.org\/{rel}","templated":true}]}}