{"id":151233,"date":"2025-12-18T05:15:51","date_gmt":"2025-12-18T02:15:51","guid":{"rendered":"https:\/\/baldumarket.lt\/?post_type=product&#038;p=151233"},"modified":"2026-02-03T23:34:15","modified_gmt":"2026-02-03T20:34:15","slug":"lozko-tapicerowane-naomi-160x200-gr1","status":"publish","type":"product","link":"https:\/\/baldumarket.lt\/lt\/product\/lozko-tapicerowane-naomi-160x200-gr1\/","title":{"rendered":"Naomi mink\u0161ta lova 160&#215;200 Gr1"},"content":{"rendered":"<h5><span style=\"color: #54859b\">Apsilankykite m\u016bs\u0173 virtualioje WERSAL prek\u0117s \u017eenklo parduotuv\u0117je<\/span><\/h5>\n<p> <a href=\"https:\/\/my.matterport.com\/show\/?m=SjRhosZFbQJ\" target=\"_blank\" rel=\"noopener\"><span style=\"color: #e47025\">https:\/\/my.matterport.com\/<\/span><\/a><\/p>\n<p>Sveiki atvyk\u0119 \u012f komforto ir elegancijos pasaul\u012f su mink\u0161ta \u201eNaomi\u201c lova,<\/p>\n<p>160 \u00d7 200 cm dyd\u017eio. Pasiruo\u0161kite unikaliai patir\u010diai \u2013<\/p>\n<p>mink\u0161tas, kont\u016bruotas galv\u016bgalis, kuris ne tik tarnauja kaip dekoratyvinis elementas<\/p>\n<p>ne tik j\u016bs\u0173 miegamajam, bet ir \u017eada atram\u0105 bei komfort\u0105 ryte<\/p>\n<p>akimirkos su kava ar vakaro poilsis. I\u0161skirtinai apdirbta ir prieinama<\/p>\n<p>Platus spalv\u0173 pasirinkimas, \u201eNaomi\u201c lova yra prabangos ir<\/p>\n<p>funkcionalumas, kai tokios detal\u0117s kaip subtilios si\u016bl\u0117s tampa<\/p>\n<p>dizaino pagrindinis akcentas.<\/p>","protected":false},"excerpt":{"rendered":"<p>Plotis: 178 cm<br \/>\n\u016agis: 106 cm<br \/>\nGylis: 222 cm<br \/>\nMiegamoji erdv\u0117: 160 \u00d7 200 cm<\/p>","protected":false},"featured_media":151296,"comment_status":"open","ping_status":"closed","template":"","meta":[],"product_brand":[],"product_cat":[9391,505,1971,4104],"product_tag":[],"class_list":{"0":"post-151233","1":"product","2":"type-product","3":"status-publish","4":"has-post-thumbnail","6":"product_cat-dream-wersal-upholstered-furniture","7":"product_cat-bedroom-beds","8":"product_cat-beds-160x200","9":"product_cat-wersal","11":"first","12":"instock","13":"shipping-taxable","14":"purchasable","15":"product-type-variable","16":"wvs-archive-product-wrapper"},"_links":{"self":[{"href":"https:\/\/baldumarket.lt\/lt\/wp-json\/wp\/v2\/product\/151233","targetHints":{"allow":["GET"]}}],"collection":[{"href":"https:\/\/baldumarket.lt\/lt\/wp-json\/wp\/v2\/product"}],"about":[{"href":"https:\/\/baldumarket.lt\/lt\/wp-json\/wp\/v2\/types\/product"}],"replies":[{"embeddable":true,"href":"https:\/\/baldumarket.lt\/lt\/wp-json\/wp\/v2\/comments?post=151233"}],"wp:featuredmedia":[{"embeddable":true,"href":"https:\/\/baldumarket.lt\/lt\/wp-json\/wp\/v2\/media\/151296"}],"wp:attachment":[{"href":"https:\/\/baldumarket.lt\/lt\/wp-json\/wp\/v2\/media?parent=151233"}],"wp:term":[{"taxonomy":"product_brand","embeddable":true,"href":"https:\/\/baldumarket.lt\/lt\/wp-json\/wp\/v2\/product_brand?post=151233"},{"taxonomy":"product_cat","embeddable":true,"href":"https:\/\/baldumarket.lt\/lt\/wp-json\/wp\/v2\/product_cat?post=151233"},{"taxonomy":"product_tag","embeddable":true,"href":"https:\/\/baldumarket.lt\/lt\/wp-json\/wp\/v2\/product_tag?post=151233"}],"curies":[{"name":"wp","href":"https:\/\/api.w.org\/{rel}","templated":true}]}}