{"id":151231,"date":"2025-12-18T05:15:50","date_gmt":"2025-12-18T02:15:50","guid":{"rendered":"https:\/\/baldumarket.lt\/?post_type=product&#038;p=151231"},"modified":"2026-02-03T23:34:15","modified_gmt":"2026-02-03T20:34:15","slug":"lozko-tapicerowane-naomi-140x200-gr1","status":"publish","type":"product","link":"https:\/\/baldumarket.lt\/lt\/product\/lozko-tapicerowane-naomi-140x200-gr1\/","title":{"rendered":"Naomi mink\u0161ta lova 140\u00d7200 Gr1"},"content":{"rendered":"<h5><span style=\"color: #54859b\">Apsilankykite m\u016bs\u0173 virtualioje WERSAL prek\u0117s \u017eenklo parduotuv\u0117je<\/span><\/h5>\n<p> <a href=\"https:\/\/my.matterport.com\/show\/?m=SjRhosZFbQJ\" target=\"_blank\" rel=\"noopener\"><span style=\"color: #e47025\">https:\/\/my.matterport.com\/<\/span><\/a><\/p>\n<p>\u201eNaomi\u201c mink\u0161ta lova, kurios matmenys 140 \u00d7 200 cm, yra puikus sprendimas.<br \/>\nie\u0161kantiems kompakti\u0161ko baldo, neaukojant stiliaus ir patogumo. Galima rinktis i\u0161 \u012fvairi\u0173 atspalvi\u0173, tod\u0117l galite suasmeninti i\u0161vaizd\u0105.<br \/>\npagal j\u016bs\u0173 asmeninius pageidavimus. Subtiliais dygsniais dekoruotas galv\u016bgalis ne tik pagerina vaizd\u0105, bet ir suteikia komforto.<br \/>\nilsintis, sukuriant jauki\u0105 ramyb\u0117s oaz\u0119 bet kuriame miegamajame.<\/p>","protected":false},"excerpt":{"rendered":"<p>Plotis: 158 cm<br \/>\n\u016agis: 106 cm<br \/>\nGylis: 222 cm<br \/>\nMiegamasis plotas: 140 \u00d7 200 cm<\/p>","protected":false},"featured_media":151287,"comment_status":"open","ping_status":"closed","template":"","meta":[],"product_brand":[],"product_cat":[9391,505,1970,4104],"product_tag":[],"class_list":{"0":"post-151231","1":"product","2":"type-product","3":"status-publish","4":"has-post-thumbnail","6":"product_cat-dream-wersal-upholstered-furniture","7":"product_cat-bedroom-beds","8":"product_cat-beds-140x200","9":"product_cat-wersal","11":"first","12":"instock","13":"shipping-taxable","14":"purchasable","15":"product-type-variable","16":"wvs-archive-product-wrapper"},"_links":{"self":[{"href":"https:\/\/baldumarket.lt\/lt\/wp-json\/wp\/v2\/product\/151231","targetHints":{"allow":["GET"]}}],"collection":[{"href":"https:\/\/baldumarket.lt\/lt\/wp-json\/wp\/v2\/product"}],"about":[{"href":"https:\/\/baldumarket.lt\/lt\/wp-json\/wp\/v2\/types\/product"}],"replies":[{"embeddable":true,"href":"https:\/\/baldumarket.lt\/lt\/wp-json\/wp\/v2\/comments?post=151231"}],"wp:featuredmedia":[{"embeddable":true,"href":"https:\/\/baldumarket.lt\/lt\/wp-json\/wp\/v2\/media\/151287"}],"wp:attachment":[{"href":"https:\/\/baldumarket.lt\/lt\/wp-json\/wp\/v2\/media?parent=151231"}],"wp:term":[{"taxonomy":"product_brand","embeddable":true,"href":"https:\/\/baldumarket.lt\/lt\/wp-json\/wp\/v2\/product_brand?post=151231"},{"taxonomy":"product_cat","embeddable":true,"href":"https:\/\/baldumarket.lt\/lt\/wp-json\/wp\/v2\/product_cat?post=151231"},{"taxonomy":"product_tag","embeddable":true,"href":"https:\/\/baldumarket.lt\/lt\/wp-json\/wp\/v2\/product_tag?post=151231"}],"curies":[{"name":"wp","href":"https:\/\/api.w.org\/{rel}","templated":true}]}}