{"id":151181,"date":"2025-12-18T05:14:22","date_gmt":"2025-12-18T02:14:22","guid":{"rendered":"https:\/\/baldumarket.lt\/?post_type=product&#038;p=151181"},"modified":"2026-02-03T23:34:16","modified_gmt":"2026-02-03T20:34:16","slug":"lozko-tapicerowane-selene-160x200-gr1","status":"publish","type":"product","link":"https:\/\/baldumarket.lt\/lt\/product\/lozko-tapicerowane-selene-160x200-gr1\/","title":{"rendered":"Selene mink\u0161ta lova 160\u00d7200 Gr1"},"content":{"rendered":"<h5><span style=\"color: #54859b\">Apsilankykite m\u016bs\u0173 virtualioje WERSAL prek\u0117s \u017eenklo parduotuv\u0117je<\/span><\/h5>\n<p> <a href=\"https:\/\/my.matterport.com\/show\/?m=SjRhosZFbQJ\" target=\"_blank\" rel=\"noopener\"><span style=\"color: #e47025\">https:\/\/my.matterport.com\/<\/span><\/a><\/p>\n<p>\u201eSelene\u201c lova, kurios matmenys \u2013 160 \u00d7 200 cm, \u2013 puikus sprendimas poroms, kurios vertina erdv\u0119 ir komfort\u0105 bendraudamos naktimis. Rafinuotas apmu\u0161alas sukuria prabangos poj\u016bt\u012f, o tvirta konstrukcija garantuoja ilgaam\u017ei\u0161kum\u0105. \u012e kain\u0105 ne\u012fskai\u010diuotas \u010diu\u017einys, tod\u0117l galite individualiai pasirinkti lov\u0105, kad u\u017etikrintum\u0117te geriausi\u0105 miego komfort\u0105.<\/p>","protected":false},"excerpt":{"rendered":"<p>Plotis: 162 cm<br \/>\n\u016agis: 106 cm<br \/>\nGylis: 213 cm<br \/>\nMiegamoji erdv\u0117: 160 \u00d7 200 cm<\/p>","protected":false},"featured_media":151250,"comment_status":"open","ping_status":"closed","template":"","meta":[],"product_brand":[],"product_cat":[9391,505,1971,4104],"product_tag":[],"class_list":{"0":"post-151181","1":"product","2":"type-product","3":"status-publish","4":"has-post-thumbnail","6":"product_cat-dream-wersal-upholstered-furniture","7":"product_cat-bedroom-beds","8":"product_cat-beds-160x200","9":"product_cat-wersal","11":"first","12":"instock","13":"shipping-taxable","14":"purchasable","15":"product-type-variable","16":"wvs-archive-product-wrapper"},"_links":{"self":[{"href":"https:\/\/baldumarket.lt\/lt\/wp-json\/wp\/v2\/product\/151181","targetHints":{"allow":["GET"]}}],"collection":[{"href":"https:\/\/baldumarket.lt\/lt\/wp-json\/wp\/v2\/product"}],"about":[{"href":"https:\/\/baldumarket.lt\/lt\/wp-json\/wp\/v2\/types\/product"}],"replies":[{"embeddable":true,"href":"https:\/\/baldumarket.lt\/lt\/wp-json\/wp\/v2\/comments?post=151181"}],"wp:featuredmedia":[{"embeddable":true,"href":"https:\/\/baldumarket.lt\/lt\/wp-json\/wp\/v2\/media\/151250"}],"wp:attachment":[{"href":"https:\/\/baldumarket.lt\/lt\/wp-json\/wp\/v2\/media?parent=151181"}],"wp:term":[{"taxonomy":"product_brand","embeddable":true,"href":"https:\/\/baldumarket.lt\/lt\/wp-json\/wp\/v2\/product_brand?post=151181"},{"taxonomy":"product_cat","embeddable":true,"href":"https:\/\/baldumarket.lt\/lt\/wp-json\/wp\/v2\/product_cat?post=151181"},{"taxonomy":"product_tag","embeddable":true,"href":"https:\/\/baldumarket.lt\/lt\/wp-json\/wp\/v2\/product_tag?post=151181"}],"curies":[{"name":"wp","href":"https:\/\/api.w.org\/{rel}","templated":true}]}}